{"id":121592,"date":"2026-02-18T11:59:34","date_gmt":"2026-02-18T11:59:34","guid":{"rendered":"https:\/\/modesthanim.com\/product\/yenidogan-erkek-bebek-salopet-tshirt-2li-takim-bisiklet-yaka-kisa-kol-ekru\/"},"modified":"2026-03-03T11:01:24","modified_gmt":"2026-03-03T11:01:24","slug":"yenidogan-erkek-bebek-salopet-tshirt-2li-takim-bisiklet-yaka-kisa-kol-ekru","status":"publish","type":"product","link":"http:\/\/mod.wisdar.net\/tr\/urun\/yenidogan-erkek-bebek-salopet-tshirt-2li-takim-bisiklet-yaka-kisa-kol-ekru\/","title":{"rendered":"Yenido\u011fan Erkek Bebek Salopet-Tshirt 2li Tak\u0131m Bisiklet Yaka K\u0131sa Kol Ekru"},"content":{"rendered":"<p>Bebbek Erkek Salopet-Tshirt, Ekru, 3 Ay<\/p>\n<p>\u00dcr\u00fcn Grubu: \u015eort Salopet-Tshirt<br \/>\nKullan\u0131m Tipi: G\u00fcnl\u00fck Kullan\u0131m<br \/>\nKal\u0131p: Normal Kal\u0131p<br \/>\nKuma\u015f: Salopet : %100 Pamuk<br \/>\nYumu\u015fak kuma\u015f dokusu ve rahat kal\u0131ba sahiptir.<br \/>\n30 derecede y\u0131kanabilir.<\/p>\n<p>G\u00dcVENLE G\u0130YD\u0130R\u0130N! ebebek tekstil \u00fcr\u00fcnleri bebe\u011finizin g\u00fcvenli\u011fi i\u00e7in kimyasal i\u00e7eriklere kar\u015f\u0131 test edilmi\u015ftir. Bebe\u011finiz i\u00e7in risk olu\u015fturabilecek yutulabilir k\u00fc\u00e7\u00fck par\u00e7alar ve keskin kenarl\u0131 materyaller kullan\u0131lmamaktad\u0131r. Kullan\u0131m s\u0131ras\u0131nda tehlikeli olabilecek uzunlukta ba\u011fc\u0131k ve kordonlar kullan\u0131lmamaktad\u0131r.<\/p>\n<p>\u00dcr\u00fcn \u00d6zellikleri:<br \/>\n\u2013 \u00dcr\u00fcn Grubu: SLP-Salopet-Tshirt<br \/>\n\u2013 Cinsiyet: E<br \/>\n\u2013 Malzeme T\u00fcr\u00fc: \u00d6rme<\/p>\n<p>\u2014 Technical Details \u2014<br \/>\npattern: Yenido\u011fan Tak\u0131m<br \/>\ngender: E<br \/>\nmaterial_type: \u00d6rme<br \/>\nproduct_group: SLP-Salopet-Tshirt<br \/>\nusage_type: G\u00fcnl\u00fck Kullan\u0131m<br \/>\nfit: Normal Kal\u0131p<br \/>\nwashing_instructions: 30 derecede y\u0131kanabilir<\/p>\n","protected":false},"excerpt":{"rendered":"<p>Bebbek Erkek Salopet-Tshirt, Ekru, 3 Ay \u00dcr\u00fcn Grubu: \u015eort Salopet-Tshirt Kullan\u0131m Tipi: G\u00fcnl\u00fck Kullan\u0131m Kal\u0131p: Normal Kal\u0131p Kuma\u015f: Salopet : %100 Pamuk Yumu\u015fak kuma\u015f dokusu ve rahat kal\u0131ba sahiptir. 30 derecede y\u0131kanabilir. G\u00dcVENLE G\u0130YD\u0130R\u0130N! ebebek tekstil \u00fcr\u00fcnleri bebe\u011finizin g\u00fcvenli\u011fi i\u00e7in kimyasal i\u00e7eriklere kar\u015f\u0131 test edilmi\u015ftir. Bebe\u011finiz i\u00e7in risk olu\u015fturabilecek yutulabilir k\u00fc\u00e7\u00fck par\u00e7alar ve keskin kenarl\u0131 [&hellip;]<\/p>\n","protected":false},"featured_media":121585,"comment_status":"open","ping_status":"closed","template":"","meta":[],"product_brand":[],"product_cat":[8694,8706,8697],"product_tag":[6757,7354,7488],"class_list":{"0":"post-121592","1":"product","2":"type-product","3":"status-publish","4":"has-post-thumbnail","6":"product_cat-cocuklar","7":"product_cat-tulum","8":"product_cat-yenidogan-0-12-ay","9":"product_tag-ekru","10":"product_tag-gunluk-giyim-2","11":"product_tag-pamuk","12":"pa_color-ekru","13":"pa_size-1-yas","14":"pa_size-3-ay","15":"pa_size-6-ay","16":"pa_size-9-ay","18":"first","19":"instock","20":"sale","21":"shipping-taxable","22":"purchasable","23":"product-type-variable"},"_links":{"self":[{"href":"http:\/\/mod.wisdar.net\/tr\/wp-json\/wp\/v2\/product\/121592","targetHints":{"allow":["GET"]}}],"collection":[{"href":"http:\/\/mod.wisdar.net\/tr\/wp-json\/wp\/v2\/product"}],"about":[{"href":"http:\/\/mod.wisdar.net\/tr\/wp-json\/wp\/v2\/types\/product"}],"replies":[{"embeddable":true,"href":"http:\/\/mod.wisdar.net\/tr\/wp-json\/wp\/v2\/comments?post=121592"}],"wp:featuredmedia":[{"embeddable":true,"href":"http:\/\/mod.wisdar.net\/tr\/wp-json\/wp\/v2\/media\/121585"}],"wp:attachment":[{"href":"http:\/\/mod.wisdar.net\/tr\/wp-json\/wp\/v2\/media?parent=121592"}],"wp:term":[{"taxonomy":"product_brand","embeddable":true,"href":"http:\/\/mod.wisdar.net\/tr\/wp-json\/wp\/v2\/product_brand?post=121592"},{"taxonomy":"product_cat","embeddable":true,"href":"http:\/\/mod.wisdar.net\/tr\/wp-json\/wp\/v2\/product_cat?post=121592"},{"taxonomy":"product_tag","embeddable":true,"href":"http:\/\/mod.wisdar.net\/tr\/wp-json\/wp\/v2\/product_tag?post=121592"}],"curies":[{"name":"wp","href":"https:\/\/api.w.org\/{rel}","templated":true}]}}