{"id":121634,"date":"2026-02-18T12:00:29","date_gmt":"2026-02-18T12:00:29","guid":{"rendered":"https:\/\/modesthanim.com\/product\/kiz-bebek-patikli-tulum-kadife-modelli-yaka-patiksiz-paca-uzun-kol-gul-kurusu\/"},"modified":"2026-04-15T21:16:04","modified_gmt":"2026-04-15T21:16:04","slug":"kiz-bebek-patikli-tulum-kadife-modelli-yaka-patiksiz-paca-uzun-kol-gul-kurusu","status":"publish","type":"product","link":"http:\/\/mod.wisdar.net\/tr\/urun\/kiz-bebek-patikli-tulum-kadife-modelli-yaka-patiksiz-paca-uzun-kol-gul-kurusu\/","title":{"rendered":"K\u0131z Bebek Patikli Tulum Kadife Modelli Yaka Patiksiz Pa\u00e7a Uzun Kol G\u00fcl Kurusu"},"content":{"rendered":"<p>Cassiope Yenido\u011fa, G\u00fcl Kurusu, Yenido\u011fan<\/p>\n<p>\u00dcr\u00fcn Grubu: Bebek Tulum<br \/>\nYaka Tipi: Modelli Yaka<br \/>\nKol Tipi: Uzun Kol<br \/>\nPa\u00e7a Tipi: Patiksiz<br \/>\nSezon: Sonbahar-K\u0131\u015f<br \/>\nKullan\u0131m Tipi: G\u00fcnl\u00fck Kullan\u0131m<br \/>\nKal\u0131p: Normal Kal\u0131p<br \/>\nKuma\u015f: Ana Kuma\u015f %80 Pamuk %17 Polyester %3 Elastan<br \/>\nYumu\u015fak kuma\u015f dokusu ve rahat kal\u0131ba sahiptir.<br \/>\n30 derecede y\u0131kanabilir.<\/p>\n<p>G\u00dcVENLE G\u0130YD\u0130R\u0130N! ebebek tekstil \u00fcr\u00fcnleri bebe\u011finizin g\u00fcvenli\u011fi i\u00e7in kimyasal i\u00e7eriklere kar\u015f\u0131 test edilmi\u015ftir. Bebe\u011finiz i\u00e7in risk olu\u015fturabilecek yutulabilir k\u00fc\u00e7\u00fck par\u00e7alar ve keskin kenarl\u0131 materyaller kullan\u0131lmamaktad\u0131r. Kullan\u0131m s\u0131ras\u0131nda tehlikeli olabilecek uzunlukta ba\u011fc\u0131k ve kordonlar kullan\u0131lmamaktad\u0131r.<\/p>\n<p>\u2014 Technical Details \u2014<br \/>\npattern: Yenido\u011fan Tulum<br \/>\ngender: K<br \/>\nmaterial_type: \u00d6rme<br \/>\ncollar_type: Modelli Yaka<br \/>\norigin: T\u00fcrkiye<br \/>\nseason: Sonbahar-K\u0131\u015f<br \/>\nusage_type: G\u00fcnl\u00fck Kullan\u0131m<br \/>\nfit: Normal Kal\u0131p<br \/>\nproduct_group: TLM-Kadife Patikli Tulum<br \/>\nsleeve_type: Uzun Kol<br \/>\nleg_type: Patiksiz<\/p>\n","protected":false},"excerpt":{"rendered":"<p>Cassiope Yenido\u011fa, G\u00fcl Kurusu, Yenido\u011fan \u00dcr\u00fcn Grubu: Bebek Tulum Yaka Tipi: Modelli Yaka Kol Tipi: Uzun Kol Pa\u00e7a Tipi: Patiksiz Sezon: Sonbahar-K\u0131\u015f Kullan\u0131m Tipi: G\u00fcnl\u00fck Kullan\u0131m Kal\u0131p: Normal Kal\u0131p Kuma\u015f: Ana Kuma\u015f %80 Pamuk %17 Polyester %3 Elastan Yumu\u015fak kuma\u015f dokusu ve rahat kal\u0131ba sahiptir. 30 derecede y\u0131kanabilir. G\u00dcVENLE G\u0130YD\u0130R\u0130N! ebebek tekstil \u00fcr\u00fcnleri bebe\u011finizin g\u00fcvenli\u011fi [&hellip;]<\/p>\n","protected":false},"featured_media":121624,"comment_status":"open","ping_status":"closed","template":"","meta":[],"product_brand":[],"product_cat":[8694,8706,8697],"product_tag":[9775,8976,9757,8867,9776,9777,9774],"class_list":{"0":"post-121634","1":"product","2":"type-product","3":"status-publish","4":"has-post-thumbnail","6":"product_cat-cocuklar","7":"product_cat-tulum","8":"product_cat-yenidogan-0-12-ay","9":"product_tag-autumn-winter-babywear","10":"product_tag-baby-girl-romper","11":"product_tag-footless-romper","12":"product_tag-newborn-clothing","13":"product_tag-patterned-collar","14":"product_tag-rose-quartz-baby-clothes","15":"product_tag-velvet-footed-romper","16":"pa_brand-cassiope","17":"pa_color-bej","18":"pa_color-beyaz-baskili","19":"pa_color-lacivert","20":"pa_color-mavi","21":"pa_color-pembe","22":"pa_size-0-1-ay-2","23":"pa_size-3-ay","24":"pa_size-6-ay","25":"pa_size-9-ay","26":"pa_size-yenidogan","28":"first","29":"outofstock","30":"shipping-taxable","31":"product-type-variable"},"_links":{"self":[{"href":"http:\/\/mod.wisdar.net\/tr\/wp-json\/wp\/v2\/product\/121634","targetHints":{"allow":["GET"]}}],"collection":[{"href":"http:\/\/mod.wisdar.net\/tr\/wp-json\/wp\/v2\/product"}],"about":[{"href":"http:\/\/mod.wisdar.net\/tr\/wp-json\/wp\/v2\/types\/product"}],"replies":[{"embeddable":true,"href":"http:\/\/mod.wisdar.net\/tr\/wp-json\/wp\/v2\/comments?post=121634"}],"wp:featuredmedia":[{"embeddable":true,"href":"http:\/\/mod.wisdar.net\/tr\/wp-json\/wp\/v2\/media\/121624"}],"wp:attachment":[{"href":"http:\/\/mod.wisdar.net\/tr\/wp-json\/wp\/v2\/media?parent=121634"}],"wp:term":[{"taxonomy":"product_brand","embeddable":true,"href":"http:\/\/mod.wisdar.net\/tr\/wp-json\/wp\/v2\/product_brand?post=121634"},{"taxonomy":"product_cat","embeddable":true,"href":"http:\/\/mod.wisdar.net\/tr\/wp-json\/wp\/v2\/product_cat?post=121634"},{"taxonomy":"product_tag","embeddable":true,"href":"http:\/\/mod.wisdar.net\/tr\/wp-json\/wp\/v2\/product_tag?post=121634"}],"curies":[{"name":"wp","href":"https:\/\/api.w.org\/{rel}","templated":true}]}}