{"id":123461,"date":"2026-02-18T17:45:04","date_gmt":"2026-02-18T17:45:04","guid":{"rendered":"https:\/\/modesthanim.com\/product\/haki-beli-lastikli-erkek-cocuk-jogger-pantolon\/"},"modified":"2026-04-15T21:29:01","modified_gmt":"2026-04-15T21:29:01","slug":"haki-beli-lastikli-erkek-cocuk-jogger-pantolon","status":"publish","type":"product","link":"http:\/\/mod.wisdar.net\/tr\/urun\/haki-beli-lastikli-erkek-cocuk-jogger-pantolon\/","title":{"rendered":"Haki Beli Lastikli Erkek \u00c7ocuk Jogger Pantolon"},"content":{"rendered":"<p>LCW Kids Haki Beli Lastikli Erkek \u00c7ocuk Jogger Pantolon size \u00f6zel indirim, taksit ve kap\u0131da \u00f6deme avantajlar\u0131yla LCW&#8217;de! Hemen online al\u0131\u015fveri\u015f yap, \u00fcr\u00fcn kap\u0131na gelsin! \u2013 S51150Z4-HCZ<\/p>\n<p>\u2014 Technical Details \u2014<br \/>\nMen\u015fei: Banglade\u015f,Turk\u0131ye<br \/>\nSat\u0131c\u0131: LC Waikiki<br \/>\nMarka: LCW Kids<br \/>\n\u00dcr\u00fcn Tipi: Pantolon<br \/>\nCinsiyet: Erkek \u00c7ocuk<br \/>\nKal\u0131p: Standart &amp; Regular<br \/>\nKuma\u015f: Kanvas<br \/>\nBel Fiti: Beli Lastikli<br \/>\nDesen: D\u00fcz<br \/>\nPa\u00e7a Fiti: Lastikli Pa\u00e7a<br \/>\nKal\u0131nl\u0131k: Orta Kal\u0131nl\u0131k<br \/>\nMalzeme: %100 Pamuk<br \/>\nAstar Detay: Astars\u0131z<\/p>\n","protected":false},"excerpt":{"rendered":"<p>LCW Kids Haki Beli Lastikli Erkek \u00c7ocuk Jogger Pantolon size \u00f6zel indirim, taksit ve kap\u0131da \u00f6deme avantajlar\u0131yla LCW&#8217;de! Hemen online al\u0131\u015fveri\u015f yap, \u00fcr\u00fcn kap\u0131na gelsin! \u2013 S51150Z4-HCZ \u2014 Technical Details \u2014 Men\u015fei: Banglade\u015f,Turk\u0131ye Sat\u0131c\u0131: LC Waikiki Marka: LCW Kids \u00dcr\u00fcn Tipi: Pantolon Cinsiyet: Erkek \u00c7ocuk Kal\u0131p: Standart &amp; Regular Kuma\u015f: Kanvas Bel Fiti: Beli Lastikli [&hellip;]<\/p>\n","protected":false},"featured_media":123458,"comment_status":"open","ping_status":"closed","template":"","meta":[],"product_brand":[],"product_cat":[8739,8694,8748],"product_tag":[9810,9212,6194,9433,9811,9005,8906],"class_list":{"0":"post-123461","1":"product","2":"type-product","3":"status-publish","4":"has-post-thumbnail","6":"product_cat-erkek-cocuklar-2-14-yas","7":"product_cat-cocuklar","8":"product_cat-pantolonlar-sortlar","9":"product_tag-boys-jogger-pants","10":"product_tag-childrens-fashion","11":"product_tag-cotton-pants","12":"product_tag-elastic-waist-pants","13":"product_tag-khaki-pants","14":"product_tag-kids-clothing","15":"product_tag-lcw-kids","16":"pa_brand-lcw-kids","17":"pa_color-haki","18":"pa_size-10-11-yas","19":"pa_size-11-12-yas","20":"pa_size-12-13-yas","21":"pa_size-13-14-yas","22":"pa_size-5-6-yas","23":"pa_size-6-7-yas","24":"pa_size-7-8-yas","25":"pa_size-8-9-yas","26":"pa_size-9-10-yas","28":"first","29":"instock","30":"sale","31":"shipping-taxable","32":"purchasable","33":"product-type-variable"},"_links":{"self":[{"href":"http:\/\/mod.wisdar.net\/tr\/wp-json\/wp\/v2\/product\/123461","targetHints":{"allow":["GET"]}}],"collection":[{"href":"http:\/\/mod.wisdar.net\/tr\/wp-json\/wp\/v2\/product"}],"about":[{"href":"http:\/\/mod.wisdar.net\/tr\/wp-json\/wp\/v2\/types\/product"}],"replies":[{"embeddable":true,"href":"http:\/\/mod.wisdar.net\/tr\/wp-json\/wp\/v2\/comments?post=123461"}],"wp:featuredmedia":[{"embeddable":true,"href":"http:\/\/mod.wisdar.net\/tr\/wp-json\/wp\/v2\/media\/123458"}],"wp:attachment":[{"href":"http:\/\/mod.wisdar.net\/tr\/wp-json\/wp\/v2\/media?parent=123461"}],"wp:term":[{"taxonomy":"product_brand","embeddable":true,"href":"http:\/\/mod.wisdar.net\/tr\/wp-json\/wp\/v2\/product_brand?post=123461"},{"taxonomy":"product_cat","embeddable":true,"href":"http:\/\/mod.wisdar.net\/tr\/wp-json\/wp\/v2\/product_cat?post=123461"},{"taxonomy":"product_tag","embeddable":true,"href":"http:\/\/mod.wisdar.net\/tr\/wp-json\/wp\/v2\/product_tag?post=123461"}],"curies":[{"name":"wp","href":"https:\/\/api.w.org\/{rel}","templated":true}]}}