{"id":123487,"date":"2026-02-18T17:45:13","date_gmt":"2026-02-18T17:45:13","guid":{"rendered":"https:\/\/modesthanim.com\/product\/siyah-beli-lastikli-erkek-cocuk-jogger-pantolon\/"},"modified":"2026-04-06T03:10:40","modified_gmt":"2026-04-06T03:10:40","slug":"siyah-beli-lastikli-erkek-cocuk-jogger-pantolon","status":"publish","type":"product","link":"http:\/\/mod.wisdar.net\/tr\/urun\/siyah-beli-lastikli-erkek-cocuk-jogger-pantolon\/","title":{"rendered":"Siyah Beli Lastikli Erkek \u00c7ocuk Jogger Pantolon"},"content":{"rendered":"<p>LCW Kids Siyah Beli Lastikli Erkek \u00c7ocuk Jogger Pantolon, LCW&#8217;de size \u00f6zel indirim, taksit ve kap\u0131da \u00f6deme avantajlar\u0131yla! Hemen online al\u0131\u015fveri\u015f yap\u0131n, \u00fcr\u00fcn kap\u0131n\u0131za gelsin! \u2013 S51150Z4-RQL<\/p>\n<p>\u2014 Teknik Detaylar \u2014<br \/>\nMen\u015fei: Banglade\u015f, T\u00fcrkiye<br \/>\nSat\u0131c\u0131: LC Waikiki<br \/>\nMarka: LCW Kids<br \/>\n\u00dcr\u00fcn Tipi: Pantolon<br \/>\nCinsiyet: Erkek \u00c7ocuk<br \/>\nKal\u0131p: Standart &amp; Regular<br \/>\nKuma\u015f: Kanvas<br \/>\nBel Fiti: Beli Lastikli<br \/>\nDesen: D\u00fcz<br \/>\nPa\u00e7a Fiti: Lastikli Pa\u00e7a<br \/>\nKal\u0131nl\u0131k: Orta Kal\u0131nl\u0131k<br \/>\nMalzeme: %100 Pamuk<br \/>\nAstar Detay: Astars\u0131z<\/p>\n","protected":false},"excerpt":{"rendered":"<p>LCW Kids Siyah Beli Lastikli Erkek \u00c7ocuk Jogger Pantolon, LCW&#8217;de size \u00f6zel indirim, taksit ve kap\u0131da \u00f6deme avantajlar\u0131yla! Hemen online al\u0131\u015fveri\u015f yap\u0131n, \u00fcr\u00fcn kap\u0131n\u0131za gelsin! \u2013 S51150Z4-RQL \u2014 Teknik Detaylar \u2014 Men\u015fei: Banglade\u015f, T\u00fcrkiye Sat\u0131c\u0131: LC Waikiki Marka: LCW Kids \u00dcr\u00fcn Tipi: Pantolon Cinsiyet: Erkek \u00c7ocuk Kal\u0131p: Standart &amp; Regular Kuma\u015f: Kanvas Bel Fiti: Beli [&hellip;]<\/p>\n","protected":false},"featured_media":123475,"comment_status":"open","ping_status":"closed","template":"","meta":[],"product_brand":[],"product_cat":[8739,8694,8748],"product_tag":[],"class_list":{"0":"post-123487","1":"product","2":"type-product","3":"status-publish","4":"has-post-thumbnail","6":"product_cat-erkek-cocuklar-2-14-yas","7":"product_cat-cocuklar","8":"product_cat-pantolonlar-sortlar","9":"pa_brand-lcw-kids","10":"pa_color-siyah","11":"pa_size-10-11-yas","12":"pa_size-11-12-yas","13":"pa_size-12-13-yas","14":"pa_size-13-14-yas","15":"pa_size-5-6-yas","16":"pa_size-6-7-yas","17":"pa_size-7-8-yas","18":"pa_size-8-9-yas","19":"pa_size-9-10-yas","21":"first","22":"instock","23":"sale","24":"shipping-taxable","25":"purchasable","26":"product-type-variable"},"_links":{"self":[{"href":"http:\/\/mod.wisdar.net\/tr\/wp-json\/wp\/v2\/product\/123487","targetHints":{"allow":["GET"]}}],"collection":[{"href":"http:\/\/mod.wisdar.net\/tr\/wp-json\/wp\/v2\/product"}],"about":[{"href":"http:\/\/mod.wisdar.net\/tr\/wp-json\/wp\/v2\/types\/product"}],"replies":[{"embeddable":true,"href":"http:\/\/mod.wisdar.net\/tr\/wp-json\/wp\/v2\/comments?post=123487"}],"wp:featuredmedia":[{"embeddable":true,"href":"http:\/\/mod.wisdar.net\/tr\/wp-json\/wp\/v2\/media\/123475"}],"wp:attachment":[{"href":"http:\/\/mod.wisdar.net\/tr\/wp-json\/wp\/v2\/media?parent=123487"}],"wp:term":[{"taxonomy":"product_brand","embeddable":true,"href":"http:\/\/mod.wisdar.net\/tr\/wp-json\/wp\/v2\/product_brand?post=123487"},{"taxonomy":"product_cat","embeddable":true,"href":"http:\/\/mod.wisdar.net\/tr\/wp-json\/wp\/v2\/product_cat?post=123487"},{"taxonomy":"product_tag","embeddable":true,"href":"http:\/\/mod.wisdar.net\/tr\/wp-json\/wp\/v2\/product_tag?post=123487"}],"curies":[{"name":"wp","href":"https:\/\/api.w.org\/{rel}","templated":true}]}}