{"id":124255,"date":"2026-02-18T17:59:49","date_gmt":"2026-02-18T17:59:49","guid":{"rendered":"https:\/\/modesthanim.com\/product\/bej-paw-patrol-baskili-erkek-cocuk-tisort-2li\/"},"modified":"2026-04-13T03:40:50","modified_gmt":"2026-04-13T03:40:50","slug":"bej-paw-patrol-baskili-erkek-cocuk-tisort-2li","status":"publish","type":"product","link":"http:\/\/mod.wisdar.net\/tr\/urun\/bej-paw-patrol-baskili-erkek-cocuk-tisort-2li\/","title":{"rendered":"Bej Paw Patrol Bask\u0131l\u0131 Erkek \u00c7ocuk Ti\u015f\u00f6rt 2&#8217;li"},"content":{"rendered":"<p>LCW Kids Bej Paw Patrol Bask\u0131l\u0131 Erkek \u00c7ocuk Ti\u015f\u00f6rt 2&#8217;li size \u00f6zel indirim, taksit ve kap\u0131da \u00f6deme avantajlar\u0131yla LCW&#8217;de! Hemen online al\u0131\u015fveri\u015f yap, \u00fcr\u00fcn kap\u0131na gelsin! \u2013 S61684Z1-LQA<\/p>\n<p>\u2014 Technical Details \u2014<br \/>\nMen\u015fei: Hindistan,Turk\u0131ye<br \/>\nSat\u0131c\u0131: LC Waikiki<br \/>\nMarka: LCW Kids<br \/>\n\u00dcr\u00fcn Tipi: Ti\u015f\u00f6rt<br \/>\nCinsiyet: Erkek Bebek<br \/>\nKal\u0131p: Standart &amp; Regular<br \/>\nYaka: Bisiklet Yaka<br \/>\nDesen: \u00c7izgili<br \/>\nKuma\u015f: Penye<br \/>\nKal\u0131nl\u0131k: Orta Kal\u0131nl\u0131k<br \/>\nKol Boyu: Uzun Kollu<br \/>\nLisans: Paw Patrol<br \/>\nMalzeme: %100 Pamuk<br \/>\nPar\u00e7a Say\u0131s\u0131: 2 Par\u00e7a<br \/>\nPaket \u0130\u00e7eri\u011fi: 2&#8217;li Paket<\/p>\n","protected":false},"excerpt":{"rendered":"<p>LCW Kids Bej Paw Patrol Bask\u0131l\u0131 Erkek \u00c7ocuk Ti\u015f\u00f6rt 2&#8217;li size \u00f6zel indirim, taksit ve kap\u0131da \u00f6deme avantajlar\u0131yla LCW&#8217;de! Hemen online al\u0131\u015fveri\u015f yap, \u00fcr\u00fcn kap\u0131na gelsin! \u2013 S61684Z1-LQA \u2014 Technical Details \u2014 Men\u015fei: Hindistan,Turk\u0131ye Sat\u0131c\u0131: LC Waikiki Marka: LCW Kids \u00dcr\u00fcn Tipi: Ti\u015f\u00f6rt Cinsiyet: Erkek Bebek Kal\u0131p: Standart &amp; Regular Yaka: Bisiklet Yaka Desen: \u00c7izgili [&hellip;]<\/p>\n","protected":false},"featured_media":124236,"comment_status":"open","ping_status":"closed","template":"","meta":[],"product_brand":[],"product_cat":[8739,8694,8742],"product_tag":[6753,7912,7488],"class_list":{"0":"post-124255","1":"product","2":"type-product","3":"status-publish","4":"has-post-thumbnail","6":"product_cat-erkek-cocuklar-2-14-yas","7":"product_cat-cocuklar","8":"product_cat-tisortler-gomlekler","9":"product_tag-bej","10":"product_tag-cizgili","11":"product_tag-pamuk","12":"pa_brand-lcw-kids","13":"pa_color-acik-bej-baskili","14":"pa_size-1-2-yas","15":"pa_size-2-3-yas","16":"pa_size-3-4-yas","17":"pa_size-4-5-yas","18":"pa_size-5-6-yas","19":"pa_size-6-7-yas","20":"pa_size-7-8-yas","22":"first","23":"instock","24":"sale","25":"shipping-taxable","26":"purchasable","27":"product-type-variable"},"_links":{"self":[{"href":"http:\/\/mod.wisdar.net\/tr\/wp-json\/wp\/v2\/product\/124255","targetHints":{"allow":["GET"]}}],"collection":[{"href":"http:\/\/mod.wisdar.net\/tr\/wp-json\/wp\/v2\/product"}],"about":[{"href":"http:\/\/mod.wisdar.net\/tr\/wp-json\/wp\/v2\/types\/product"}],"replies":[{"embeddable":true,"href":"http:\/\/mod.wisdar.net\/tr\/wp-json\/wp\/v2\/comments?post=124255"}],"wp:featuredmedia":[{"embeddable":true,"href":"http:\/\/mod.wisdar.net\/tr\/wp-json\/wp\/v2\/media\/124236"}],"wp:attachment":[{"href":"http:\/\/mod.wisdar.net\/tr\/wp-json\/wp\/v2\/media?parent=124255"}],"wp:term":[{"taxonomy":"product_brand","embeddable":true,"href":"http:\/\/mod.wisdar.net\/tr\/wp-json\/wp\/v2\/product_brand?post=124255"},{"taxonomy":"product_cat","embeddable":true,"href":"http:\/\/mod.wisdar.net\/tr\/wp-json\/wp\/v2\/product_cat?post=124255"},{"taxonomy":"product_tag","embeddable":true,"href":"http:\/\/mod.wisdar.net\/tr\/wp-json\/wp\/v2\/product_tag?post=124255"}],"curies":[{"name":"wp","href":"https:\/\/api.w.org\/{rel}","templated":true}]}}