{"id":127347,"date":"2026-02-18T19:09:47","date_gmt":"2026-02-18T19:09:47","guid":{"rendered":"https:\/\/modesthanim.com\/product\/desenli-ve-pamuklu-elbise\/"},"modified":"2026-04-04T20:33:44","modified_gmt":"2026-04-04T20:33:44","slug":"desenli-ve-pamuklu-elbise","status":"publish","type":"product","link":"http:\/\/mod.wisdar.net\/tr\/urun\/desenli-ve-pamuklu-elbise\/","title":{"rendered":"Desenli ve Pamuklu Elbise"},"content":{"rendered":"<p>Pamuklu ve desenli yumu\u015fak jarseden, beli b\u00fczg\u00fcl\u00fc diki\u015fli, hafif klo\u015f etekli, kolsuz rahat elbise.<\/p>\n<p>\u2014 Technical Details \u2014<br \/>\nweight: 130 g<br \/>\ndescription: Beyaz\/Sar\u0131\/K\u0131rm\u0131z\u0131\/Turkuaz\/Turuncu\/Pembe, Desenli, Hearts<br \/>\nlength: Diz boyu<br \/>\nsleeve_length: Kolsuz<br \/>\ncut: Normal kesim<br \/>\nneck: Yuvarlak yakal\u0131<br \/>\nquantity: Tek<br \/>\nmaterial: Pamuk, Jarse<\/p>\n","protected":false},"excerpt":{"rendered":"<p>Pamuklu ve desenli yumu\u015fak jarseden, beli b\u00fczg\u00fcl\u00fc diki\u015fli, hafif klo\u015f etekli, kolsuz rahat elbise. \u2014 Technical Details \u2014 weight: 130 g description: Beyaz\/Sar\u0131\/K\u0131rm\u0131z\u0131\/Turkuaz\/Turuncu\/Pembe, Desenli, Hearts length: Diz boyu sleeve_length: Kolsuz cut: Normal kesim neck: Yuvarlak yakal\u0131 quantity: Tek material: Pamuk, Jarse<\/p>\n","protected":false},"featured_media":127345,"comment_status":"open","ping_status":"closed","template":"","meta":[],"product_brand":[],"product_cat":[8718,8715,8694],"product_tag":[7575,6744,6877],"class_list":{"0":"post-127347","1":"product","2":"type-product","3":"status-publish","4":"has-post-thumbnail","6":"product_cat-elbiseler-etekler","7":"product_cat-kiz-cocuklari-2-14-yas","8":"product_cat-cocuklar","9":"product_tag-gunluk-elbise","10":"product_tag-kadin-modasi","11":"product_tag-yaz-elbisesi","12":"pa_brand-hm","13":"pa_color-beyaz-kalpler","14":"pa_size-110-116-4-6y","15":"pa_size-122-128-6-8y","16":"pa_size-134-140-8-10y","17":"pa_size-92-1-2y","18":"pa_size-98-104-2-4y","20":"first","21":"outofstock","22":"shipping-taxable","23":"product-type-variable"},"_links":{"self":[{"href":"http:\/\/mod.wisdar.net\/tr\/wp-json\/wp\/v2\/product\/127347","targetHints":{"allow":["GET"]}}],"collection":[{"href":"http:\/\/mod.wisdar.net\/tr\/wp-json\/wp\/v2\/product"}],"about":[{"href":"http:\/\/mod.wisdar.net\/tr\/wp-json\/wp\/v2\/types\/product"}],"replies":[{"embeddable":true,"href":"http:\/\/mod.wisdar.net\/tr\/wp-json\/wp\/v2\/comments?post=127347"}],"wp:featuredmedia":[{"embeddable":true,"href":"http:\/\/mod.wisdar.net\/tr\/wp-json\/wp\/v2\/media\/127345"}],"wp:attachment":[{"href":"http:\/\/mod.wisdar.net\/tr\/wp-json\/wp\/v2\/media?parent=127347"}],"wp:term":[{"taxonomy":"product_brand","embeddable":true,"href":"http:\/\/mod.wisdar.net\/tr\/wp-json\/wp\/v2\/product_brand?post=127347"},{"taxonomy":"product_cat","embeddable":true,"href":"http:\/\/mod.wisdar.net\/tr\/wp-json\/wp\/v2\/product_cat?post=127347"},{"taxonomy":"product_tag","embeddable":true,"href":"http:\/\/mod.wisdar.net\/tr\/wp-json\/wp\/v2\/product_tag?post=127347"}],"curies":[{"name":"wp","href":"https:\/\/api.w.org\/{rel}","templated":true}]}}