{"id":127380,"date":"2026-02-18T19:11:30","date_gmt":"2026-02-18T19:11:30","guid":{"rendered":"https:\/\/modesthanim.com\/product\/kahverengi-erkek-bebek-desenli-patik-corap-5li\/"},"modified":"2026-04-07T02:31:27","modified_gmt":"2026-04-07T02:31:27","slug":"kahverengi-erkek-bebek-desenli-patik-corap-5li","status":"publish","type":"product","link":"http:\/\/mod.wisdar.net\/tr\/urun\/kahverengi-erkek-bebek-desenli-patik-corap-5li\/","title":{"rendered":"Kahverengi Erkek Bebek Desenli Patik \u00c7orap 5&#8217;li"},"content":{"rendered":"<p>LCW Kids Kahverengi Erkek Bebek Desenli Patik \u00c7orap 5&#8217;li, \u00f6zel indirim, taksit ve kap\u0131da \u00f6deme avantajlar\u0131yla LCW&#8217;de! Hemen online al\u0131\u015fveri\u015f yap\u0131n, \u00fcr\u00fcn kap\u0131n\u0131za gelsin! \u2013 S62231Z1-CSL<\/p>\n<p>\u2014 Teknik Detaylar \u2014<br \/>\nMen\u015fei: T\u00fcrkiye<br \/>\nSat\u0131c\u0131: LC Waikiki<br \/>\nMarka: LCW Kids<br \/>\n\u00dcr\u00fcn Tipi: Patik \u00c7orap<br \/>\nCinsiyet: Erkek Bebek<br \/>\nDesen: Desenli<br \/>\nPaket \u0130\u00e7eri\u011fi: 5&#8217;li Paket<br \/>\nMalzeme: Y\u00fcksek Pamuk \u0130\u00e7erir<br \/>\nPar\u00e7a Say\u0131s\u0131: 5 Par\u00e7a<\/p>\n","protected":false},"excerpt":{"rendered":"<p>LCW Kids Kahverengi Erkek Bebek Desenli Patik \u00c7orap 5&#8217;li, \u00f6zel indirim, taksit ve kap\u0131da \u00f6deme avantajlar\u0131yla LCW&#8217;de! Hemen online al\u0131\u015fveri\u015f yap\u0131n, \u00fcr\u00fcn kap\u0131n\u0131za gelsin! \u2013 S62231Z1-CSL \u2014 Teknik Detaylar \u2014 Men\u015fei: T\u00fcrkiye Sat\u0131c\u0131: LC Waikiki Marka: LCW Kids \u00dcr\u00fcn Tipi: Patik \u00c7orap Cinsiyet: Erkek Bebek Desen: Desenli Paket \u0130\u00e7eri\u011fi: 5&#8217;li Paket Malzeme: Y\u00fcksek Pamuk \u0130\u00e7erir [&hellip;]<\/p>\n","protected":false},"featured_media":127377,"comment_status":"open","ping_status":"closed","template":"","meta":[],"product_brand":[],"product_cat":[8694,8697,8700],"product_tag":[],"class_list":{"0":"post-127380","1":"product","2":"type-product","3":"status-publish","4":"has-post-thumbnail","6":"product_cat-cocuklar","7":"product_cat-yenidogan-0-12-ay","8":"product_cat-yenidogan-giyim","9":"pa_brand-lcw-kids","10":"pa_color-tutun-kahve","11":"pa_size-14-16-1-6-ay","12":"pa_size-17-18-6-12-ay","13":"pa_size-19-22-12-24-ay","14":"pa_size-22-24-24-36-ay","15":"pa_size-23-26-3-4-yas","16":"pa_size-5-6-yas","18":"first","19":"instock","20":"sale","21":"shipping-taxable","22":"purchasable","23":"product-type-variable"},"_links":{"self":[{"href":"http:\/\/mod.wisdar.net\/tr\/wp-json\/wp\/v2\/product\/127380","targetHints":{"allow":["GET"]}}],"collection":[{"href":"http:\/\/mod.wisdar.net\/tr\/wp-json\/wp\/v2\/product"}],"about":[{"href":"http:\/\/mod.wisdar.net\/tr\/wp-json\/wp\/v2\/types\/product"}],"replies":[{"embeddable":true,"href":"http:\/\/mod.wisdar.net\/tr\/wp-json\/wp\/v2\/comments?post=127380"}],"wp:featuredmedia":[{"embeddable":true,"href":"http:\/\/mod.wisdar.net\/tr\/wp-json\/wp\/v2\/media\/127377"}],"wp:attachment":[{"href":"http:\/\/mod.wisdar.net\/tr\/wp-json\/wp\/v2\/media?parent=127380"}],"wp:term":[{"taxonomy":"product_brand","embeddable":true,"href":"http:\/\/mod.wisdar.net\/tr\/wp-json\/wp\/v2\/product_brand?post=127380"},{"taxonomy":"product_cat","embeddable":true,"href":"http:\/\/mod.wisdar.net\/tr\/wp-json\/wp\/v2\/product_cat?post=127380"},{"taxonomy":"product_tag","embeddable":true,"href":"http:\/\/mod.wisdar.net\/tr\/wp-json\/wp\/v2\/product_tag?post=127380"}],"curies":[{"name":"wp","href":"https:\/\/api.w.org\/{rel}","templated":true}]}}