{"id":127416,"date":"2026-02-18T19:11:59","date_gmt":"2026-02-18T19:11:59","guid":{"rendered":"https:\/\/modesthanim.com\/product\/yesil-baskili-erkek-bebek-soket-corap-3lu\/"},"modified":"2026-04-15T20:28:39","modified_gmt":"2026-04-15T20:28:39","slug":"yesil-baskili-erkek-bebek-soket-corap-3lu","status":"publish","type":"product","link":"http:\/\/mod.wisdar.net\/tr\/urun\/yesil-baskili-erkek-bebek-soket-corap-3lu\/","title":{"rendered":"Ye\u015fil Bask\u0131l\u0131 Erkek Bebek Soket \u00c7orap 3&#8217;l\u00fc"},"content":{"rendered":"<p>LCW baby Ye\u015fil Bask\u0131l\u0131 Erkek Bebek Soket \u00c7orap 3&#8217;l\u00fc size \u00f6zel indirim, taksit ve kap\u0131da \u00f6deme avantajlar\u0131yla LCW&#8217;de! Hemen online al\u0131\u015fveri\u015f yap, \u00fcr\u00fcn kap\u0131na gelsin! \u2013 W5O197Z1-1MN<\/p>\n<p>\u2014 Technical Details \u2014<br \/>\nMen\u015fei: Turk\u0131ye<br \/>\nSat\u0131c\u0131: LC Waikiki<br \/>\nMarka: LCW baby<br \/>\n\u00dcr\u00fcn Tipi: Soket \u00c7orap<br \/>\nCinsiyet: Erkek Bebek<br \/>\nKal\u0131p: Standart &amp; Regular<br \/>\nDesen: Bask\u0131l\u0131<br \/>\nKal\u0131nl\u0131k: Kal\u0131n<br \/>\nPaket \u0130\u00e7eri\u011fi: 3&#8217;l\u00fc Paket<br \/>\nMalzeme: Y\u00fcksek Pamuk \u0130\u00e7erir<br \/>\nKoleksiyon: Yenido\u011fan<br \/>\nPar\u00e7a Say\u0131s\u0131: 3 Par\u00e7a<\/p>\n","protected":false},"excerpt":{"rendered":"<p>LCW baby Ye\u015fil Bask\u0131l\u0131 Erkek Bebek Soket \u00c7orap 3&#8217;l\u00fc size \u00f6zel indirim, taksit ve kap\u0131da \u00f6deme avantajlar\u0131yla LCW&#8217;de! Hemen online al\u0131\u015fveri\u015f yap, \u00fcr\u00fcn kap\u0131na gelsin! \u2013 W5O197Z1-1MN \u2014 Technical Details \u2014 Men\u015fei: Turk\u0131ye Sat\u0131c\u0131: LC Waikiki Marka: LCW baby \u00dcr\u00fcn Tipi: Soket \u00c7orap Cinsiyet: Erkek Bebek Kal\u0131p: Standart &amp; Regular Desen: Bask\u0131l\u0131 Kal\u0131nl\u0131k: Kal\u0131n Paket [&hellip;]<\/p>\n","protected":false},"featured_media":127413,"comment_status":"open","ping_status":"closed","template":"","meta":[],"product_brand":[],"product_cat":[8694,8697,8700],"product_tag":[8909,9525,9530,8834,8851,9944,9945],"class_list":{"0":"post-127416","1":"product","2":"type-product","3":"status-publish","4":"has-post-thumbnail","6":"product_cat-cocuklar","7":"product_cat-yenidogan-0-12-ay","8":"product_cat-yenidogan-giyim","9":"product_tag-baby-boy","10":"product_tag-baby-socks","11":"product_tag-cotton-socks","12":"product_tag-lcw-baby","13":"product_tag-newborn","14":"product_tag-printed-socks","15":"product_tag-sock-set","16":"pa_brand-lcw-baby","17":"pa_color-mat-yesil","18":"pa_size-14-16-0-6-ay","19":"pa_size-17-18-6-12-ay","20":"pa_size-19-22-12-24-ay","21":"pa_size-22-24-24-36-ay","22":"pa_size-23-26-3-4-yas","23":"pa_size-5-6-yas","25":"first","26":"outofstock","27":"shipping-taxable","28":"product-type-variable"},"_links":{"self":[{"href":"http:\/\/mod.wisdar.net\/tr\/wp-json\/wp\/v2\/product\/127416","targetHints":{"allow":["GET"]}}],"collection":[{"href":"http:\/\/mod.wisdar.net\/tr\/wp-json\/wp\/v2\/product"}],"about":[{"href":"http:\/\/mod.wisdar.net\/tr\/wp-json\/wp\/v2\/types\/product"}],"replies":[{"embeddable":true,"href":"http:\/\/mod.wisdar.net\/tr\/wp-json\/wp\/v2\/comments?post=127416"}],"wp:featuredmedia":[{"embeddable":true,"href":"http:\/\/mod.wisdar.net\/tr\/wp-json\/wp\/v2\/media\/127413"}],"wp:attachment":[{"href":"http:\/\/mod.wisdar.net\/tr\/wp-json\/wp\/v2\/media?parent=127416"}],"wp:term":[{"taxonomy":"product_brand","embeddable":true,"href":"http:\/\/mod.wisdar.net\/tr\/wp-json\/wp\/v2\/product_brand?post=127416"},{"taxonomy":"product_cat","embeddable":true,"href":"http:\/\/mod.wisdar.net\/tr\/wp-json\/wp\/v2\/product_cat?post=127416"},{"taxonomy":"product_tag","embeddable":true,"href":"http:\/\/mod.wisdar.net\/tr\/wp-json\/wp\/v2\/product_tag?post=127416"}],"curies":[{"name":"wp","href":"https:\/\/api.w.org\/{rel}","templated":true}]}}