{"id":132871,"date":"2026-02-20T09:16:09","date_gmt":"2026-02-20T09:16:09","guid":{"rendered":"https:\/\/modesthanim.com\/product\/armine-kemerli-kapitone-kaban-25kt706-bej\/"},"modified":"2026-04-11T00:07:18","modified_gmt":"2026-04-11T00:07:18","slug":"armine-kemerli-kapitone-kaban-25kt706-bej","status":"publish","type":"product","link":"http:\/\/mod.wisdar.net\/tr\/urun\/armine-kemerli-kapitone-kaban-25kt706-bej\/","title":{"rendered":"Armine Kemerli Kapitone Kaban 25KT706 Bej"},"content":{"rendered":"<p>S\u0131cak tutan kapitone dokusu ve beldeki kemer detay\u0131yla \u00f6ne \u00e7\u0131kan bu kaban, fonksiyonelli\u011fi modern bir siluetle birle\u015ftirir. Yap\u0131daki dokusal desen tasar\u0131ma derinlik katarken, rahat kesimi \u015fehir ya\u015fam\u0131nda konfor sa\u011flar. Hem g\u00fcnl\u00fck stilde hem de d\u0131\u015f giyimde zamans\u0131z bir \u015f\u0131kl\u0131k sunan bu par\u00e7a, so\u011fuk havalarda stilinizi g\u00fc\u00e7l\u00fc bir \u015fekilde tamamlar.<\/p>\n<p>\u00dcR\u00dcN BEDEN\u0130: 38<\/p>\n<p>MANKEN \u00d6L\u00c7\u00dcS\u00dc<\/p>\n<p>BOY: 175cm<br \/>\nG\u00d6\u011e\u00dcS: 81cm<br \/>\nBEL: 62cm<br \/>\nBASEN: 91cm<\/p>\n","protected":false},"excerpt":{"rendered":"<p>S\u0131cak tutan kapitone dokusu ve beldeki kemer detay\u0131yla \u00f6ne \u00e7\u0131kan bu kaban, fonksiyonelli\u011fi modern bir siluetle birle\u015ftirir. Yap\u0131daki dokusal desen tasar\u0131ma derinlik katarken, rahat kesimi \u015fehir ya\u015fam\u0131nda konfor sa\u011flar. Hem g\u00fcnl\u00fck stilde hem de d\u0131\u015f giyimde zamans\u0131z bir \u015f\u0131kl\u0131k sunan bu par\u00e7a, so\u011fuk havalarda stilinizi g\u00fc\u00e7l\u00fc bir \u015fekilde tamamlar. \u00dcR\u00dcN BEDEN\u0130: 38 MANKEN \u00d6L\u00c7\u00dcS\u00dc BOY: [&hellip;]<\/p>\n","protected":false},"featured_media":132865,"comment_status":"open","ping_status":"closed","template":"","meta":[],"product_brand":[],"product_cat":[2047],"product_tag":[],"class_list":{"0":"post-132871","1":"product","2":"type-product","3":"status-publish","4":"has-post-thumbnail","6":"product_cat-paltolar","7":"pa_brand-armine","8":"pa_color-bej","9":"pa_size-4706","10":"pa_size-4711","11":"pa_size-4713","12":"pa_size-4751","14":"first","15":"instock","16":"sale","17":"shipping-taxable","18":"purchasable","19":"product-type-variable"},"_links":{"self":[{"href":"http:\/\/mod.wisdar.net\/tr\/wp-json\/wp\/v2\/product\/132871","targetHints":{"allow":["GET"]}}],"collection":[{"href":"http:\/\/mod.wisdar.net\/tr\/wp-json\/wp\/v2\/product"}],"about":[{"href":"http:\/\/mod.wisdar.net\/tr\/wp-json\/wp\/v2\/types\/product"}],"replies":[{"embeddable":true,"href":"http:\/\/mod.wisdar.net\/tr\/wp-json\/wp\/v2\/comments?post=132871"}],"wp:featuredmedia":[{"embeddable":true,"href":"http:\/\/mod.wisdar.net\/tr\/wp-json\/wp\/v2\/media\/132865"}],"wp:attachment":[{"href":"http:\/\/mod.wisdar.net\/tr\/wp-json\/wp\/v2\/media?parent=132871"}],"wp:term":[{"taxonomy":"product_brand","embeddable":true,"href":"http:\/\/mod.wisdar.net\/tr\/wp-json\/wp\/v2\/product_brand?post=132871"},{"taxonomy":"product_cat","embeddable":true,"href":"http:\/\/mod.wisdar.net\/tr\/wp-json\/wp\/v2\/product_cat?post=132871"},{"taxonomy":"product_tag","embeddable":true,"href":"http:\/\/mod.wisdar.net\/tr\/wp-json\/wp\/v2\/product_tag?post=132871"}],"curies":[{"name":"wp","href":"https:\/\/api.w.org\/{rel}","templated":true}]}}