{"id":133914,"date":"2026-02-20T10:02:27","date_gmt":"2026-02-20T10:02:27","guid":{"rendered":"https:\/\/modesthanim.com\/product\/siyah-kare-yaka-erkek-cocuk-jean-salopet\/"},"modified":"2026-04-14T04:00:41","modified_gmt":"2026-04-14T04:00:41","slug":"siyah-kare-yaka-erkek-cocuk-jean-salopet","status":"publish","type":"product","link":"http:\/\/mod.wisdar.net\/tr\/urun\/siyah-kare-yaka-erkek-cocuk-jean-salopet\/","title":{"rendered":"Siyah Kare Yaka Erkek \u00c7ocuk Jean Salopet"},"content":{"rendered":"<p>LCW Kids Siyah Kare Yaka Erkek \u00c7ocuk Jean Salopet, \u00f6zel indirimler, taksit se\u00e7enekleri ve kap\u0131da \u00f6deme avantaj\u0131yla LCW&#8217;de! Hemen online al\u0131\u015fveri\u015f yap\u0131n, \u00fcr\u00fcn kap\u0131n\u0131za gelsin! \u2013 S61136Z1-326<\/p>\n<p>\u2014 Teknik Detaylar \u2014<br \/>\nKal\u0131p: Bol &amp; Rahat<br \/>\nKuma\u015f: Denim<br \/>\nDesen: D\u00fcz<br \/>\nYaka: Kare Yaka<br \/>\nPa\u00e7a: D\u00fcz Pa\u00e7a<br \/>\nKol Boyu: Ask\u0131l\u0131<br \/>\nSiluet: Jile<br \/>\nUzunluk: Uzun<\/p>\n","protected":false},"excerpt":{"rendered":"<p>LCW Kids Siyah Kare Yaka Erkek \u00c7ocuk Jean Salopet, \u00f6zel indirimler, taksit se\u00e7enekleri ve kap\u0131da \u00f6deme avantaj\u0131yla LCW&#8217;de! Hemen online al\u0131\u015fveri\u015f yap\u0131n, \u00fcr\u00fcn kap\u0131n\u0131za gelsin! \u2013 S61136Z1-326 \u2014 Teknik Detaylar \u2014 Kal\u0131p: Bol &amp; Rahat Kuma\u015f: Denim Desen: D\u00fcz Yaka: Kare Yaka Pa\u00e7a: D\u00fcz Pa\u00e7a Kol Boyu: Ask\u0131l\u0131 Siluet: Jile Uzunluk: Uzun<\/p>\n","protected":false},"featured_media":133910,"comment_status":"open","ping_status":"closed","template":"","meta":[],"product_brand":[],"product_cat":[8739,8694,8748],"product_tag":[],"class_list":{"0":"post-133914","1":"product","2":"type-product","3":"status-publish","4":"has-post-thumbnail","6":"product_cat-erkek-cocuklar-2-14-yas","7":"product_cat-cocuklar","8":"product_cat-pantolonlar-sortlar","9":"pa_brand-lcw-kids","10":"pa_color-siyah","11":"pa_size-1-2-yas","12":"pa_size-2-3-yas","13":"pa_size-3-4-yas","14":"pa_size-4-5-yas","15":"pa_size-5-6-yas","16":"pa_size-9-12-ay","18":"first","19":"instock","20":"sale","21":"shipping-taxable","22":"purchasable","23":"product-type-variable"},"_links":{"self":[{"href":"http:\/\/mod.wisdar.net\/tr\/wp-json\/wp\/v2\/product\/133914","targetHints":{"allow":["GET"]}}],"collection":[{"href":"http:\/\/mod.wisdar.net\/tr\/wp-json\/wp\/v2\/product"}],"about":[{"href":"http:\/\/mod.wisdar.net\/tr\/wp-json\/wp\/v2\/types\/product"}],"replies":[{"embeddable":true,"href":"http:\/\/mod.wisdar.net\/tr\/wp-json\/wp\/v2\/comments?post=133914"}],"wp:featuredmedia":[{"embeddable":true,"href":"http:\/\/mod.wisdar.net\/tr\/wp-json\/wp\/v2\/media\/133910"}],"wp:attachment":[{"href":"http:\/\/mod.wisdar.net\/tr\/wp-json\/wp\/v2\/media?parent=133914"}],"wp:term":[{"taxonomy":"product_brand","embeddable":true,"href":"http:\/\/mod.wisdar.net\/tr\/wp-json\/wp\/v2\/product_brand?post=133914"},{"taxonomy":"product_cat","embeddable":true,"href":"http:\/\/mod.wisdar.net\/tr\/wp-json\/wp\/v2\/product_cat?post=133914"},{"taxonomy":"product_tag","embeddable":true,"href":"http:\/\/mod.wisdar.net\/tr\/wp-json\/wp\/v2\/product_tag?post=133914"}],"curies":[{"name":"wp","href":"https:\/\/api.w.org\/{rel}","templated":true}]}}