{"id":134001,"date":"2026-02-20T10:04:23","date_gmt":"2026-02-20T10:04:23","guid":{"rendered":"https:\/\/modesthanim.com\/product\/turuncu-beli-lastikli-basic-erkek-bebek-sort-2li\/"},"modified":"2026-04-07T03:50:47","modified_gmt":"2026-04-07T03:50:47","slug":"turuncu-beli-lastikli-basic-erkek-bebek-sort-2li","status":"publish","type":"product","link":"http:\/\/mod.wisdar.net\/tr\/urun\/turuncu-beli-lastikli-basic-erkek-bebek-sort-2li\/","title":{"rendered":"Turuncu Beli Lastikli Basic Erkek Bebek \u015eort 2&#8217;li"},"content":{"rendered":"<p>LCW baby Turuncu Beli Lastikli Basic Erkek Bebek \u015eort 2&#8217;li size \u00f6zel indirim, taksit ve kap\u0131da \u00f6deme avantajlar\u0131yla LCW&#8217;de! Hemen online al\u0131\u015fveri\u015f yap, \u00fcr\u00fcn kap\u0131na gelsin! \u2013 S5J800Z1-RZ6<\/p>\n<p>\u2014 Technical Details \u2014<br \/>\nMen\u015fei: Turk\u0131ye<br \/>\nSat\u0131c\u0131: LC Waikiki<br \/>\nMarka: LCW baby<br \/>\n\u00dcr\u00fcn Tipi: \u015eort<br \/>\nCinsiyet: Erkek Bebek<br \/>\nKal\u0131p: Standart &amp; Regular<br \/>\nKuma\u015f: Penye<br \/>\nBel Fiti: Beli Lastikli<br \/>\nDesen: D\u00fcz<br \/>\nKal\u0131nl\u0131k: \u0130nce<br \/>\nMalzeme: %100 Pamuk<br \/>\nPar\u00e7a Say\u0131s\u0131: 2 Par\u00e7a<\/p>\n","protected":false},"excerpt":{"rendered":"<p>LCW baby Turuncu Beli Lastikli Basic Erkek Bebek \u015eort 2&#8217;li size \u00f6zel indirim, taksit ve kap\u0131da \u00f6deme avantajlar\u0131yla LCW&#8217;de! Hemen online al\u0131\u015fveri\u015f yap, \u00fcr\u00fcn kap\u0131na gelsin! \u2013 S5J800Z1-RZ6 \u2014 Technical Details \u2014 Men\u015fei: Turk\u0131ye Sat\u0131c\u0131: LC Waikiki Marka: LCW baby \u00dcr\u00fcn Tipi: \u015eort Cinsiyet: Erkek Bebek Kal\u0131p: Standart &amp; Regular Kuma\u015f: Penye Bel Fiti: Beli [&hellip;]<\/p>\n","protected":false},"featured_media":133996,"comment_status":"open","ping_status":"closed","template":"","meta":[],"product_brand":[],"product_cat":[8739,8694,8748],"product_tag":[10113,10111,8896,8794,8870],"class_list":{"0":"post-134001","1":"product","2":"type-product","3":"status-publish","4":"has-post-thumbnail","6":"product_cat-erkek-cocuklar-2-14-yas","7":"product_cat-cocuklar","8":"product_cat-pantolonlar-sortlar","9":"product_tag-2-pack-shorts","10":"product_tag-boys-baby-shorts","11":"product_tag-cotton-baby-clothes","12":"product_tag-elastic-waist-shorts","13":"product_tag-lcw-baby-collection","14":"pa_brand-lcw-baby","15":"pa_color-turuncu","16":"pa_size-1-3-ay","17":"pa_size-12-18-ay","18":"pa_size-18-24-ay","19":"pa_size-2-3-yas","20":"pa_size-3-6-ay","21":"pa_size-6-9-ay","22":"pa_size-9-12-ay","24":"first","25":"instock","26":"sale","27":"shipping-taxable","28":"purchasable","29":"product-type-variable"},"_links":{"self":[{"href":"http:\/\/mod.wisdar.net\/tr\/wp-json\/wp\/v2\/product\/134001","targetHints":{"allow":["GET"]}}],"collection":[{"href":"http:\/\/mod.wisdar.net\/tr\/wp-json\/wp\/v2\/product"}],"about":[{"href":"http:\/\/mod.wisdar.net\/tr\/wp-json\/wp\/v2\/types\/product"}],"replies":[{"embeddable":true,"href":"http:\/\/mod.wisdar.net\/tr\/wp-json\/wp\/v2\/comments?post=134001"}],"wp:featuredmedia":[{"embeddable":true,"href":"http:\/\/mod.wisdar.net\/tr\/wp-json\/wp\/v2\/media\/133996"}],"wp:attachment":[{"href":"http:\/\/mod.wisdar.net\/tr\/wp-json\/wp\/v2\/media?parent=134001"}],"wp:term":[{"taxonomy":"product_brand","embeddable":true,"href":"http:\/\/mod.wisdar.net\/tr\/wp-json\/wp\/v2\/product_brand?post=134001"},{"taxonomy":"product_cat","embeddable":true,"href":"http:\/\/mod.wisdar.net\/tr\/wp-json\/wp\/v2\/product_cat?post=134001"},{"taxonomy":"product_tag","embeddable":true,"href":"http:\/\/mod.wisdar.net\/tr\/wp-json\/wp\/v2\/product_tag?post=134001"}],"curies":[{"name":"wp","href":"https:\/\/api.w.org\/{rel}","templated":true}]}}