{"id":134074,"date":"2026-02-20T10:05:47","date_gmt":"2026-02-20T10:05:47","guid":{"rendered":"https:\/\/modesthanim.com\/product\/indigo-beli-lastikli-erkek-bebek-jean-sort\/"},"modified":"2026-03-05T22:50:52","modified_gmt":"2026-03-05T22:50:52","slug":"indigo-beli-lastikli-erkek-bebek-jean-sort","status":"publish","type":"product","link":"http:\/\/mod.wisdar.net\/tr\/urun\/indigo-beli-lastikli-erkek-bebek-jean-sort\/","title":{"rendered":"\u0130ndigo Beli Lastikli Erkek Bebek Jean \u015eort"},"content":{"rendered":"<p>LCW baby \u0130ndigo Beli Lastikli Erkek Bebek Jean \u015eort size \u00f6zel indirim, taksit ve kap\u0131da \u00f6deme avantajlar\u0131yla LCW&#8217;de! Hemen online al\u0131\u015fveri\u015f yap, \u00fcr\u00fcn kap\u0131na gelsin! \u2013 S5DD92Z1-311<\/p>\n<p>\u2014 Technical Details \u2014<br \/>\nMen\u015fei: Turk\u0131ye<br \/>\nSat\u0131c\u0131: LC Waikiki<br \/>\nMarka: LCW baby<br \/>\n\u00dcr\u00fcn Tipi: Jean \u015eort<br \/>\nCinsiyet: Erkek Bebek<br \/>\nKal\u0131p: Loose &amp; Bol<br \/>\nKuma\u015f: Denim<br \/>\nDesen: D\u00fcz<br \/>\nMalzeme: %100 Pamuk<br \/>\nBel Fiti: Beli Lastikli<\/p>\n","protected":false},"excerpt":{"rendered":"<p>LCW baby \u0130ndigo Beli Lastikli Erkek Bebek Jean \u015eort size \u00f6zel indirim, taksit ve kap\u0131da \u00f6deme avantajlar\u0131yla LCW&#8217;de! Hemen online al\u0131\u015fveri\u015f yap, \u00fcr\u00fcn kap\u0131na gelsin! \u2013 S5DD92Z1-311 \u2014 Technical Details \u2014 Men\u015fei: Turk\u0131ye Sat\u0131c\u0131: LC Waikiki Marka: LCW baby \u00dcr\u00fcn Tipi: Jean \u015eort Cinsiyet: Erkek Bebek Kal\u0131p: Loose &amp; Bol Kuma\u015f: Denim Desen: D\u00fcz Malzeme: [&hellip;]<\/p>\n","protected":false},"featured_media":134066,"comment_status":"open","ping_status":"closed","template":"","meta":[],"product_brand":[],"product_cat":[8694,8697,8700],"product_tag":[6765],"class_list":{"0":"post-134074","1":"product","2":"type-product","3":"status-publish","4":"has-post-thumbnail","6":"product_cat-cocuklar","7":"product_cat-yenidogan-0-12-ay","8":"product_cat-yenidogan-giyim","9":"product_tag-lastikli-bel","10":"pa_brand-lcw-baby","11":"pa_color-acik-indigo-rodeo","12":"pa_size-12-18-ay","13":"pa_size-18-24-ay","14":"pa_size-2-3-yas","15":"pa_size-3-4-yas","16":"pa_size-6-9-ay","17":"pa_size-9-12-ay","19":"first","20":"instock","21":"sale","22":"shipping-taxable","23":"purchasable","24":"product-type-variable"},"_links":{"self":[{"href":"http:\/\/mod.wisdar.net\/tr\/wp-json\/wp\/v2\/product\/134074","targetHints":{"allow":["GET"]}}],"collection":[{"href":"http:\/\/mod.wisdar.net\/tr\/wp-json\/wp\/v2\/product"}],"about":[{"href":"http:\/\/mod.wisdar.net\/tr\/wp-json\/wp\/v2\/types\/product"}],"replies":[{"embeddable":true,"href":"http:\/\/mod.wisdar.net\/tr\/wp-json\/wp\/v2\/comments?post=134074"}],"wp:featuredmedia":[{"embeddable":true,"href":"http:\/\/mod.wisdar.net\/tr\/wp-json\/wp\/v2\/media\/134066"}],"wp:attachment":[{"href":"http:\/\/mod.wisdar.net\/tr\/wp-json\/wp\/v2\/media?parent=134074"}],"wp:term":[{"taxonomy":"product_brand","embeddable":true,"href":"http:\/\/mod.wisdar.net\/tr\/wp-json\/wp\/v2\/product_brand?post=134074"},{"taxonomy":"product_cat","embeddable":true,"href":"http:\/\/mod.wisdar.net\/tr\/wp-json\/wp\/v2\/product_cat?post=134074"},{"taxonomy":"product_tag","embeddable":true,"href":"http:\/\/mod.wisdar.net\/tr\/wp-json\/wp\/v2\/product_tag?post=134074"}],"curies":[{"name":"wp","href":"https:\/\/api.w.org\/{rel}","templated":true}]}}