{"id":137919,"date":"2026-02-20T11:05:19","date_gmt":"2026-02-20T11:05:19","guid":{"rendered":"https:\/\/modesthanim.com\/product\/ekru-baskili-erkek-bebek-hastane-cikis-seti-5\/"},"modified":"2026-03-20T10:22:58","modified_gmt":"2026-03-20T10:22:58","slug":"ekru-baskili-erkek-bebek-hastane-cikis-seti-5","status":"publish","type":"product","link":"http:\/\/mod.wisdar.net\/tr\/urun\/ekru-baskili-erkek-bebek-hastane-cikis-seti-5\/","title":{"rendered":"Ekru Bask\u0131l\u0131 Erkek Bebek Hastane \u00c7\u0131k\u0131\u015f Seti"},"content":{"rendered":"<p>LCW baby Ekru Bask\u0131l\u0131 Erkek Bebek Hastane \u00c7\u0131k\u0131\u015f Seti size \u00f6zel indirim, taksit ve kap\u0131da \u00f6deme avantajlar\u0131yla LCW&#8217;de! Hemen online al\u0131\u015fveri\u015f yap, \u00fcr\u00fcn kap\u0131na gelsin! \u2013 W5GS13Z1-LRA<\/p>\n<p>\u2014 Technical Details \u2014<br \/>\nMen\u015fei: Turk\u0131ye<br \/>\nSat\u0131c\u0131: LC Waikiki<br \/>\nMarka: LCW baby<br \/>\n\u00dcr\u00fcn Tipi: Hastane Seti<br \/>\nCinsiyet: Erkek Bebek<br \/>\nKal\u0131p: Dar &amp; Slim<br \/>\nKuma\u015f: Ribana<br \/>\nDesen: Bask\u0131l\u0131<br \/>\nYaka: Bisiklet Yaka<br \/>\nKal\u0131nl\u0131k: Orta Kal\u0131nl\u0131k<br \/>\nKol Boyu: Uzun Kollu<br \/>\nPaket \u0130\u00e7eri\u011fi: 3&#8217;l\u00fc Paket<br \/>\nPatik \u00d6zelli\u011fi: Patikli<br \/>\n\u00dcr\u00fcn Aksesuar\u0131: Bere<br \/>\nMalzeme: %100 Pamuk<br \/>\nKoleksiyon: Yenido\u011fan<br \/>\nPar\u00e7a Say\u0131s\u0131: 3 Par\u00e7a<br \/>\nBel Fiti: Beli Lastikli<\/p>\n","protected":false},"excerpt":{"rendered":"<p>LCW baby Ekru Bask\u0131l\u0131 Erkek Bebek Hastane \u00c7\u0131k\u0131\u015f Seti size \u00f6zel indirim, taksit ve kap\u0131da \u00f6deme avantajlar\u0131yla LCW&#8217;de! Hemen online al\u0131\u015fveri\u015f yap, \u00fcr\u00fcn kap\u0131na gelsin! \u2013 W5GS13Z1-LRA \u2014 Technical Details \u2014 Men\u015fei: Turk\u0131ye Sat\u0131c\u0131: LC Waikiki Marka: LCW baby \u00dcr\u00fcn Tipi: Hastane Seti Cinsiyet: Erkek Bebek Kal\u0131p: Dar &amp; Slim Kuma\u015f: Ribana Desen: Bask\u0131l\u0131 Yaka: [&hellip;]<\/p>\n","protected":false},"featured_media":137909,"comment_status":"open","ping_status":"closed","template":"","meta":[],"product_brand":[],"product_cat":[8703,8709,8694,8697],"product_tag":[7488],"class_list":{"0":"post-137919","1":"product","2":"type-product","3":"status-publish","4":"has-post-thumbnail","6":"product_cat-bebek-setleri","7":"product_cat-bodyler-tulumlar","8":"product_cat-cocuklar","9":"product_cat-yenidogan-0-12-ay","10":"product_tag-pamuk","11":"pa_brand-lcw-baby","12":"pa_color-ekru","13":"pa_size-0-1-ay","14":"pa_size-1-3-ay","15":"pa_size-3-6-ay","16":"pa_size-6-9-ay","18":"first","19":"instock","20":"sale","21":"shipping-taxable","22":"purchasable","23":"product-type-variable"},"_links":{"self":[{"href":"http:\/\/mod.wisdar.net\/tr\/wp-json\/wp\/v2\/product\/137919","targetHints":{"allow":["GET"]}}],"collection":[{"href":"http:\/\/mod.wisdar.net\/tr\/wp-json\/wp\/v2\/product"}],"about":[{"href":"http:\/\/mod.wisdar.net\/tr\/wp-json\/wp\/v2\/types\/product"}],"replies":[{"embeddable":true,"href":"http:\/\/mod.wisdar.net\/tr\/wp-json\/wp\/v2\/comments?post=137919"}],"wp:featuredmedia":[{"embeddable":true,"href":"http:\/\/mod.wisdar.net\/tr\/wp-json\/wp\/v2\/media\/137909"}],"wp:attachment":[{"href":"http:\/\/mod.wisdar.net\/tr\/wp-json\/wp\/v2\/media?parent=137919"}],"wp:term":[{"taxonomy":"product_brand","embeddable":true,"href":"http:\/\/mod.wisdar.net\/tr\/wp-json\/wp\/v2\/product_brand?post=137919"},{"taxonomy":"product_cat","embeddable":true,"href":"http:\/\/mod.wisdar.net\/tr\/wp-json\/wp\/v2\/product_cat?post=137919"},{"taxonomy":"product_tag","embeddable":true,"href":"http:\/\/mod.wisdar.net\/tr\/wp-json\/wp\/v2\/product_tag?post=137919"}],"curies":[{"name":"wp","href":"https:\/\/api.w.org\/{rel}","templated":true}]}}