{"id":13917,"date":"2025-11-01T21:54:03","date_gmt":"2025-11-01T21:54:03","guid":{"rendered":"https:\/\/modesthanim.com\/product\/esarp-yaka-buzgu-detay-tunik-lila\/"},"modified":"2026-04-02T20:13:44","modified_gmt":"2026-04-02T20:13:44","slug":"esarp-yaka-buzgu-detay-tunik-lila","status":"publish","type":"product","link":"http:\/\/mod.wisdar.net\/tr\/urun\/esarp-yaka-buzgu-detay-tunik-lila\/","title":{"rendered":"E\u015farp Yaka B\u00fczg\u00fc Detay Tunik \u2013 Lila"},"content":{"rendered":"<p>E\u015farp yakas\u0131 ve b\u00fczg\u00fc detaylar\u0131 ile zarif bir dokunu\u015f sunan bu tunik, feminen ve \u015f\u0131k bir siluet olu\u015fturur. Ak\u0131c\u0131 kesimi rahat kullan\u0131m sa\u011flarken, e\u015farp detay\u0131 kombininize sofistike bir hava katar.<\/p>\n<p>\u2014 Teknik Detaylar \u2014<br \/>\nDesen: D\u00fcz<br \/>\nYaka Tipi: E\u015farp Yaka<br \/>\nKol Tipi: Uzun Kol<br \/>\nCep: Cep yok<br \/>\nAstar: Astar yok<br \/>\n\u00dcr\u00fcn Uzunlu\u011fu: 90 cm<br \/>\nKal\u0131p T\u00fcr\u00fc: Normal Kal\u0131p<br \/>\nModelin Giydi\u011fi Beden: 38<br \/>\nModel \u00d6l\u00e7\u00fcleri: {&#8216;Boy&#8217;: &#8216;176 cm&#8217;, &#8216;G\u00f6\u011f\u00fcs&#8217;: &#8217;75 cm&#8217;, &#8216;Bel&#8217;: &#8217;59 cm&#8217;, &#8216;Kal\u00e7a&#8217;: &#8217;87 cm&#8217;}<\/p>\n","protected":false},"excerpt":{"rendered":"<p>E\u015farp yakas\u0131 ve b\u00fczg\u00fc detaylar\u0131 ile zarif bir dokunu\u015f sunan bu tunik, feminen ve \u015f\u0131k bir siluet olu\u015fturur. Ak\u0131c\u0131 kesimi rahat kullan\u0131m sa\u011flarken, e\u015farp detay\u0131 kombininize sofistike bir hava katar. \u2014 Teknik Detaylar \u2014 Desen: D\u00fcz Yaka Tipi: E\u015farp Yaka Kol Tipi: Uzun Kol Cep: Cep yok Astar: Astar yok \u00dcr\u00fcn Uzunlu\u011fu: 90 cm Kal\u0131p [&hellip;]<\/p>\n","protected":false},"featured_media":0,"comment_status":"open","ping_status":"closed","template":"","meta":[],"product_brand":[],"product_cat":[1909],"product_tag":[],"class_list":{"0":"post-13917","1":"product","2":"type-product","3":"status-publish","5":"product_cat-bluzlar-ve-gomlekler","6":"pa_brand-tugba","7":"pa_color-lila","8":"pa_size-4706","9":"pa_size-4711","10":"pa_size-4713","11":"pa_size-4751","12":"pa_size-4749","13":"pa_size-4747","15":"first","16":"instock","17":"sale","18":"shipping-taxable","19":"purchasable","20":"product-type-variable"},"_links":{"self":[{"href":"http:\/\/mod.wisdar.net\/tr\/wp-json\/wp\/v2\/product\/13917","targetHints":{"allow":["GET"]}}],"collection":[{"href":"http:\/\/mod.wisdar.net\/tr\/wp-json\/wp\/v2\/product"}],"about":[{"href":"http:\/\/mod.wisdar.net\/tr\/wp-json\/wp\/v2\/types\/product"}],"replies":[{"embeddable":true,"href":"http:\/\/mod.wisdar.net\/tr\/wp-json\/wp\/v2\/comments?post=13917"}],"wp:attachment":[{"href":"http:\/\/mod.wisdar.net\/tr\/wp-json\/wp\/v2\/media?parent=13917"}],"wp:term":[{"taxonomy":"product_brand","embeddable":true,"href":"http:\/\/mod.wisdar.net\/tr\/wp-json\/wp\/v2\/product_brand?post=13917"},{"taxonomy":"product_cat","embeddable":true,"href":"http:\/\/mod.wisdar.net\/tr\/wp-json\/wp\/v2\/product_cat?post=13917"},{"taxonomy":"product_tag","embeddable":true,"href":"http:\/\/mod.wisdar.net\/tr\/wp-json\/wp\/v2\/product_tag?post=13917"}],"curies":[{"name":"wp","href":"https:\/\/api.w.org\/{rel}","templated":true}]}}