{"id":140331,"date":"2026-02-20T15:20:13","date_gmt":"2026-02-20T15:20:13","guid":{"rendered":"https:\/\/modesthanim.com\/product\/kiz-cocuk-cepli-viskon-karisimli-bol-kesim-pantolon\/"},"modified":"2026-04-04T06:01:11","modified_gmt":"2026-04-04T06:01:11","slug":"kiz-cocuk-cepli-viskon-karisimli-bol-kesim-pantolon","status":"publish","type":"product","link":"http:\/\/mod.wisdar.net\/tr\/urun\/kiz-cocuk-cepli-viskon-karisimli-bol-kesim-pantolon\/","title":{"rendered":"K\u0131z \u00c7ocuk Cepli Viskon Kar\u0131\u015f\u0131ml\u0131 Bol Kesim Pantolon"},"content":{"rendered":"<p>Pantolon, pile detayl\u0131 tasar\u0131m\u0131 ve bol kesimi ile modern bir \u015f\u0131kl\u0131k sunuyor. Yan cepleri pratiklik sa\u011flarken, rahat kesimi ile g\u00fcnl\u00fck kullan\u0131m i\u00e7in ideal bir se\u00e7enek olu\u015fturuyor. Viskon kar\u0131\u015f\u0131ml\u0131 kuma\u015f\u0131 sayesinde yumu\u015fak bir dokunu\u015f sa\u011flayan pantolon, g\u00fcn boyu konfor sunuyor. \u00dcr\u00fcn \u00d6zellikleri Bel Tipi: Normal Bel Cep Tipi: Yan Cepli Detay: Pileli Kullan\u0131m Alan\u0131: G\u00fcnl\u00fck Giyim Kapan\u0131\u015f Koton k\u0131z \u00e7ocuk pantolon modelleri ile her an rahatl\u0131\u011f\u0131 yakalay\u0131n! Miniklerin enerjisine uyum sa\u011flayacak tasar\u0131mlarla dolu Koton Kids koleksiyonunu ke\u015ffedin!<\/p>\n","protected":false},"excerpt":{"rendered":"<p>Pantolon, pile detayl\u0131 tasar\u0131m\u0131 ve bol kesimi ile modern bir \u015f\u0131kl\u0131k sunuyor. Yan cepleri pratiklik sa\u011flarken, rahat kesimi ile g\u00fcnl\u00fck kullan\u0131m i\u00e7in ideal bir se\u00e7enek olu\u015fturuyor. Viskon kar\u0131\u015f\u0131ml\u0131 kuma\u015f\u0131 sayesinde yumu\u015fak bir dokunu\u015f sa\u011flayan pantolon, g\u00fcn boyu konfor sunuyor. \u00dcr\u00fcn \u00d6zellikleri Bel Tipi: Normal Bel Cep Tipi: Yan Cepli Detay: Pileli Kullan\u0131m Alan\u0131: G\u00fcnl\u00fck Giyim [&hellip;]<\/p>\n","protected":false},"featured_media":140326,"comment_status":"open","ping_status":"closed","template":"","meta":[],"product_brand":[],"product_cat":[8715,8694,8727],"product_tag":[7729,7354,6829,7725],"class_list":{"0":"post-140331","1":"product","2":"type-product","3":"status-publish","4":"has-post-thumbnail","6":"product_cat-kiz-cocuklari-2-14-yas","7":"product_cat-cocuklar","8":"product_cat-pantolon","9":"product_tag-bol-paca-pantolon","10":"product_tag-gunluk-giyim-2","11":"product_tag-pileli-pantolon","12":"product_tag-rahat-pantolon","13":"pa_brand-koton","14":"pa_color-lacivert","15":"pa_size-11-12-yas-2","16":"pa_size-13-14-yas-2","17":"pa_size-5-6-yas-2","18":"pa_size-6-7-yas-2","19":"pa_size-7-8-yas-2","20":"pa_size-9-10-yas-2","22":"first","23":"instock","24":"sale","25":"shipping-taxable","26":"purchasable","27":"product-type-variable"},"_links":{"self":[{"href":"http:\/\/mod.wisdar.net\/tr\/wp-json\/wp\/v2\/product\/140331","targetHints":{"allow":["GET"]}}],"collection":[{"href":"http:\/\/mod.wisdar.net\/tr\/wp-json\/wp\/v2\/product"}],"about":[{"href":"http:\/\/mod.wisdar.net\/tr\/wp-json\/wp\/v2\/types\/product"}],"replies":[{"embeddable":true,"href":"http:\/\/mod.wisdar.net\/tr\/wp-json\/wp\/v2\/comments?post=140331"}],"wp:featuredmedia":[{"embeddable":true,"href":"http:\/\/mod.wisdar.net\/tr\/wp-json\/wp\/v2\/media\/140326"}],"wp:attachment":[{"href":"http:\/\/mod.wisdar.net\/tr\/wp-json\/wp\/v2\/media?parent=140331"}],"wp:term":[{"taxonomy":"product_brand","embeddable":true,"href":"http:\/\/mod.wisdar.net\/tr\/wp-json\/wp\/v2\/product_brand?post=140331"},{"taxonomy":"product_cat","embeddable":true,"href":"http:\/\/mod.wisdar.net\/tr\/wp-json\/wp\/v2\/product_cat?post=140331"},{"taxonomy":"product_tag","embeddable":true,"href":"http:\/\/mod.wisdar.net\/tr\/wp-json\/wp\/v2\/product_tag?post=140331"}],"curies":[{"name":"wp","href":"https:\/\/api.w.org\/{rel}","templated":true}]}}