{"id":142681,"date":"2026-02-20T18:41:50","date_gmt":"2026-02-20T18:41:50","guid":{"rendered":"https:\/\/modesthanim.com\/product\/bej-fiyonklu-cirt-cirt-kapamali-kiz-cocuk-babet\/"},"modified":"2026-04-13T06:43:43","modified_gmt":"2026-04-13T06:43:43","slug":"bej-fiyonklu-cirt-cirt-kapamali-kiz-cocuk-babet","status":"publish","type":"product","link":"http:\/\/mod.wisdar.net\/tr\/urun\/bej-fiyonklu-cirt-cirt-kapamali-kiz-cocuk-babet\/","title":{"rendered":"Bej Fiyonklu C\u0131rt C\u0131rt Kapamal\u0131 K\u0131z \u00c7ocuk Babet"},"content":{"rendered":"<p>LCW STEPS Bej Fiyonklu C\u0131rt C\u0131rt Kapamal\u0131 K\u0131z \u00c7ocuk Babet size \u00f6zel indirim, taksit ve kap\u0131da \u00f6deme avantajlar\u0131yla LCW&#8217;de! Hemen online al\u0131\u015fveri\u015f yap, \u00fcr\u00fcn kap\u0131na gelsin! \u2013 S6AR82Z1-VB5<\/p>\n<p>\u2014 Technical Details \u2014<br \/>\n\u00dcr\u00fcn Tipi: Babet<br \/>\nCinsiyet: K\u0131z \u00c7ocuk<br \/>\nDesen: D\u00fcz<br \/>\nBurun \u015eekli: Yuvarlak Burun<br \/>\nAyakkab\u0131 Kapanma \u015eekli: C\u0131rt C\u0131rt<br \/>\nKal\u0131p: Standart &amp; Regular<\/p>\n","protected":false},"excerpt":{"rendered":"<p>LCW STEPS Bej Fiyonklu C\u0131rt C\u0131rt Kapamal\u0131 K\u0131z \u00c7ocuk Babet size \u00f6zel indirim, taksit ve kap\u0131da \u00f6deme avantajlar\u0131yla LCW&#8217;de! Hemen online al\u0131\u015fveri\u015f yap, \u00fcr\u00fcn kap\u0131na gelsin! \u2013 S6AR82Z1-VB5 \u2014 Technical Details \u2014 \u00dcr\u00fcn Tipi: Babet Cinsiyet: K\u0131z \u00c7ocuk Desen: D\u00fcz Burun \u015eekli: Yuvarlak Burun Ayakkab\u0131 Kapanma \u015eekli: C\u0131rt C\u0131rt Kal\u0131p: Standart &amp; Regular<\/p>\n","protected":false},"featured_media":142675,"comment_status":"open","ping_status":"closed","template":"","meta":[],"product_brand":[],"product_cat":[8736,8715,8694],"product_tag":[],"class_list":{"0":"post-142681","1":"product","2":"type-product","3":"status-publish","4":"has-post-thumbnail","6":"product_cat-ayakkabilar","7":"product_cat-kiz-cocuklari-2-14-yas","8":"product_cat-cocuklar","9":"pa_brand-lcw-steps","10":"pa_color-bej","11":"pa_size-10726","12":"pa_size-7851","13":"pa_size-10734","14":"pa_size-7843","15":"pa_size-10735","16":"pa_size-7841","17":"pa_size-7842","19":"first","20":"instock","21":"sale","22":"shipping-taxable","23":"purchasable","24":"product-type-variable"},"_links":{"self":[{"href":"http:\/\/mod.wisdar.net\/tr\/wp-json\/wp\/v2\/product\/142681","targetHints":{"allow":["GET"]}}],"collection":[{"href":"http:\/\/mod.wisdar.net\/tr\/wp-json\/wp\/v2\/product"}],"about":[{"href":"http:\/\/mod.wisdar.net\/tr\/wp-json\/wp\/v2\/types\/product"}],"replies":[{"embeddable":true,"href":"http:\/\/mod.wisdar.net\/tr\/wp-json\/wp\/v2\/comments?post=142681"}],"wp:featuredmedia":[{"embeddable":true,"href":"http:\/\/mod.wisdar.net\/tr\/wp-json\/wp\/v2\/media\/142675"}],"wp:attachment":[{"href":"http:\/\/mod.wisdar.net\/tr\/wp-json\/wp\/v2\/media?parent=142681"}],"wp:term":[{"taxonomy":"product_brand","embeddable":true,"href":"http:\/\/mod.wisdar.net\/tr\/wp-json\/wp\/v2\/product_brand?post=142681"},{"taxonomy":"product_cat","embeddable":true,"href":"http:\/\/mod.wisdar.net\/tr\/wp-json\/wp\/v2\/product_cat?post=142681"},{"taxonomy":"product_tag","embeddable":true,"href":"http:\/\/mod.wisdar.net\/tr\/wp-json\/wp\/v2\/product_tag?post=142681"}],"curies":[{"name":"wp","href":"https:\/\/api.w.org\/{rel}","templated":true}]}}