{"id":144311,"date":"2026-02-20T22:04:35","date_gmt":"2026-02-20T22:04:35","guid":{"rendered":"https:\/\/modesthanim.com\/product\/duble-kol-bant-detayli-kap-siyah\/"},"modified":"2026-04-06T06:10:51","modified_gmt":"2026-04-06T06:10:51","slug":"duble-kol-bant-detayli-kap-siyah","status":"publish","type":"product","link":"http:\/\/mod.wisdar.net\/tr\/urun\/duble-kol-bant-detayli-kap-siyah\/","title":{"rendered":"Duble Kol Bant Detayl\u0131 Kap \u2013 Siyah"},"content":{"rendered":"<p>Bu \u015f\u0131k kap, duble kol bant detaylar\u0131yla klasik tasar\u0131mlara modern bir dokunu\u015f ekliyor. Orta uzunluktaki kesimi ve belden hafif\u00e7e oturan formu, v\u00fccut hatlar\u0131n\u0131 nazik\u00e7e belirginle\u015ftirir.<br \/>\nKuma\u015f \u0130\u00e7eri\u011fi: %89 Naylon, %11 Elastan<br \/>\nDesen: D\u00fcz<br \/>\nYaka Tipi: Kap\u00fc\u015fon Yaka<br \/>\nKol Tipi: Reglan Kol<br \/>\nCep: Aplike Cep<br \/>\nAstar: Astarl\u0131<br \/>\n\u00dcr\u00fcn Boyu: 100 cm<br \/>\nKal\u0131p Tipi: Normal Kal\u0131p<br \/>\nMankenin Giydi\u011fi Beden: 38<br \/>\nManken \u00d6l\u00e7\u00fcleri:Boy: 175 cmG\u00f6\u011f\u00fcs: 85 cmBel: 60 cmBasen: 90 cm<\/p>\n","protected":false},"excerpt":{"rendered":"<p>Bu \u015f\u0131k kap, duble kol bant detaylar\u0131yla klasik tasar\u0131mlara modern bir dokunu\u015f ekliyor. Orta uzunluktaki kesimi ve belden hafif\u00e7e oturan formu, v\u00fccut hatlar\u0131n\u0131 nazik\u00e7e belirginle\u015ftirir. Kuma\u015f \u0130\u00e7eri\u011fi: %89 Naylon, %11 Elastan Desen: D\u00fcz Yaka Tipi: Kap\u00fc\u015fon Yaka Kol Tipi: Reglan Kol Cep: Aplike Cep Astar: Astarl\u0131 \u00dcr\u00fcn Boyu: 100 cm Kal\u0131p Tipi: Normal Kal\u0131p Mankenin [&hellip;]<\/p>\n","protected":false},"featured_media":144300,"comment_status":"open","ping_status":"closed","template":"","meta":[],"product_brand":[],"product_cat":[1927],"product_tag":[8404,7419,6744,7766,5013,5015,7074],"class_list":{"0":"post-144311","1":"product","2":"type-product","3":"status-publish","4":"has-post-thumbnail","6":"product_cat-hoodies-sweatshirtler","7":"product_tag-dar-kesim-2","8":"product_tag-gunluk","9":"product_tag-kadin-modasi","10":"product_tag-kapusonlu-sweatshirt-2","11":"product_tag-modern","12":"product_tag-raglan","13":"product_tag-siyah","14":"pa_brand-tugba","15":"pa_color-siyah","16":"pa_size-4706","17":"pa_size-4711","18":"pa_size-4713","19":"pa_size-4751","20":"pa_size-4749","21":"pa_size-4747","23":"first","24":"instock","25":"sale","26":"shipping-taxable","27":"purchasable","28":"product-type-variable"},"_links":{"self":[{"href":"http:\/\/mod.wisdar.net\/tr\/wp-json\/wp\/v2\/product\/144311","targetHints":{"allow":["GET"]}}],"collection":[{"href":"http:\/\/mod.wisdar.net\/tr\/wp-json\/wp\/v2\/product"}],"about":[{"href":"http:\/\/mod.wisdar.net\/tr\/wp-json\/wp\/v2\/types\/product"}],"replies":[{"embeddable":true,"href":"http:\/\/mod.wisdar.net\/tr\/wp-json\/wp\/v2\/comments?post=144311"}],"wp:featuredmedia":[{"embeddable":true,"href":"http:\/\/mod.wisdar.net\/tr\/wp-json\/wp\/v2\/media\/144300"}],"wp:attachment":[{"href":"http:\/\/mod.wisdar.net\/tr\/wp-json\/wp\/v2\/media?parent=144311"}],"wp:term":[{"taxonomy":"product_brand","embeddable":true,"href":"http:\/\/mod.wisdar.net\/tr\/wp-json\/wp\/v2\/product_brand?post=144311"},{"taxonomy":"product_cat","embeddable":true,"href":"http:\/\/mod.wisdar.net\/tr\/wp-json\/wp\/v2\/product_cat?post=144311"},{"taxonomy":"product_tag","embeddable":true,"href":"http:\/\/mod.wisdar.net\/tr\/wp-json\/wp\/v2\/product_tag?post=144311"}],"curies":[{"name":"wp","href":"https:\/\/api.w.org\/{rel}","templated":true}]}}