{"id":145206,"date":"2026-02-21T14:04:57","date_gmt":"2026-02-21T14:04:57","guid":{"rendered":"https:\/\/modesthanim.com\/product\/barbie-penye-2li-boxer-kiz-cocuk\/"},"modified":"2026-04-06T05:41:08","modified_gmt":"2026-04-06T05:41:08","slug":"barbie-penye-2li-boxer-kiz-cocuk","status":"publish","type":"product","link":"http:\/\/mod.wisdar.net\/tr\/urun\/barbie-penye-2li-boxer-kiz-cocuk\/","title":{"rendered":"Barbie Penye 2&#8217;li Boxer K\u0131z \u00c7ocuk"},"content":{"rendered":"<p>Barbie desenli penye 2\u2019li boxer, k\u0131z \u00e7ocuklar i\u00e7in rahat ve yumu\u015fak bir kullan\u0131m sunar. Esnek yap\u0131s\u0131 g\u00fcn boyu konfor sa\u011flar ve g\u00fcnl\u00fck kullan\u0131m i\u00e7in idealdir.<\/p>\n<p>\u2014 Technical Details \u2014<br \/>\nTak\u0131m \u0130\u00e7eri\u011fi: 2&#8217;li<br \/>\nLisans Bilgisi: Barbie<br \/>\n\u0130\u00e7 Giyim Kategori: Boxer<br \/>\nCinsiyet: K\u0131z \u00c7ocuk<br \/>\nKal\u0131p: Regular F\u0131t<br \/>\nMen\u015fei: TR<br \/>\n\u00dcr\u00fcn Grubu: K\u0131z \u00c7ocuk \u2013 Gen\u00e7 K\u0131z \u0130\u00e7 Giyim<\/p>\n","protected":false},"excerpt":{"rendered":"<p>Barbie desenli penye 2\u2019li boxer, k\u0131z \u00e7ocuklar i\u00e7in rahat ve yumu\u015fak bir kullan\u0131m sunar. Esnek yap\u0131s\u0131 g\u00fcn boyu konfor sa\u011flar ve g\u00fcnl\u00fck kullan\u0131m i\u00e7in idealdir. \u2014 Technical Details \u2014 Tak\u0131m \u0130\u00e7eri\u011fi: 2&#8217;li Lisans Bilgisi: Barbie \u0130\u00e7 Giyim Kategori: Boxer Cinsiyet: K\u0131z \u00c7ocuk Kal\u0131p: Regular F\u0131t Men\u015fei: TR \u00dcr\u00fcn Grubu: K\u0131z \u00c7ocuk \u2013 Gen\u00e7 K\u0131z \u0130\u00e7 [&hellip;]<\/p>\n","protected":false},"featured_media":145199,"comment_status":"open","ping_status":"closed","template":"","meta":[],"product_brand":[],"product_cat":[8733,8715,8694],"product_tag":[10463,10462,10461,10460],"class_list":{"0":"post-145206","1":"product","2":"type-product","3":"status-publish","4":"has-post-thumbnail","6":"product_cat-ic-giyim","7":"product_cat-kiz-cocuklari-2-14-yas","8":"product_cat-cocuklar","9":"product_tag-barbie-cotton-2-pack-boxer-set-for-girls","10":"product_tag-girls-teen-girls-barbie-cotton-2-pack-boxer-set-for-girls","11":"product_tag-pink-barbie-cotton-2-pack-boxer-set-for-girls","12":"product_tag-pink-girls-teen-girls-barbie-cotton-2-pack-boxer-set-for-girls","13":"pa_brand-defacto","14":"pa_color-acik-pembe","15":"pa_size-2-3-yas-98cm","16":"pa_size-3-4-yas-104-cm","17":"pa_size-4-5-yas-110cm","18":"pa_size-5-6-yas-116cm","19":"pa_size-7-8-yas-128cm","21":"first","22":"instock","23":"sale","24":"shipping-taxable","25":"purchasable","26":"product-type-variable"},"_links":{"self":[{"href":"http:\/\/mod.wisdar.net\/tr\/wp-json\/wp\/v2\/product\/145206","targetHints":{"allow":["GET"]}}],"collection":[{"href":"http:\/\/mod.wisdar.net\/tr\/wp-json\/wp\/v2\/product"}],"about":[{"href":"http:\/\/mod.wisdar.net\/tr\/wp-json\/wp\/v2\/types\/product"}],"replies":[{"embeddable":true,"href":"http:\/\/mod.wisdar.net\/tr\/wp-json\/wp\/v2\/comments?post=145206"}],"wp:featuredmedia":[{"embeddable":true,"href":"http:\/\/mod.wisdar.net\/tr\/wp-json\/wp\/v2\/media\/145199"}],"wp:attachment":[{"href":"http:\/\/mod.wisdar.net\/tr\/wp-json\/wp\/v2\/media?parent=145206"}],"wp:term":[{"taxonomy":"product_brand","embeddable":true,"href":"http:\/\/mod.wisdar.net\/tr\/wp-json\/wp\/v2\/product_brand?post=145206"},{"taxonomy":"product_cat","embeddable":true,"href":"http:\/\/mod.wisdar.net\/tr\/wp-json\/wp\/v2\/product_cat?post=145206"},{"taxonomy":"product_tag","embeddable":true,"href":"http:\/\/mod.wisdar.net\/tr\/wp-json\/wp\/v2\/product_tag?post=145206"}],"curies":[{"name":"wp","href":"https:\/\/api.w.org\/{rel}","templated":true}]}}