{"id":145236,"date":"2026-02-21T14:05:29","date_gmt":"2026-02-21T14:05:29","guid":{"rendered":"https:\/\/modesthanim.com\/product\/kiz-cocuk-desenli-3lu-slip-kulot\/"},"modified":"2026-03-18T15:52:10","modified_gmt":"2026-03-18T15:52:10","slug":"kiz-cocuk-desenli-3lu-slip-kulot","status":"publish","type":"product","link":"http:\/\/mod.wisdar.net\/tr\/urun\/kiz-cocuk-desenli-3lu-slip-kulot\/","title":{"rendered":"K\u0131z \u00c7ocuk Desenli 3&#8217;l\u00fc Slip K\u00fclot"},"content":{"rendered":"<p>K\u0131z \u00c7ocuk 3&#8217;l\u00fc Slip K\u00fclot: \u015e\u0131k ve rahat tasar\u0131m\u0131yla dikkat \u00e7eken bu 3&#8217;l\u00fc slip k\u00fclot seti, k\u00fc\u00e7\u00fck prensesiniz i\u00e7in ideal bir se\u00e7im. Y\u00fcksek kaliteli pamuklu kuma\u015f\u0131yla g\u00fcn boyu konfor sunar. Her detay\u0131yla \u00f6zenle tasarlanm\u0131\u015f bu k\u00fclotlar, g\u00fcnl\u00fck kullan\u0131m i\u00e7in m\u00fckemeldir.<\/p>\n<p>\u2014 Technical Details \u2014<br \/>\nsize_system: EU<br \/>\nsize_group: regular<br \/>\ngender: K\u0131z \u00c7ocuk<br \/>\npattern: Hayvan Desenli<br \/>\nset_content: 3&#8217;l\u00fc<br \/>\nfit: Regular F\u0131t<br \/>\norigin: TR<\/p>\n","protected":false},"excerpt":{"rendered":"<p>K\u0131z \u00c7ocuk 3&#8217;l\u00fc Slip K\u00fclot: \u015e\u0131k ve rahat tasar\u0131m\u0131yla dikkat \u00e7eken bu 3&#8217;l\u00fc slip k\u00fclot seti, k\u00fc\u00e7\u00fck prensesiniz i\u00e7in ideal bir se\u00e7im. Y\u00fcksek kaliteli pamuklu kuma\u015f\u0131yla g\u00fcn boyu konfor sunar. Her detay\u0131yla \u00f6zenle tasarlanm\u0131\u015f bu k\u00fclotlar, g\u00fcnl\u00fck kullan\u0131m i\u00e7in m\u00fckemeldir. \u2014 Technical Details \u2014 size_system: EU size_group: regular gender: K\u0131z \u00c7ocuk pattern: Hayvan Desenli set_content: [&hellip;]<\/p>\n","protected":false},"featured_media":145232,"comment_status":"open","ping_status":"closed","template":"","meta":[],"product_brand":[],"product_cat":[8733,8715,8694],"product_tag":[6757],"class_list":{"0":"post-145236","1":"product","2":"type-product","3":"status-publish","4":"has-post-thumbnail","6":"product_cat-ic-giyim","7":"product_cat-kiz-cocuklari-2-14-yas","8":"product_cat-cocuklar","9":"product_tag-ekru","10":"pa_brand-defacto","11":"pa_color-ekru","12":"pa_size-2-3-yas-98cm","13":"pa_size-3-4-yas-104-cm","14":"pa_size-4-5-yas-110cm","15":"pa_size-5-6-yas-116cm","16":"pa_size-7-8-yas-128cm","18":"first","19":"outofstock","20":"shipping-taxable","21":"product-type-variable"},"_links":{"self":[{"href":"http:\/\/mod.wisdar.net\/tr\/wp-json\/wp\/v2\/product\/145236","targetHints":{"allow":["GET"]}}],"collection":[{"href":"http:\/\/mod.wisdar.net\/tr\/wp-json\/wp\/v2\/product"}],"about":[{"href":"http:\/\/mod.wisdar.net\/tr\/wp-json\/wp\/v2\/types\/product"}],"replies":[{"embeddable":true,"href":"http:\/\/mod.wisdar.net\/tr\/wp-json\/wp\/v2\/comments?post=145236"}],"wp:featuredmedia":[{"embeddable":true,"href":"http:\/\/mod.wisdar.net\/tr\/wp-json\/wp\/v2\/media\/145232"}],"wp:attachment":[{"href":"http:\/\/mod.wisdar.net\/tr\/wp-json\/wp\/v2\/media?parent=145236"}],"wp:term":[{"taxonomy":"product_brand","embeddable":true,"href":"http:\/\/mod.wisdar.net\/tr\/wp-json\/wp\/v2\/product_brand?post=145236"},{"taxonomy":"product_cat","embeddable":true,"href":"http:\/\/mod.wisdar.net\/tr\/wp-json\/wp\/v2\/product_cat?post=145236"},{"taxonomy":"product_tag","embeddable":true,"href":"http:\/\/mod.wisdar.net\/tr\/wp-json\/wp\/v2\/product_tag?post=145236"}],"curies":[{"name":"wp","href":"https:\/\/api.w.org\/{rel}","templated":true}]}}