{"id":145726,"date":"2026-02-21T14:35:07","date_gmt":"2026-02-21T14:35:07","guid":{"rendered":"https:\/\/modesthanim.com\/product\/erkek-cocuk-desenli-3lu-boxer-4\/"},"modified":"2026-03-18T15:21:59","modified_gmt":"2026-03-18T15:21:59","slug":"erkek-cocuk-desenli-3lu-boxer-4","status":"publish","type":"product","link":"http:\/\/mod.wisdar.net\/tr\/urun\/erkek-cocuk-desenli-3lu-boxer-4\/","title":{"rendered":"Erkek \u00c7ocuk Desenli 3&#8217;l\u00fc Boxer"},"content":{"rendered":"<p>Rahat kesimi ve renkli desenleriyle bu 3&#8217;l\u00fc boxer seti, erkek \u00e7ocuklar\u0131n\u0131n konforunu \u00f6n planda tutar. Yumu\u015fak pamuklu kuma\u015f\u0131 sayesinde g\u00fcn boyu rahatl\u0131k sunar.<\/p>\n","protected":false},"excerpt":{"rendered":"<p>Rahat kesimi ve renkli desenleriyle bu 3&#8217;l\u00fc boxer seti, erkek \u00e7ocuklar\u0131n\u0131n konforunu \u00f6n planda tutar. Yumu\u015fak pamuklu kuma\u015f\u0131 sayesinde g\u00fcn boyu rahatl\u0131k sunar.<\/p>\n","protected":false},"featured_media":145715,"comment_status":"open","ping_status":"closed","template":"","meta":[],"product_brand":[],"product_cat":[8739,8757,8694],"product_tag":[6769,6751],"class_list":{"0":"post-145726","1":"product","2":"type-product","3":"status-publish","4":"has-post-thumbnail","6":"product_cat-erkek-cocuklar-2-14-yas","7":"product_cat-ic-giyim","8":"product_cat-cocuklar","9":"product_tag-desenli","10":"product_tag-rahat","11":"pa_brand-defacto","12":"pa_color-beyaz","13":"pa_size-2-3-yas-98cm","14":"pa_size-3-4-yas-104-cm","15":"pa_size-4-5-yas-110cm","16":"pa_size-5-6-yas-116cm","17":"pa_size-7-8-yas-128cm","19":"first","20":"outofstock","21":"shipping-taxable","22":"product-type-variable"},"_links":{"self":[{"href":"http:\/\/mod.wisdar.net\/tr\/wp-json\/wp\/v2\/product\/145726","targetHints":{"allow":["GET"]}}],"collection":[{"href":"http:\/\/mod.wisdar.net\/tr\/wp-json\/wp\/v2\/product"}],"about":[{"href":"http:\/\/mod.wisdar.net\/tr\/wp-json\/wp\/v2\/types\/product"}],"replies":[{"embeddable":true,"href":"http:\/\/mod.wisdar.net\/tr\/wp-json\/wp\/v2\/comments?post=145726"}],"wp:featuredmedia":[{"embeddable":true,"href":"http:\/\/mod.wisdar.net\/tr\/wp-json\/wp\/v2\/media\/145715"}],"wp:attachment":[{"href":"http:\/\/mod.wisdar.net\/tr\/wp-json\/wp\/v2\/media?parent=145726"}],"wp:term":[{"taxonomy":"product_brand","embeddable":true,"href":"http:\/\/mod.wisdar.net\/tr\/wp-json\/wp\/v2\/product_brand?post=145726"},{"taxonomy":"product_cat","embeddable":true,"href":"http:\/\/mod.wisdar.net\/tr\/wp-json\/wp\/v2\/product_cat?post=145726"},{"taxonomy":"product_tag","embeddable":true,"href":"http:\/\/mod.wisdar.net\/tr\/wp-json\/wp\/v2\/product_tag?post=145726"}],"curies":[{"name":"wp","href":"https:\/\/api.w.org\/{rel}","templated":true}]}}