{"id":145778,"date":"2026-02-21T14:37:30","date_gmt":"2026-02-21T14:37:30","guid":{"rendered":"https:\/\/modesthanim.com\/product\/desenli-5li-slip-kulot-kiz-cocuk\/"},"modified":"2026-03-03T07:45:22","modified_gmt":"2026-03-03T07:45:22","slug":"desenli-5li-slip-kulot-kiz-cocuk","status":"publish","type":"product","link":"http:\/\/mod.wisdar.net\/tr\/urun\/desenli-5li-slip-kulot-kiz-cocuk\/","title":{"rendered":"Desenli 5&#8217;li Slip K\u00fclot K\u0131z \u00c7ocuk"},"content":{"rendered":"<p>Renkli ve e\u011flenceli desenleriyle \u00f6ne \u00e7\u0131kan bu 5\u2019li k\u0131z \u00e7ocuk slip k\u00fclot seti, yumu\u015fak ve esnek kuma\u015f\u0131yla g\u00fcn boyu konfor sa\u011flar. Pratik ve dayan\u0131kl\u0131 yap\u0131s\u0131yla g\u00fcnl\u00fck kullan\u0131m i\u00e7in idealdir.<\/p>\n","protected":false},"excerpt":{"rendered":"<p>Renkli ve e\u011flenceli desenleriyle \u00f6ne \u00e7\u0131kan bu 5\u2019li k\u0131z \u00e7ocuk slip k\u00fclot seti, yumu\u015fak ve esnek kuma\u015f\u0131yla g\u00fcn boyu konfor sa\u011flar. Pratik ve dayan\u0131kl\u0131 yap\u0131s\u0131yla g\u00fcnl\u00fck kullan\u0131m i\u00e7in idealdir.<\/p>\n","protected":false},"featured_media":145774,"comment_status":"open","ping_status":"closed","template":"","meta":[],"product_brand":[],"product_cat":[8733,8715,8694],"product_tag":[],"class_list":{"0":"post-145778","1":"product","2":"type-product","3":"status-publish","4":"has-post-thumbnail","6":"product_cat-ic-giyim","7":"product_cat-kiz-cocuklari-2-14-yas","8":"product_cat-cocuklar","9":"pa_brand-defacto","10":"pa_color-beyaz","11":"pa_size-2-3-yas-98cm","12":"pa_size-3-4-yas-104-cm","13":"pa_size-4-5-yas-110cm","14":"pa_size-5-6-yas-116cm","15":"pa_size-7-8-yas-128cm","17":"first","18":"instock","19":"sale","20":"shipping-taxable","21":"purchasable","22":"product-type-variable"},"_links":{"self":[{"href":"http:\/\/mod.wisdar.net\/tr\/wp-json\/wp\/v2\/product\/145778","targetHints":{"allow":["GET"]}}],"collection":[{"href":"http:\/\/mod.wisdar.net\/tr\/wp-json\/wp\/v2\/product"}],"about":[{"href":"http:\/\/mod.wisdar.net\/tr\/wp-json\/wp\/v2\/types\/product"}],"replies":[{"embeddable":true,"href":"http:\/\/mod.wisdar.net\/tr\/wp-json\/wp\/v2\/comments?post=145778"}],"wp:featuredmedia":[{"embeddable":true,"href":"http:\/\/mod.wisdar.net\/tr\/wp-json\/wp\/v2\/media\/145774"}],"wp:attachment":[{"href":"http:\/\/mod.wisdar.net\/tr\/wp-json\/wp\/v2\/media?parent=145778"}],"wp:term":[{"taxonomy":"product_brand","embeddable":true,"href":"http:\/\/mod.wisdar.net\/tr\/wp-json\/wp\/v2\/product_brand?post=145778"},{"taxonomy":"product_cat","embeddable":true,"href":"http:\/\/mod.wisdar.net\/tr\/wp-json\/wp\/v2\/product_cat?post=145778"},{"taxonomy":"product_tag","embeddable":true,"href":"http:\/\/mod.wisdar.net\/tr\/wp-json\/wp\/v2\/product_tag?post=145778"}],"curies":[{"name":"wp","href":"https:\/\/api.w.org\/{rel}","templated":true}]}}