{"id":145850,"date":"2026-02-21T14:39:23","date_gmt":"2026-02-21T14:39:23","guid":{"rendered":"https:\/\/modesthanim.com\/product\/unicorn-baskili-penye-3lu-slip-kulot-kiz-cocuk\/"},"modified":"2026-04-06T05:41:42","modified_gmt":"2026-04-06T05:41:42","slug":"unicorn-baskili-penye-3lu-slip-kulot-kiz-cocuk","status":"publish","type":"product","link":"http:\/\/mod.wisdar.net\/tr\/urun\/unicorn-baskili-penye-3lu-slip-kulot-kiz-cocuk\/","title":{"rendered":"Unicorn Bask\u0131l\u0131 Penye 3&#8217;l\u00fc Slip K\u00fclot K\u0131z \u00c7ocuk"},"content":{"rendered":"<p>Arad\u0131\u011f\u0131n Pembe K\u0131z \u00c7ocuk \u2013 Gen\u00e7 K\u0131z Unicorn Bask\u0131l\u0131 Penye 3&#8217;l\u00fc Slip K\u00fclot K\u0131z \u00c7ocuk en uygun fiyatla DeFacto&#8217;da! Yeni sezon Pembe K\u0131z \u00c7ocuk \u2013 Gen\u00e7 K\u0131z Unicorn Bask\u0131l\u0131 Penye 3&#8217;l\u00fc Slip K\u00fclot K\u0131z \u00c7ocuk i\u00e7in hemen DeFacto&#8217;ya t\u0131kla!<\/p>\n<p>\u2014 Technical Details \u2014<br \/>\nTak\u0131m \u0130\u00e7eri\u011fi: 3&#8217;l\u00fc<br \/>\nRenk: Pembe<br \/>\n\u0130\u00e7 Giyim Kategori: Slip K\u00fclot<br \/>\nCinsiyet: K\u0131z \u00c7ocuk<br \/>\nKal\u0131p: Regular F\u0131t<br \/>\nMen\u015fei: TR<br \/>\n\u00dcr\u00fcn Grubu: K\u0131z \u00c7ocuk \u2013 Gen\u00e7 K\u0131z \u0130\u00e7 Giyim<\/p>\n","protected":false},"excerpt":{"rendered":"<p>Arad\u0131\u011f\u0131n Pembe K\u0131z \u00c7ocuk \u2013 Gen\u00e7 K\u0131z Unicorn Bask\u0131l\u0131 Penye 3&#8217;l\u00fc Slip K\u00fclot K\u0131z \u00c7ocuk en uygun fiyatla DeFacto&#8217;da! Yeni sezon Pembe K\u0131z \u00c7ocuk \u2013 Gen\u00e7 K\u0131z Unicorn Bask\u0131l\u0131 Penye 3&#8217;l\u00fc Slip K\u00fclot K\u0131z \u00c7ocuk i\u00e7in hemen DeFacto&#8217;ya t\u0131kla! \u2014 Technical Details \u2014 Tak\u0131m \u0130\u00e7eri\u011fi: 3&#8217;l\u00fc Renk: Pembe \u0130\u00e7 Giyim Kategori: Slip K\u00fclot Cinsiyet: K\u0131z [&hellip;]<\/p>\n","protected":false},"featured_media":145846,"comment_status":"open","ping_status":"closed","template":"","meta":[],"product_brand":[],"product_cat":[8733,8715,8694],"product_tag":[10518,10516,10517,10519],"class_list":{"0":"post-145850","1":"product","2":"type-product","3":"status-publish","4":"has-post-thumbnail","6":"product_cat-ic-giyim","7":"product_cat-kiz-cocuklari-2-14-yas","8":"product_cat-cocuklar","9":"product_tag-girls-teen-girls-unicorn-print-cotton-3-pack-panties","10":"product_tag-pink-girls-teen-girls-unicorn-print-cotton-3-pack-panties","11":"product_tag-pink-unicorn-print-cotton-3-pack-panties","12":"product_tag-unicorn-print-cotton-3-pack-panties","13":"pa_brand-defacto","14":"pa_color-acik-pembe","15":"pa_size-2-3-yas-98cm","16":"pa_size-3-4-yas-104-cm","17":"pa_size-4-5-yas-110cm","18":"pa_size-5-6-yas-116cm","19":"pa_size-7-8-yas-128cm","21":"first","22":"instock","23":"sale","24":"shipping-taxable","25":"purchasable","26":"product-type-variable"},"_links":{"self":[{"href":"http:\/\/mod.wisdar.net\/tr\/wp-json\/wp\/v2\/product\/145850","targetHints":{"allow":["GET"]}}],"collection":[{"href":"http:\/\/mod.wisdar.net\/tr\/wp-json\/wp\/v2\/product"}],"about":[{"href":"http:\/\/mod.wisdar.net\/tr\/wp-json\/wp\/v2\/types\/product"}],"replies":[{"embeddable":true,"href":"http:\/\/mod.wisdar.net\/tr\/wp-json\/wp\/v2\/comments?post=145850"}],"wp:featuredmedia":[{"embeddable":true,"href":"http:\/\/mod.wisdar.net\/tr\/wp-json\/wp\/v2\/media\/145846"}],"wp:attachment":[{"href":"http:\/\/mod.wisdar.net\/tr\/wp-json\/wp\/v2\/media?parent=145850"}],"wp:term":[{"taxonomy":"product_brand","embeddable":true,"href":"http:\/\/mod.wisdar.net\/tr\/wp-json\/wp\/v2\/product_brand?post=145850"},{"taxonomy":"product_cat","embeddable":true,"href":"http:\/\/mod.wisdar.net\/tr\/wp-json\/wp\/v2\/product_cat?post=145850"},{"taxonomy":"product_tag","embeddable":true,"href":"http:\/\/mod.wisdar.net\/tr\/wp-json\/wp\/v2\/product_tag?post=145850"}],"curies":[{"name":"wp","href":"https:\/\/api.w.org\/{rel}","templated":true}]}}