{"id":149254,"date":"2026-02-22T19:49:08","date_gmt":"2026-02-22T19:49:08","guid":{"rendered":"https:\/\/modesthanim.com\/product\/erkek-bebek-pamuklu-yengec-nakis-detayli-kisa-kollu-bisiklet-yaka-cizgili-tisort\/"},"modified":"2026-03-03T10:11:36","modified_gmt":"2026-03-03T10:11:36","slug":"erkek-bebek-pamuklu-yengec-nakis-detayli-kisa-kollu-bisiklet-yaka-cizgili-tisort","status":"publish","type":"product","link":"http:\/\/mod.wisdar.net\/tr\/urun\/erkek-bebek-pamuklu-yengec-nakis-detayli-kisa-kollu-bisiklet-yaka-cizgili-tisort\/","title":{"rendered":"Erkek Bebek Pamuklu Yenge\u00e7 Nak\u0131\u015f Detayl\u0131 K\u0131sa Kollu Bisiklet Yaka \u00c7izgili Ti\u015f\u00f6rt"},"content":{"rendered":"<p>\u00c7izgili k\u0131sa kollu ti\u015f\u00f6rt, pamuklu ve yumu\u015fak dokusuyla bebe\u011finizin cildine dost bir se\u00e7enektir. \u00dczerindeki sevimli yenge\u00e7 nak\u0131\u015f\u0131 ti\u015f\u00f6rte e\u011flenceli ve sevimli bir g\u00f6r\u00fcn\u00fcm kazand\u0131r\u0131yor. Pamuklu yap\u0131s\u0131 sayesinde her mevsim konfor sa\u011flarken, bebeklerin rahat\u00e7a hareket etmesine olanak tan\u0131yor.<\/p>\n<p>\u00dcr\u00fcn \u00d6zellikleri<br \/>\nKol Tipi: K\u0131sa Kol<br \/>\nYaka Tipi: Bisiklet Yaka<br \/>\nDetay: Nak\u0131\u015f Detayl\u0131<br \/>\nKuma\u015f: %100 Pamuk<br \/>\nKullan\u0131m Alan\u0131: G\u00fcnl\u00fck Giyim<\/p>\n<p>Koton erkek bebek giyim koleksiyonu rahat ve e\u011flenceli par\u00e7alar\u0131yla miniklerin d\u00fcnyas\u0131na renk kat\u0131yor! Koton&#8217;un rahatl\u0131\u011f\u0131 ve \u015f\u0131kl\u0131\u011f\u0131 bir araya getiren tasar\u0131mlar\u0131n\u0131 ke\u015ffedin!<\/p>\n<p>\u00dcr\u00fcnlerimiz kimyasallara kar\u015f\u0131 test edilerek, t\u00fcm g\u00fcvenlik kurallar\u0131na uygun olarak \u00fcretilir. \u00dcr\u00fcnlerimizde sa\u011fl\u0131\u011fa zararl\u0131 boyalar ve a\u011f\u0131r metaller, tehlikeli yutulabilecek k\u00fc\u00e7\u00fck ve keskin par\u00e7alar, kordon ve ba\u011fc\u0131klar bulunmamaktad\u0131r.<\/p>\n<p>\u2014 Technical Details \u2014<br \/>\nKuma\u015f: %100 PAMUK<br \/>\nKol Boyu: K\u0131sa Kol<br \/>\nKol Tipi: D\u00fc\u015f\u00fck Omuz<br \/>\nYaka Tipi: Bisiklet Yaka<br \/>\n\u00dcr\u00fcn\u00fcn Alt Markas\u0131: Kidswear<br \/>\nSat\u0131c\u0131\/\u0130malat\u00e7\u0131\/\u0130thalat\u00e7\u0131 \u0130smi: Koton Ma\u011fazac\u0131l\u0131k Tekstil Sanayi ve Ticaret A.\u015e.<br \/>\nPosta Adresi: Ayaza\u011fa Mah. Maslak Ayaza\u011fa Cad. No:3 \u0130\u00e7 Kap\u0131 No:5 Sar\u0131yer\/\u0130stanbul<br \/>\nE-Posta Adresi: mim@koton.com<\/p>\n","protected":false},"excerpt":{"rendered":"<p>\u00c7izgili k\u0131sa kollu ti\u015f\u00f6rt, pamuklu ve yumu\u015fak dokusuyla bebe\u011finizin cildine dost bir se\u00e7enektir. \u00dczerindeki sevimli yenge\u00e7 nak\u0131\u015f\u0131 ti\u015f\u00f6rte e\u011flenceli ve sevimli bir g\u00f6r\u00fcn\u00fcm kazand\u0131r\u0131yor. Pamuklu yap\u0131s\u0131 sayesinde her mevsim konfor sa\u011flarken, bebeklerin rahat\u00e7a hareket etmesine olanak tan\u0131yor. \u00dcr\u00fcn \u00d6zellikleri Kol Tipi: K\u0131sa Kol Yaka Tipi: Bisiklet Yaka Detay: Nak\u0131\u015f Detayl\u0131 Kuma\u015f: %100 Pamuk Kullan\u0131m Alan\u0131: [&hellip;]<\/p>\n","protected":false},"featured_media":149246,"comment_status":"open","ping_status":"closed","template":"","meta":[],"product_brand":[],"product_cat":[8739,8694,8742,8697,8700],"product_tag":[7354],"class_list":{"0":"post-149254","1":"product","2":"type-product","3":"status-publish","4":"has-post-thumbnail","6":"product_cat-erkek-cocuklar-2-14-yas","7":"product_cat-cocuklar","8":"product_cat-tisortler-gomlekler","9":"product_cat-yenidogan-0-12-ay","10":"product_cat-yenidogan-giyim","11":"product_tag-gunluk-giyim-2","12":"pa_brand-koton","13":"pa_color-ekru-cizgili","14":"pa_size-12-18-ay-2","15":"pa_size-18-24-ay-2","16":"pa_size-24-36-ay-2","17":"pa_size-3-4-yas-2","18":"pa_size-4-5-yas-2","20":"first","21":"instock","22":"sale","23":"shipping-taxable","24":"purchasable","25":"product-type-variable"},"_links":{"self":[{"href":"http:\/\/mod.wisdar.net\/tr\/wp-json\/wp\/v2\/product\/149254","targetHints":{"allow":["GET"]}}],"collection":[{"href":"http:\/\/mod.wisdar.net\/tr\/wp-json\/wp\/v2\/product"}],"about":[{"href":"http:\/\/mod.wisdar.net\/tr\/wp-json\/wp\/v2\/types\/product"}],"replies":[{"embeddable":true,"href":"http:\/\/mod.wisdar.net\/tr\/wp-json\/wp\/v2\/comments?post=149254"}],"wp:featuredmedia":[{"embeddable":true,"href":"http:\/\/mod.wisdar.net\/tr\/wp-json\/wp\/v2\/media\/149246"}],"wp:attachment":[{"href":"http:\/\/mod.wisdar.net\/tr\/wp-json\/wp\/v2\/media?parent=149254"}],"wp:term":[{"taxonomy":"product_brand","embeddable":true,"href":"http:\/\/mod.wisdar.net\/tr\/wp-json\/wp\/v2\/product_brand?post=149254"},{"taxonomy":"product_cat","embeddable":true,"href":"http:\/\/mod.wisdar.net\/tr\/wp-json\/wp\/v2\/product_cat?post=149254"},{"taxonomy":"product_tag","embeddable":true,"href":"http:\/\/mod.wisdar.net\/tr\/wp-json\/wp\/v2\/product_tag?post=149254"}],"curies":[{"name":"wp","href":"https:\/\/api.w.org\/{rel}","templated":true}]}}