{"id":156610,"date":"2026-02-24T13:33:32","date_gmt":"2026-02-24T13:33:32","guid":{"rendered":"https:\/\/modesthanim.com\/product\/baby-mom-anne-pijama-takimi-bagcikli-v-yaka-uzun-paca-uzun-kol\/"},"modified":"2026-04-03T22:41:11","modified_gmt":"2026-04-03T22:41:11","slug":"baby-mom-anne-pijama-takimi-bagcikli-v-yaka-uzun-paca-uzun-kol","status":"publish","type":"product","link":"http:\/\/mod.wisdar.net\/tr\/urun\/baby-mom-anne-pijama-takimi-bagcikli-v-yaka-uzun-paca-uzun-kol\/","title":{"rendered":"Baby Mom, Anne, Pijama Tak\u0131m\u0131, Ba\u011fc\u0131kl\u0131, V Yaka, Uzun Pa\u00e7a, Uzun Kol"},"content":{"rendered":"<p>Baby Mom Anne Pijama Tak\u0131m\u0131 V Yaka modeli, g\u00fcnl\u00fck kullan\u0131m i\u00e7in konfor ve \u015f\u0131kl\u0131\u011f\u0131 bir arada sunar. V yaka detay\u0131yla sade ama zarif bir g\u00f6r\u00fcn\u00fcm sa\u011flayan \u00fcr\u00fcn, normal kal\u0131p yap\u0131s\u0131 sayesinde v\u00fccuda tam oturur. %95 viskon ve %5 elastan i\u00e7eri\u011fe sahip yumu\u015fak kuma\u015f\u0131, cilt dostu dokusuyla g\u00fcn boyu rahatl\u0131k sunarken, esnek yap\u0131s\u0131yla hareket \u00f6zg\u00fcrl\u00fc\u011f\u00fcn\u00fc destekler. S bedenden 2XL bedene kadar geni\u015f beden se\u00e7enekleri sunan bu pijama tak\u0131m\u0131, farkl\u0131 v\u00fccut \u00f6l\u00e7\u00fclerine sahip anneler i\u00e7in ideal bir tercih olu\u015fturur. Sitemizdeki t\u00fcm anne pijama tak\u0131m \u00fcr\u00fcnlerine buradan ula\u015fabilirsiniz. Baby Mom Anne Pijama Tak\u0131m\u0131 Viskon V Yaka \u00d6zellikler: \u00dcr\u00fcn Grubu: Bebek Pijama Tak\u0131m Yaka Tipi : V Yaka Kullan\u0131m Tipi: G\u00fcnl\u00fck Kullan\u0131m Kal\u0131p: Normal Kal\u0131p Kuma\u015f: %95 Viskon \u2013 %5 Elastan Yumu\u015fak kuma\u015f dokusu ve rahat kal\u0131ba sahiptir. 30 derecede y\u0131kanabilir.<\/p>\n<p>\u2014 Technical Details \u2014<br \/>\n\u00dcr\u00fcn Grubu: PJM-Pijama Tak\u0131m\u0131<br \/>\nCinsiyet: A<br \/>\nTak\u0131m \/ Tekil: Tak\u0131m<br \/>\nFit: Standart<br \/>\nMalzeme T\u00fcr\u00fc: \u00d6rme<br \/>\nBa\u011flama Tipi: Ba\u011fc\u0131kl\u0131<br \/>\nYaka Tipi: V Yaka<br \/>\nMen\u015fei: T\u00fcrkiye<\/p>\n","protected":false},"excerpt":{"rendered":"<p>Baby Mom Anne Pijama Tak\u0131m\u0131 V Yaka modeli, g\u00fcnl\u00fck kullan\u0131m i\u00e7in konfor ve \u015f\u0131kl\u0131\u011f\u0131 bir arada sunar. V yaka detay\u0131yla sade ama zarif bir g\u00f6r\u00fcn\u00fcm sa\u011flayan \u00fcr\u00fcn, normal kal\u0131p yap\u0131s\u0131 sayesinde v\u00fccuda tam oturur. %95 viskon ve %5 elastan i\u00e7eri\u011fe sahip yumu\u015fak kuma\u015f\u0131, cilt dostu dokusuyla g\u00fcn boyu rahatl\u0131k sunarken, esnek yap\u0131s\u0131yla hareket \u00f6zg\u00fcrl\u00fc\u011f\u00fcn\u00fc destekler. [&hellip;]<\/p>\n","protected":false},"featured_media":156600,"comment_status":"open","ping_status":"closed","template":"","meta":[],"product_brand":[],"product_cat":[8763,8772],"product_tag":[11071,9565,11070,11072,9606,10098,9570],"class_list":{"0":"post-156610","1":"product","2":"type-product","3":"status-publish","4":"has-post-thumbnail","6":"product_cat-hamilelik-urunleri","7":"product_cat-pijama-takimlari","8":"product_tag-comfortable-pajama-set","9":"product_tag-maternity-sleepwear","10":"product_tag-mom-pajamas","11":"product_tag-soft-viscose-pajamas","12":"product_tag-turkish-pajamas","13":"product_tag-v-neck-pajamas","14":"product_tag-womens-sleepwear","15":"pa_brand-baby-mom","16":"pa_color-lacivert","17":"pa_size-2xl","18":"pa_size-l","19":"pa_size-m","20":"pa_size-s","21":"pa_size-xl","23":"first","24":"instock","25":"sale","26":"shipping-taxable","27":"purchasable","28":"product-type-variable"},"_links":{"self":[{"href":"http:\/\/mod.wisdar.net\/tr\/wp-json\/wp\/v2\/product\/156610","targetHints":{"allow":["GET"]}}],"collection":[{"href":"http:\/\/mod.wisdar.net\/tr\/wp-json\/wp\/v2\/product"}],"about":[{"href":"http:\/\/mod.wisdar.net\/tr\/wp-json\/wp\/v2\/types\/product"}],"replies":[{"embeddable":true,"href":"http:\/\/mod.wisdar.net\/tr\/wp-json\/wp\/v2\/comments?post=156610"}],"wp:featuredmedia":[{"embeddable":true,"href":"http:\/\/mod.wisdar.net\/tr\/wp-json\/wp\/v2\/media\/156600"}],"wp:attachment":[{"href":"http:\/\/mod.wisdar.net\/tr\/wp-json\/wp\/v2\/media?parent=156610"}],"wp:term":[{"taxonomy":"product_brand","embeddable":true,"href":"http:\/\/mod.wisdar.net\/tr\/wp-json\/wp\/v2\/product_brand?post=156610"},{"taxonomy":"product_cat","embeddable":true,"href":"http:\/\/mod.wisdar.net\/tr\/wp-json\/wp\/v2\/product_cat?post=156610"},{"taxonomy":"product_tag","embeddable":true,"href":"http:\/\/mod.wisdar.net\/tr\/wp-json\/wp\/v2\/product_tag?post=156610"}],"curies":[{"name":"wp","href":"https:\/\/api.w.org\/{rel}","templated":true}]}}