{"id":158115,"date":"2026-02-27T19:15:32","date_gmt":"2026-02-27T19:15:32","guid":{"rendered":"https:\/\/modesthanim.com\/product\/ekose-sifon-baskili-etek-murdum\/"},"modified":"2026-03-02T20:20:22","modified_gmt":"2026-03-02T20:20:22","slug":"ekose-sifon-baskili-etek-murdum","status":"publish","type":"product","link":"http:\/\/mod.wisdar.net\/tr\/urun\/ekose-sifon-baskili-etek-murdum\/","title":{"rendered":"Ekose \u015eifon Bask\u0131l\u0131 Etek \u2013 M\u00fcrd\u00fcm"},"content":{"rendered":"<p>KUMA\u015e: \u015e\u0130FON KUMA\u015eTIR.<br \/>\nASTAR KULLANILMI\u015eTIR. BEL LAST\u0130KL\u0130D\u0130R.<\/p>\n","protected":false},"excerpt":{"rendered":"<p>KUMA\u015e: \u015e\u0130FON KUMA\u015eTIR. ASTAR KULLANILMI\u015eTIR. BEL LAST\u0130KL\u0130D\u0130R.<\/p>\n","protected":false},"featured_media":158109,"comment_status":"open","ping_status":"closed","template":"","meta":[],"product_brand":[],"product_cat":[8718,8715,8694],"product_tag":[],"class_list":{"0":"post-158115","1":"product","2":"type-product","3":"status-publish","4":"has-post-thumbnail","6":"product_cat-elbiseler-etekler","7":"product_cat-kiz-cocuklari-2-14-yas","8":"product_cat-cocuklar","9":"pa_color-murdum","11":"first","12":"instock","13":"shipping-taxable","14":"purchasable","15":"product-type-variable"},"_links":{"self":[{"href":"http:\/\/mod.wisdar.net\/tr\/wp-json\/wp\/v2\/product\/158115","targetHints":{"allow":["GET"]}}],"collection":[{"href":"http:\/\/mod.wisdar.net\/tr\/wp-json\/wp\/v2\/product"}],"about":[{"href":"http:\/\/mod.wisdar.net\/tr\/wp-json\/wp\/v2\/types\/product"}],"replies":[{"embeddable":true,"href":"http:\/\/mod.wisdar.net\/tr\/wp-json\/wp\/v2\/comments?post=158115"}],"wp:featuredmedia":[{"embeddable":true,"href":"http:\/\/mod.wisdar.net\/tr\/wp-json\/wp\/v2\/media\/158109"}],"wp:attachment":[{"href":"http:\/\/mod.wisdar.net\/tr\/wp-json\/wp\/v2\/media?parent=158115"}],"wp:term":[{"taxonomy":"product_brand","embeddable":true,"href":"http:\/\/mod.wisdar.net\/tr\/wp-json\/wp\/v2\/product_brand?post=158115"},{"taxonomy":"product_cat","embeddable":true,"href":"http:\/\/mod.wisdar.net\/tr\/wp-json\/wp\/v2\/product_cat?post=158115"},{"taxonomy":"product_tag","embeddable":true,"href":"http:\/\/mod.wisdar.net\/tr\/wp-json\/wp\/v2\/product_tag?post=158115"}],"curies":[{"name":"wp","href":"https:\/\/api.w.org\/{rel}","templated":true}]}}