{"id":158302,"date":"2026-02-27T20:39:49","date_gmt":"2026-02-27T20:39:49","guid":{"rendered":"https:\/\/modesthanim.com\/product\/kahverengi-kruvaze-yaka-kadin-trenckot\/"},"modified":"2026-04-14T08:00:53","modified_gmt":"2026-04-14T08:00:53","slug":"kahverengi-kruvaze-yaka-kadin-trenckot","status":"publish","type":"product","link":"http:\/\/mod.wisdar.net\/tr\/urun\/kahverengi-kruvaze-yaka-kadin-trenckot\/","title":{"rendered":"Kahverengi Kruvaze Yaka Kad\u0131n Tren\u00e7kot"},"content":{"rendered":"<p>LCW Modest Kahverengi Kruvaze Yaka Kad\u0131n Tren\u00e7kot size \u00f6zel indirim, taksit ve kap\u0131da \u00f6deme avantajlar\u0131yla LCW&#8217;de! Hemen online al\u0131\u015fveri\u015f yap, \u00fcr\u00fcn kap\u0131na gelsin! \u2013 S6GJ65Z8-HEC<\/p>\n<p>\u2014 Technical Details \u2014<br \/>\nMen\u015fei: Myanmar<br \/>\nSat\u0131c\u0131: LC Waikiki<br \/>\nMarka: LCW Modest<br \/>\n\u00dcr\u00fcn Tipi: Tren\u00e7kot<br \/>\nCinsiyet: Kad\u0131n<br \/>\nKal\u0131p: Loose &amp; Bol<br \/>\nDesen: D\u00fcz<br \/>\nYaka: Kruvaze<br \/>\nKol Boyu: Uzun Kollu<br \/>\nAstar Detay: Polyester<br \/>\nUzunluk: Midi<br \/>\n\u00dcr\u00fcn Aksesuar\u0131: Kemer<br \/>\nKoleksiyon: Tesett\u00fcr Giyim<br \/>\nPar\u00e7a Say\u0131s\u0131: 2 Par\u00e7a<br \/>\nEk \u00d6zellik: D\u00fc\u011fmeli<\/p>\n","protected":false},"excerpt":{"rendered":"<p>LCW Modest Kahverengi Kruvaze Yaka Kad\u0131n Tren\u00e7kot size \u00f6zel indirim, taksit ve kap\u0131da \u00f6deme avantajlar\u0131yla LCW&#8217;de! Hemen online al\u0131\u015fveri\u015f yap, \u00fcr\u00fcn kap\u0131na gelsin! \u2013 S6GJ65Z8-HEC \u2014 Technical Details \u2014 Men\u015fei: Myanmar Sat\u0131c\u0131: LC Waikiki Marka: LCW Modest \u00dcr\u00fcn Tipi: Tren\u00e7kot Cinsiyet: Kad\u0131n Kal\u0131p: Loose &amp; Bol Desen: D\u00fcz Yaka: Kruvaze Kol Boyu: Uzun Kollu Astar [&hellip;]<\/p>\n","protected":false},"featured_media":158292,"comment_status":"open","ping_status":"closed","template":"","meta":[],"product_brand":[],"product_cat":[2047],"product_tag":[],"class_list":{"0":"post-158302","1":"product","2":"type-product","3":"status-publish","4":"has-post-thumbnail","6":"product_cat-paltolar","7":"pa_brand-lcw-modest","8":"pa_color-dark-brown-2","9":"pa_size-4698","10":"pa_size-4701","11":"pa_size-4706","12":"pa_size-4711","13":"pa_size-4713","14":"pa_size-4751","16":"first","17":"instock","18":"sale","19":"shipping-taxable","20":"purchasable","21":"product-type-variable"},"_links":{"self":[{"href":"http:\/\/mod.wisdar.net\/tr\/wp-json\/wp\/v2\/product\/158302","targetHints":{"allow":["GET"]}}],"collection":[{"href":"http:\/\/mod.wisdar.net\/tr\/wp-json\/wp\/v2\/product"}],"about":[{"href":"http:\/\/mod.wisdar.net\/tr\/wp-json\/wp\/v2\/types\/product"}],"replies":[{"embeddable":true,"href":"http:\/\/mod.wisdar.net\/tr\/wp-json\/wp\/v2\/comments?post=158302"}],"wp:featuredmedia":[{"embeddable":true,"href":"http:\/\/mod.wisdar.net\/tr\/wp-json\/wp\/v2\/media\/158292"}],"wp:attachment":[{"href":"http:\/\/mod.wisdar.net\/tr\/wp-json\/wp\/v2\/media?parent=158302"}],"wp:term":[{"taxonomy":"product_brand","embeddable":true,"href":"http:\/\/mod.wisdar.net\/tr\/wp-json\/wp\/v2\/product_brand?post=158302"},{"taxonomy":"product_cat","embeddable":true,"href":"http:\/\/mod.wisdar.net\/tr\/wp-json\/wp\/v2\/product_cat?post=158302"},{"taxonomy":"product_tag","embeddable":true,"href":"http:\/\/mod.wisdar.net\/tr\/wp-json\/wp\/v2\/product_tag?post=158302"}],"curies":[{"name":"wp","href":"https:\/\/api.w.org\/{rel}","templated":true}]}}