{"id":158524,"date":"2026-02-28T12:20:08","date_gmt":"2026-02-28T12:20:08","guid":{"rendered":"https:\/\/modesthanim.com\/product\/ekose-sifon-baskili-etek-cagla\/"},"modified":"2026-04-15T21:27:27","modified_gmt":"2026-04-15T21:27:27","slug":"ekose-sifon-baskili-etek-cagla","status":"publish","type":"product","link":"http:\/\/mod.wisdar.net\/tr\/urun\/ekose-sifon-baskili-etek-cagla\/","title":{"rendered":"Ekose \u015eifon Bask\u0131l\u0131 Etek \u2013 \u00c7a\u011fla"},"content":{"rendered":"<p>KUMA\u015e: \u015e\u0130FON KUMA\u015eTIR.<\/p>\n<p>ASTAR KULLANILMI\u015eTIR. BEL LAST\u0130KL\u0130D\u0130R.<\/p>\n","protected":false},"excerpt":{"rendered":"<p>KUMA\u015e: \u015e\u0130FON KUMA\u015eTIR. ASTAR KULLANILMI\u015eTIR. BEL LAST\u0130KL\u0130D\u0130R.<\/p>\n","protected":false},"featured_media":158514,"comment_status":"open","ping_status":"closed","template":"","meta":[],"product_brand":[],"product_cat":[8718,8715,8694],"product_tag":[],"class_list":{"0":"post-158524","1":"product","2":"type-product","3":"status-publish","4":"has-post-thumbnail","6":"product_cat-elbiseler-etekler","7":"product_cat-kiz-cocuklari-2-14-yas","8":"product_cat-cocuklar","9":"pa_brand-ahelkids","10":"pa_color-cagla","11":"pa_size-1-2yas","12":"pa_size-2-3yas","13":"pa_size-3-4yas","14":"pa_size-4-5yas","15":"pa_size-5-6yas","16":"pa_size-6-7yas","18":"first","19":"instock","20":"sale","21":"shipping-taxable","22":"purchasable","23":"product-type-variable"},"_links":{"self":[{"href":"http:\/\/mod.wisdar.net\/tr\/wp-json\/wp\/v2\/product\/158524","targetHints":{"allow":["GET"]}}],"collection":[{"href":"http:\/\/mod.wisdar.net\/tr\/wp-json\/wp\/v2\/product"}],"about":[{"href":"http:\/\/mod.wisdar.net\/tr\/wp-json\/wp\/v2\/types\/product"}],"replies":[{"embeddable":true,"href":"http:\/\/mod.wisdar.net\/tr\/wp-json\/wp\/v2\/comments?post=158524"}],"wp:featuredmedia":[{"embeddable":true,"href":"http:\/\/mod.wisdar.net\/tr\/wp-json\/wp\/v2\/media\/158514"}],"wp:attachment":[{"href":"http:\/\/mod.wisdar.net\/tr\/wp-json\/wp\/v2\/media?parent=158524"}],"wp:term":[{"taxonomy":"product_brand","embeddable":true,"href":"http:\/\/mod.wisdar.net\/tr\/wp-json\/wp\/v2\/product_brand?post=158524"},{"taxonomy":"product_cat","embeddable":true,"href":"http:\/\/mod.wisdar.net\/tr\/wp-json\/wp\/v2\/product_cat?post=158524"},{"taxonomy":"product_tag","embeddable":true,"href":"http:\/\/mod.wisdar.net\/tr\/wp-json\/wp\/v2\/product_tag?post=158524"}],"curies":[{"name":"wp","href":"https:\/\/api.w.org\/{rel}","templated":true}]}}