{"id":159273,"date":"2026-02-28T20:45:06","date_gmt":"2026-02-28T20:45:06","guid":{"rendered":"https:\/\/modesthanim.com\/product\/hakim-yaka-uzun-tunik-siyah\/"},"modified":"2026-04-14T13:11:06","modified_gmt":"2026-04-14T13:11:06","slug":"hakim-yaka-uzun-tunik-siyah","status":"publish","type":"product","link":"http:\/\/mod.wisdar.net\/tr\/urun\/hakim-yaka-uzun-tunik-siyah\/","title":{"rendered":"Hakim Yaka Uzun Tunik Siyah"},"content":{"rendered":"<p>%100 pamuk iplikten \u00fcretilen bu hakim yaka uzun tunik, tamamen do\u011fal yap\u0131s\u0131yla nefes alabilir, cilde dost bir konfor ve rahatl\u0131k sunar. Pamuk lifleri sayesinde g\u00fcn boyu ferah bir kullan\u0131m sa\u011flarken \u015f\u0131k bir duru\u015f kazand\u0131r\u0131r.Kollardaki ince b\u00fczg\u00fc detaylar\u0131 modele zarif bir hareket ve \u015f\u0131k bir ayr\u0131nt\u0131 ekler. Basic tasar\u0131m\u0131 sayesinde g\u00fcnl\u00fck kombinlerde hem rahat hem de modern bir stil sunar.Kal\u0131p bilgisi: Rahat bir kal\u0131pt\u0131r; iste\u011fe ba\u011fl\u0131 olarak daha d\u00f6k\u00fcml\u00fc durmas\u0131n\u0131 istemeyenler bir beden k\u00fc\u00e7\u00fck tercih edebilir.Bak\u0131m \u00f6nerisi: 30\u00b0C\u2019de benzer renklerle y\u0131kay\u0131n\u0131z. A\u011fart\u0131c\u0131 kullanmay\u0131n\u0131z. D\u00fc\u015f\u00fck \u0131s\u0131da \u00fct\u00fcleyiniz.Boy: 117 cm (\u00dcr\u00fcn boyu \u00fcretimler aras\u0131 1-5 cm de\u011fi\u015febilir.)Kal\u0131p Bilgisi:G\u00f6\u011f\u00fcsBasen Kol Boyu Pazu 36 Beden: 126 cm 130 cm 50,5 cm 48 cm 38 Beden:130 cm 134 cm 51 cm 49 cm 40 Beden: 134 cm 138 cm 51,5 cm 50 cm 42 Beden: 138 cm 142 cm52 cm 51 cm Manken \u00d6l\u00e7\u00fcleri:Boy: 176 cmG\u00f6\u011f\u00fcs: 80 cmBel: 60 cmBasen: 90 cmMankenin \u00dczerindeki Beden: 36<\/p>\n","protected":false},"excerpt":{"rendered":"<p>%100 pamuk iplikten \u00fcretilen bu hakim yaka uzun tunik, tamamen do\u011fal yap\u0131s\u0131yla nefes alabilir, cilde dost bir konfor ve rahatl\u0131k sunar. Pamuk lifleri sayesinde g\u00fcn boyu ferah bir kullan\u0131m sa\u011flarken \u015f\u0131k bir duru\u015f kazand\u0131r\u0131r.Kollardaki ince b\u00fczg\u00fc detaylar\u0131 modele zarif bir hareket ve \u015f\u0131k bir ayr\u0131nt\u0131 ekler. Basic tasar\u0131m\u0131 sayesinde g\u00fcnl\u00fck kombinlerde hem rahat hem de [&hellip;]<\/p>\n","protected":false},"featured_media":159262,"comment_status":"open","ping_status":"closed","template":"","meta":[],"product_brand":[],"product_cat":[2050],"product_tag":[6770,7488],"class_list":{"0":"post-159273","1":"product","2":"type-product","3":"status-publish","4":"has-post-thumbnail","6":"product_cat-blazer-ceketler","7":"product_tag-gunluk-giyim","8":"product_tag-pamuk","9":"pa_brand-he-qa","10":"pa_color-siyah","11":"pa_size-4701","12":"pa_size-4706","13":"pa_size-4711","14":"pa_size-4713","16":"first","17":"instock","18":"sale","19":"shipping-taxable","20":"purchasable","21":"product-type-variable"},"_links":{"self":[{"href":"http:\/\/mod.wisdar.net\/tr\/wp-json\/wp\/v2\/product\/159273","targetHints":{"allow":["GET"]}}],"collection":[{"href":"http:\/\/mod.wisdar.net\/tr\/wp-json\/wp\/v2\/product"}],"about":[{"href":"http:\/\/mod.wisdar.net\/tr\/wp-json\/wp\/v2\/types\/product"}],"replies":[{"embeddable":true,"href":"http:\/\/mod.wisdar.net\/tr\/wp-json\/wp\/v2\/comments?post=159273"}],"wp:featuredmedia":[{"embeddable":true,"href":"http:\/\/mod.wisdar.net\/tr\/wp-json\/wp\/v2\/media\/159262"}],"wp:attachment":[{"href":"http:\/\/mod.wisdar.net\/tr\/wp-json\/wp\/v2\/media?parent=159273"}],"wp:term":[{"taxonomy":"product_brand","embeddable":true,"href":"http:\/\/mod.wisdar.net\/tr\/wp-json\/wp\/v2\/product_brand?post=159273"},{"taxonomy":"product_cat","embeddable":true,"href":"http:\/\/mod.wisdar.net\/tr\/wp-json\/wp\/v2\/product_cat?post=159273"},{"taxonomy":"product_tag","embeddable":true,"href":"http:\/\/mod.wisdar.net\/tr\/wp-json\/wp\/v2\/product_tag?post=159273"}],"curies":[{"name":"wp","href":"https:\/\/api.w.org\/{rel}","templated":true}]}}