{"id":161330,"date":"2026-03-01T06:33:20","date_gmt":"2026-03-01T06:33:20","guid":{"rendered":"https:\/\/modesthanim.com\/product\/kahverengi-beli-lastikli-pileli-etek\/"},"modified":"2026-04-11T02:52:45","modified_gmt":"2026-04-11T02:52:45","slug":"kahverengi-beli-lastikli-pileli-etek","status":"publish","type":"product","link":"http:\/\/mod.wisdar.net\/tr\/urun\/kahverengi-beli-lastikli-pileli-etek\/","title":{"rendered":"Kahverengi Beli Lastikli Pileli Etek"},"content":{"rendered":"<p>LCW STUDIO Kahverengi Beli Lastikli Pileli Etek size \u00f6zel indirim, taksit ve kap\u0131da \u00f6deme avantajlar\u0131yla LCW&#8217;de! Hemen online al\u0131\u015fveri\u015f yap, \u00fcr\u00fcn kap\u0131na gelsin! \u2013 S6IY64Z8-E6F<\/p>\n<p>\u2014 Teknik Detaylar \u2014<br \/>\nMen\u015fei: T\u00fcrkiye<br \/>\nSat\u0131c\u0131: LC Waikiki<br \/>\nMarka: LCW STUDIO<br \/>\n\u00dcr\u00fcn Tipi: Etek<br \/>\nCinsiyet: Kad\u0131n<br \/>\nKal\u0131p: Bol ve Rahat<br \/>\nKuma\u015f: Gabardin<br \/>\nBel Fiti: Lastikli Bel<br \/>\nDesen: D\u00fcz<br \/>\nSiluet: Pileli<br \/>\nAstar Detay: Astars\u0131z<br \/>\nUzunluk: Uzun<br \/>\nV\u00fccut Tipi: B\u00fcy\u00fck Beden<\/p>\n","protected":false},"excerpt":{"rendered":"<p>LCW STUDIO Kahverengi Beli Lastikli Pileli Etek size \u00f6zel indirim, taksit ve kap\u0131da \u00f6deme avantajlar\u0131yla LCW&#8217;de! Hemen online al\u0131\u015fveri\u015f yap, \u00fcr\u00fcn kap\u0131na gelsin! \u2013 S6IY64Z8-E6F \u2014 Teknik Detaylar \u2014 Men\u015fei: T\u00fcrkiye Sat\u0131c\u0131: LC Waikiki Marka: LCW STUDIO \u00dcr\u00fcn Tipi: Etek Cinsiyet: Kad\u0131n Kal\u0131p: Bol ve Rahat Kuma\u015f: Gabardin Bel Fiti: Lastikli Bel Desen: D\u00fcz Siluet: [&hellip;]<\/p>\n","protected":false},"featured_media":161324,"comment_status":"open","ping_status":"closed","template":"","meta":[],"product_brand":[],"product_cat":[1969],"product_tag":[],"class_list":{"0":"post-161330","1":"product","2":"type-product","3":"status-publish","4":"has-post-thumbnail","6":"product_cat-etekler","7":"pa_brand-lcw-studio","8":"pa_color-kahverengi","9":"pa_size-4701","10":"pa_size-4706","11":"pa_size-4711","12":"pa_size-4713","13":"pa_size-4751","14":"pa_size-4749","15":"pa_size-4747","17":"first","18":"instock","19":"shipping-taxable","20":"purchasable","21":"product-type-variable"},"_links":{"self":[{"href":"http:\/\/mod.wisdar.net\/tr\/wp-json\/wp\/v2\/product\/161330","targetHints":{"allow":["GET"]}}],"collection":[{"href":"http:\/\/mod.wisdar.net\/tr\/wp-json\/wp\/v2\/product"}],"about":[{"href":"http:\/\/mod.wisdar.net\/tr\/wp-json\/wp\/v2\/types\/product"}],"replies":[{"embeddable":true,"href":"http:\/\/mod.wisdar.net\/tr\/wp-json\/wp\/v2\/comments?post=161330"}],"wp:featuredmedia":[{"embeddable":true,"href":"http:\/\/mod.wisdar.net\/tr\/wp-json\/wp\/v2\/media\/161324"}],"wp:attachment":[{"href":"http:\/\/mod.wisdar.net\/tr\/wp-json\/wp\/v2\/media?parent=161330"}],"wp:term":[{"taxonomy":"product_brand","embeddable":true,"href":"http:\/\/mod.wisdar.net\/tr\/wp-json\/wp\/v2\/product_brand?post=161330"},{"taxonomy":"product_cat","embeddable":true,"href":"http:\/\/mod.wisdar.net\/tr\/wp-json\/wp\/v2\/product_cat?post=161330"},{"taxonomy":"product_tag","embeddable":true,"href":"http:\/\/mod.wisdar.net\/tr\/wp-json\/wp\/v2\/product_tag?post=161330"}],"curies":[{"name":"wp","href":"https:\/\/api.w.org\/{rel}","templated":true}]}}