{"id":161491,"date":"2026-03-01T12:02:20","date_gmt":"2026-03-01T12:02:20","guid":{"rendered":"https:\/\/modesthanim.com\/product\/pamuk-compact-saten-balon-etek-lacivert\/"},"modified":"2026-03-03T07:30:27","modified_gmt":"2026-03-03T07:30:27","slug":"pamuk-compact-saten-balon-etek-lacivert","status":"publish","type":"product","link":"http:\/\/mod.wisdar.net\/tr\/urun\/pamuk-compact-saten-balon-etek-lacivert\/","title":{"rendered":"Pamuk Compact Saten Balon Etek \u2013 Lacivert"},"content":{"rendered":"<p>KUMA\u015e: %100 PAMUK COMPACT SATEN KUMA\u015eTAN \u00dcRET\u0130LM\u0130\u015eT\u0130R.<\/p>\n","protected":false},"excerpt":{"rendered":"<p>KUMA\u015e: %100 PAMUK COMPACT SATEN KUMA\u015eTAN \u00dcRET\u0130LM\u0130\u015eT\u0130R.<\/p>\n","protected":false},"featured_media":161487,"comment_status":"open","ping_status":"closed","template":"","meta":[],"product_brand":[],"product_cat":[8718,8715,8694],"product_tag":[],"class_list":{"0":"post-161491","1":"product","2":"type-product","3":"status-publish","4":"has-post-thumbnail","6":"product_cat-elbiseler-etekler","7":"product_cat-kiz-cocuklari-2-14-yas","8":"product_cat-cocuklar","9":"pa_color-lacivert","11":"first","12":"instock","13":"sale","14":"shipping-taxable","15":"purchasable","16":"product-type-variable"},"_links":{"self":[{"href":"http:\/\/mod.wisdar.net\/tr\/wp-json\/wp\/v2\/product\/161491","targetHints":{"allow":["GET"]}}],"collection":[{"href":"http:\/\/mod.wisdar.net\/tr\/wp-json\/wp\/v2\/product"}],"about":[{"href":"http:\/\/mod.wisdar.net\/tr\/wp-json\/wp\/v2\/types\/product"}],"replies":[{"embeddable":true,"href":"http:\/\/mod.wisdar.net\/tr\/wp-json\/wp\/v2\/comments?post=161491"}],"wp:featuredmedia":[{"embeddable":true,"href":"http:\/\/mod.wisdar.net\/tr\/wp-json\/wp\/v2\/media\/161487"}],"wp:attachment":[{"href":"http:\/\/mod.wisdar.net\/tr\/wp-json\/wp\/v2\/media?parent=161491"}],"wp:term":[{"taxonomy":"product_brand","embeddable":true,"href":"http:\/\/mod.wisdar.net\/tr\/wp-json\/wp\/v2\/product_brand?post=161491"},{"taxonomy":"product_cat","embeddable":true,"href":"http:\/\/mod.wisdar.net\/tr\/wp-json\/wp\/v2\/product_cat?post=161491"},{"taxonomy":"product_tag","embeddable":true,"href":"http:\/\/mod.wisdar.net\/tr\/wp-json\/wp\/v2\/product_tag?post=161491"}],"curies":[{"name":"wp","href":"https:\/\/api.w.org\/{rel}","templated":true}]}}