{"id":162180,"date":"2026-03-01T22:10:37","date_gmt":"2026-03-01T22:10:37","guid":{"rendered":"https:\/\/modesthanim.com\/product\/ribanali-takim-siyah-beyaz\/"},"modified":"2026-04-04T03:22:31","modified_gmt":"2026-04-04T03:22:31","slug":"ribanali-takim-siyah-beyaz","status":"publish","type":"product","link":"http:\/\/mod.wisdar.net\/tr\/urun\/ribanali-takim-siyah-beyaz\/","title":{"rendered":"Ribanal\u0131 Tak\u0131m Siyah Beyaz"},"content":{"rendered":"<p>Pamuklu kuma\u015ftan \u00fcretilmi\u015f, ribanal\u0131 \u00e7izgili tak\u0131m. Ti\u015f\u00f6rt bisiklet yakal\u0131, etiket detayl\u0131. Pantolon beli ve pa\u00e7as\u0131 lastikli, \u00f6nde iki adet torba cepli.<\/p>\n","protected":false},"excerpt":{"rendered":"<p>Pamuklu kuma\u015ftan \u00fcretilmi\u015f, ribanal\u0131 \u00e7izgili tak\u0131m. Ti\u015f\u00f6rt bisiklet yakal\u0131, etiket detayl\u0131. Pantolon beli ve pa\u00e7as\u0131 lastikli, \u00f6nde iki adet torba cepli.<\/p>\n","protected":false},"featured_media":162174,"comment_status":"open","ping_status":"closed","template":"","meta":[],"product_brand":[],"product_cat":[8745,8739,8694],"product_tag":[11222,9858,11221,9433,11220,8895],"class_list":{"0":"post-162180","1":"product","2":"type-product","3":"status-publish","4":"has-post-thumbnail","6":"product_cat-erkek-cocuk-takimlari","7":"product_cat-erkek-cocuklar-2-14-yas","8":"product_cat-cocuklar","9":"product_tag-black-and-white","10":"product_tag-casual-set","11":"product_tag-cotton-loungewear","12":"product_tag-elastic-waist-pants","13":"product_tag-ribbed-set","14":"product_tag-striped-outfit","15":"pa_brand-mioma-kids","16":"pa_color-siyah","17":"pa_size-1-2-yas","18":"pa_size-2-3-yas","19":"pa_size-3-4-yas","20":"pa_size-4-5-yas","21":"pa_size-5-6-yas","23":"first","24":"instock","25":"sale","26":"shipping-taxable","27":"purchasable","28":"product-type-variable"},"_links":{"self":[{"href":"http:\/\/mod.wisdar.net\/tr\/wp-json\/wp\/v2\/product\/162180","targetHints":{"allow":["GET"]}}],"collection":[{"href":"http:\/\/mod.wisdar.net\/tr\/wp-json\/wp\/v2\/product"}],"about":[{"href":"http:\/\/mod.wisdar.net\/tr\/wp-json\/wp\/v2\/types\/product"}],"replies":[{"embeddable":true,"href":"http:\/\/mod.wisdar.net\/tr\/wp-json\/wp\/v2\/comments?post=162180"}],"wp:featuredmedia":[{"embeddable":true,"href":"http:\/\/mod.wisdar.net\/tr\/wp-json\/wp\/v2\/media\/162174"}],"wp:attachment":[{"href":"http:\/\/mod.wisdar.net\/tr\/wp-json\/wp\/v2\/media?parent=162180"}],"wp:term":[{"taxonomy":"product_brand","embeddable":true,"href":"http:\/\/mod.wisdar.net\/tr\/wp-json\/wp\/v2\/product_brand?post=162180"},{"taxonomy":"product_cat","embeddable":true,"href":"http:\/\/mod.wisdar.net\/tr\/wp-json\/wp\/v2\/product_cat?post=162180"},{"taxonomy":"product_tag","embeddable":true,"href":"http:\/\/mod.wisdar.net\/tr\/wp-json\/wp\/v2\/product_tag?post=162180"}],"curies":[{"name":"wp","href":"https:\/\/api.w.org\/{rel}","templated":true}]}}