{"id":162253,"date":"2026-03-01T22:12:11","date_gmt":"2026-03-01T22:12:11","guid":{"rendered":"https:\/\/modesthanim.com\/product\/kadife-yakali-ceket-tas\/"},"modified":"2026-03-28T02:52:18","modified_gmt":"2026-03-28T02:52:18","slug":"kadife-yakali-ceket-tas","status":"publish","type":"product","link":"http:\/\/mod.wisdar.net\/tr\/urun\/kadife-yakali-ceket-tas\/","title":{"rendered":"Kadife Yakal\u0131 Ceket Ta\u015f"},"content":{"rendered":"<p>%100 Pamuk kuma\u015ftan \u00fcretilmi\u015f, \u00f6n\u00fc d\u00fc\u011fmeli,iki adet kapakl\u0131 torba cepli, yakas\u0131 ve kol man\u015fetleri kadife, \u00f6nde ve arkada robal\u0131 ceket. Tam kal\u0131pt\u0131r. Mankendeki gibi bir duru\u015f i\u00e7in tam ya\u015f aral\u0131\u011f\u0131n\u0131 tercih edebilirsiniz. 1-2 Ya\u015f: Arka orta boy: 40 cm 2-3 Ya\u015f: Arka orta boy: 43 cm 3-4 Ya\u015f: Arka orta boy: 46 cm 4-5 Ya\u015f: Arka orta boy: 49 cm 5-6 Ya\u015f: Arka orta boy: 52 cm 7-8 Ya\u015f: Arka orta boy: 58 cm<\/p>\n","protected":false},"excerpt":{"rendered":"<p>%100 Pamuk kuma\u015ftan \u00fcretilmi\u015f, \u00f6n\u00fc d\u00fc\u011fmeli,iki adet kapakl\u0131 torba cepli, yakas\u0131 ve kol man\u015fetleri kadife, \u00f6nde ve arkada robal\u0131 ceket. Tam kal\u0131pt\u0131r. Mankendeki gibi bir duru\u015f i\u00e7in tam ya\u015f aral\u0131\u011f\u0131n\u0131 tercih edebilirsiniz. 1-2 Ya\u015f: Arka orta boy: 40 cm 2-3 Ya\u015f: Arka orta boy: 43 cm 3-4 Ya\u015f: Arka orta boy: 46 cm 4-5 Ya\u015f: [&hellip;]<\/p>\n","protected":false},"featured_media":162246,"comment_status":"open","ping_status":"closed","template":"","meta":[],"product_brand":[],"product_cat":[10823,8739,8694],"product_tag":[8396],"class_list":{"0":"post-162253","1":"product","2":"type-product","3":"status-publish","4":"has-post-thumbnail","6":"product_cat-erkek-cocuk-ceket-yelek","7":"product_cat-erkek-cocuklar-2-14-yas","8":"product_cat-cocuklar","9":"product_tag-tas-rengi","10":"pa_color-tas","11":"pa_size-1-2-yas","12":"pa_size-2-3-yas","13":"pa_size-3-4-yas","14":"pa_size-4-5-yas","15":"pa_size-5-6-yas","16":"pa_size-7-8-yas","18":"first","19":"outofstock","20":"shipping-taxable","21":"product-type-variable"},"_links":{"self":[{"href":"http:\/\/mod.wisdar.net\/tr\/wp-json\/wp\/v2\/product\/162253","targetHints":{"allow":["GET"]}}],"collection":[{"href":"http:\/\/mod.wisdar.net\/tr\/wp-json\/wp\/v2\/product"}],"about":[{"href":"http:\/\/mod.wisdar.net\/tr\/wp-json\/wp\/v2\/types\/product"}],"replies":[{"embeddable":true,"href":"http:\/\/mod.wisdar.net\/tr\/wp-json\/wp\/v2\/comments?post=162253"}],"wp:featuredmedia":[{"embeddable":true,"href":"http:\/\/mod.wisdar.net\/tr\/wp-json\/wp\/v2\/media\/162246"}],"wp:attachment":[{"href":"http:\/\/mod.wisdar.net\/tr\/wp-json\/wp\/v2\/media?parent=162253"}],"wp:term":[{"taxonomy":"product_brand","embeddable":true,"href":"http:\/\/mod.wisdar.net\/tr\/wp-json\/wp\/v2\/product_brand?post=162253"},{"taxonomy":"product_cat","embeddable":true,"href":"http:\/\/mod.wisdar.net\/tr\/wp-json\/wp\/v2\/product_cat?post=162253"},{"taxonomy":"product_tag","embeddable":true,"href":"http:\/\/mod.wisdar.net\/tr\/wp-json\/wp\/v2\/product_tag?post=162253"}],"curies":[{"name":"wp","href":"https:\/\/api.w.org\/{rel}","templated":true}]}}