{"id":162266,"date":"2026-03-01T22:12:14","date_gmt":"2026-03-01T22:12:14","guid":{"rendered":"https:\/\/modesthanim.com\/product\/yakasi-firfirli-elbise-kahve\/"},"modified":"2026-04-11T03:55:24","modified_gmt":"2026-04-11T03:55:24","slug":"yakasi-firfirli-elbise-kahve","status":"publish","type":"product","link":"http:\/\/mod.wisdar.net\/tr\/urun\/yakasi-firfirli-elbise-kahve\/","title":{"rendered":"Yakas\u0131 F\u0131rf\u0131rl\u0131 Elbise Kahve"},"content":{"rendered":"<p>Pamuklu kuma\u015ftan \u00fcretilmi\u015f, robal\u0131, f\u0131rf\u0131rl\u0131 yakal\u0131 ,arkada d\u00fc\u011fme detayl\u0131, kollar\u0131 lastik detayl\u0131 elbise. \u00dcr\u00fcnlerimiz bol kal\u0131plara sahiptir. Mankendeki gibi bir duru\u015f i\u00e7in tam ya\u015f aral\u0131\u011f\u0131n\u0131 tercih edebilirsiniz.<\/p>\n","protected":false},"excerpt":{"rendered":"<p>Pamuklu kuma\u015ftan \u00fcretilmi\u015f, robal\u0131, f\u0131rf\u0131rl\u0131 yakal\u0131 ,arkada d\u00fc\u011fme detayl\u0131, kollar\u0131 lastik detayl\u0131 elbise. \u00dcr\u00fcnlerimiz bol kal\u0131plara sahiptir. Mankendeki gibi bir duru\u015f i\u00e7in tam ya\u015f aral\u0131\u011f\u0131n\u0131 tercih edebilirsiniz.<\/p>\n","protected":false},"featured_media":162247,"comment_status":"open","ping_status":"closed","template":"","meta":[],"product_brand":[],"product_cat":[8718,8715,8694],"product_tag":[6939,6746],"class_list":{"0":"post-162266","1":"product","2":"type-product","3":"status-publish","4":"has-post-thumbnail","6":"product_cat-elbiseler-etekler","7":"product_cat-kiz-cocuklari-2-14-yas","8":"product_cat-cocuklar","9":"product_tag-elastik-kollar","10":"product_tag-kahve-elbise","11":"pa_brand-mioma-kids","12":"pa_color-kahverengi","13":"pa_size-1-2-yas","14":"pa_size-2-3-yas","15":"pa_size-3-4-yas","16":"pa_size-4-5-yas","17":"pa_size-5-6-yas","19":"first","20":"instock","21":"sale","22":"shipping-taxable","23":"purchasable","24":"product-type-variable"},"_links":{"self":[{"href":"http:\/\/mod.wisdar.net\/tr\/wp-json\/wp\/v2\/product\/162266","targetHints":{"allow":["GET"]}}],"collection":[{"href":"http:\/\/mod.wisdar.net\/tr\/wp-json\/wp\/v2\/product"}],"about":[{"href":"http:\/\/mod.wisdar.net\/tr\/wp-json\/wp\/v2\/types\/product"}],"replies":[{"embeddable":true,"href":"http:\/\/mod.wisdar.net\/tr\/wp-json\/wp\/v2\/comments?post=162266"}],"wp:featuredmedia":[{"embeddable":true,"href":"http:\/\/mod.wisdar.net\/tr\/wp-json\/wp\/v2\/media\/162247"}],"wp:attachment":[{"href":"http:\/\/mod.wisdar.net\/tr\/wp-json\/wp\/v2\/media?parent=162266"}],"wp:term":[{"taxonomy":"product_brand","embeddable":true,"href":"http:\/\/mod.wisdar.net\/tr\/wp-json\/wp\/v2\/product_brand?post=162266"},{"taxonomy":"product_cat","embeddable":true,"href":"http:\/\/mod.wisdar.net\/tr\/wp-json\/wp\/v2\/product_cat?post=162266"},{"taxonomy":"product_tag","embeddable":true,"href":"http:\/\/mod.wisdar.net\/tr\/wp-json\/wp\/v2\/product_tag?post=162266"}],"curies":[{"name":"wp","href":"https:\/\/api.w.org\/{rel}","templated":true}]}}