{"id":163678,"date":"2026-03-02T19:38:10","date_gmt":"2026-03-02T19:38:10","guid":{"rendered":"https:\/\/modesthanim.com\/product\/vera-trenc-elbise-haki\/"},"modified":"2026-04-02T21:58:26","modified_gmt":"2026-04-02T21:58:26","slug":"vera-trenc-elbise-haki","status":"publish","type":"product","link":"http:\/\/mod.wisdar.net\/tr\/urun\/vera-trenc-elbise-haki\/","title":{"rendered":"Vera Tren\u00e7 Elbise \u2013 Haki"},"content":{"rendered":"<p>\u015e\u0131k ve modern bir tasar\u0131ma sahip Vera Tren\u00e7 Elbise, her mevsim gard\u0131robunuzun vazge\u00e7ilmez par\u00e7as\u0131 olacak. Kaliteli kuma\u015f\u0131 ve zarif kesimiyle hem g\u00fcnl\u00fck kullan\u0131mda hem de \u00f6zel g\u00fcnlerde \u015f\u0131kl\u0131\u011f\u0131n\u0131z\u0131 \u00f6ne \u00e7\u0131kar\u0131r. Haki rengi ile do\u011fal ve minimalist bir tarz sunar.<\/p>\n","protected":false},"excerpt":{"rendered":"<p>\u015e\u0131k ve modern bir tasar\u0131ma sahip Vera Tren\u00e7 Elbise, her mevsim gard\u0131robunuzun vazge\u00e7ilmez par\u00e7as\u0131 olacak. Kaliteli kuma\u015f\u0131 ve zarif kesimiyle hem g\u00fcnl\u00fck kullan\u0131mda hem de \u00f6zel g\u00fcnlerde \u015f\u0131kl\u0131\u011f\u0131n\u0131z\u0131 \u00f6ne \u00e7\u0131kar\u0131r. Haki rengi ile do\u011fal ve minimalist bir tarz sunar.<\/p>\n","protected":false},"featured_media":163669,"comment_status":"open","ping_status":"closed","template":"","meta":[],"product_brand":[],"product_cat":[6249,1933],"product_tag":[],"class_list":{"0":"post-163678","1":"product","2":"type-product","3":"status-publish","4":"has-post-thumbnail","6":"product_cat-elbiseler","7":"product_cat-gunluk-ve-gunduz-elbiseleri","8":"pa_brand-ahel","9":"pa_color-haki","10":"pa_size-4446","11":"pa_size-4463","13":"first","14":"outofstock","15":"shipping-taxable","16":"product-type-variable"},"_links":{"self":[{"href":"http:\/\/mod.wisdar.net\/tr\/wp-json\/wp\/v2\/product\/163678","targetHints":{"allow":["GET"]}}],"collection":[{"href":"http:\/\/mod.wisdar.net\/tr\/wp-json\/wp\/v2\/product"}],"about":[{"href":"http:\/\/mod.wisdar.net\/tr\/wp-json\/wp\/v2\/types\/product"}],"replies":[{"embeddable":true,"href":"http:\/\/mod.wisdar.net\/tr\/wp-json\/wp\/v2\/comments?post=163678"}],"wp:featuredmedia":[{"embeddable":true,"href":"http:\/\/mod.wisdar.net\/tr\/wp-json\/wp\/v2\/media\/163669"}],"wp:attachment":[{"href":"http:\/\/mod.wisdar.net\/tr\/wp-json\/wp\/v2\/media?parent=163678"}],"wp:term":[{"taxonomy":"product_brand","embeddable":true,"href":"http:\/\/mod.wisdar.net\/tr\/wp-json\/wp\/v2\/product_brand?post=163678"},{"taxonomy":"product_cat","embeddable":true,"href":"http:\/\/mod.wisdar.net\/tr\/wp-json\/wp\/v2\/product_cat?post=163678"},{"taxonomy":"product_tag","embeddable":true,"href":"http:\/\/mod.wisdar.net\/tr\/wp-json\/wp\/v2\/product_tag?post=163678"}],"curies":[{"name":"wp","href":"https:\/\/api.w.org\/{rel}","templated":true}]}}