{"id":163708,"date":"2026-03-02T19:39:23","date_gmt":"2026-03-02T19:39:23","guid":{"rendered":"https:\/\/modesthanim.com\/product\/misty-desenli-sifon-elbise-bordo\/"},"modified":"2026-04-15T22:29:41","modified_gmt":"2026-04-15T22:29:41","slug":"misty-desenli-sifon-elbise-bordo","status":"publish","type":"product","link":"http:\/\/mod.wisdar.net\/tr\/urun\/misty-desenli-sifon-elbise-bordo\/","title":{"rendered":"Misty Desenli \u015eifon Elbise \u2013 Bordo"},"content":{"rendered":"<p>Misty deseniyle zarif bir g\u00f6r\u00fcn\u00fcm sunan bu \u015fifon elbise, bordo rengiyle \u015f\u0131kl\u0131\u011f\u0131n\u0131z\u0131 tamaml\u0131yor. Hafif ve ak\u0131c\u0131 kuma\u015f\u0131 sayesinde rahatl\u0131k ve stil bir arada. \u00d6zel g\u00fcnlerde veya g\u00fcnl\u00fck kombinlerinizde fark yaratacak \u015f\u0131k bir se\u00e7im.<\/p>\n","protected":false},"excerpt":{"rendered":"<p>Misty deseniyle zarif bir g\u00f6r\u00fcn\u00fcm sunan bu \u015fifon elbise, bordo rengiyle \u015f\u0131kl\u0131\u011f\u0131n\u0131z\u0131 tamaml\u0131yor. Hafif ve ak\u0131c\u0131 kuma\u015f\u0131 sayesinde rahatl\u0131k ve stil bir arada. \u00d6zel g\u00fcnlerde veya g\u00fcnl\u00fck kombinlerinizde fark yaratacak \u015f\u0131k bir se\u00e7im.<\/p>\n","protected":false},"featured_media":163702,"comment_status":"open","ping_status":"closed","template":"","meta":[],"product_brand":[],"product_cat":[6249,1933],"product_tag":[],"class_list":{"0":"post-163708","1":"product","2":"type-product","3":"status-publish","4":"has-post-thumbnail","6":"product_cat-elbiseler","7":"product_cat-gunluk-ve-gunduz-elbiseleri","8":"pa_brand-ahel","9":"pa_color-bordo","10":"pa_size-4701","11":"pa_size-4706","12":"pa_size-4711","13":"pa_size-4713","15":"first","16":"instock","17":"sale","18":"shipping-taxable","19":"purchasable","20":"product-type-variable"},"_links":{"self":[{"href":"http:\/\/mod.wisdar.net\/tr\/wp-json\/wp\/v2\/product\/163708","targetHints":{"allow":["GET"]}}],"collection":[{"href":"http:\/\/mod.wisdar.net\/tr\/wp-json\/wp\/v2\/product"}],"about":[{"href":"http:\/\/mod.wisdar.net\/tr\/wp-json\/wp\/v2\/types\/product"}],"replies":[{"embeddable":true,"href":"http:\/\/mod.wisdar.net\/tr\/wp-json\/wp\/v2\/comments?post=163708"}],"wp:featuredmedia":[{"embeddable":true,"href":"http:\/\/mod.wisdar.net\/tr\/wp-json\/wp\/v2\/media\/163702"}],"wp:attachment":[{"href":"http:\/\/mod.wisdar.net\/tr\/wp-json\/wp\/v2\/media?parent=163708"}],"wp:term":[{"taxonomy":"product_brand","embeddable":true,"href":"http:\/\/mod.wisdar.net\/tr\/wp-json\/wp\/v2\/product_brand?post=163708"},{"taxonomy":"product_cat","embeddable":true,"href":"http:\/\/mod.wisdar.net\/tr\/wp-json\/wp\/v2\/product_cat?post=163708"},{"taxonomy":"product_tag","embeddable":true,"href":"http:\/\/mod.wisdar.net\/tr\/wp-json\/wp\/v2\/product_tag?post=163708"}],"curies":[{"name":"wp","href":"https:\/\/api.w.org\/{rel}","templated":true}]}}