{"id":164171,"date":"2026-03-03T20:22:15","date_gmt":"2026-03-03T20:22:15","guid":{"rendered":"https:\/\/modesthanim.com\/product\/ekose-sifon-baskili-etek-tas\/"},"modified":"2026-04-09T08:24:43","modified_gmt":"2026-04-09T08:24:43","slug":"ekose-sifon-baskili-etek-tas","status":"publish","type":"product","link":"http:\/\/mod.wisdar.net\/tr\/urun\/ekose-sifon-baskili-etek-tas\/","title":{"rendered":"Ekose \u015eifon Bask\u0131l\u0131 Etek \u2013 Ta\u015f"},"content":{"rendered":"","protected":false},"excerpt":{"rendered":"","protected":false},"featured_media":164167,"comment_status":"open","ping_status":"closed","template":"","meta":[],"product_brand":[],"product_cat":[1969],"product_tag":[6936,5012,8396],"class_list":{"0":"post-164171","1":"product","2":"type-product","3":"status-publish","4":"has-post-thumbnail","6":"product_cat-etekler","7":"product_tag-cok-yonlu","8":"product_tag-elegant","9":"product_tag-tas-rengi","10":"pa_brand-ahel","11":"pa_color-tas","12":"pa_size-4701","13":"pa_size-4706","14":"pa_size-4711","15":"pa_size-4713","17":"first","18":"instock","19":"sale","20":"shipping-taxable","21":"purchasable","22":"product-type-variable"},"_links":{"self":[{"href":"http:\/\/mod.wisdar.net\/tr\/wp-json\/wp\/v2\/product\/164171","targetHints":{"allow":["GET"]}}],"collection":[{"href":"http:\/\/mod.wisdar.net\/tr\/wp-json\/wp\/v2\/product"}],"about":[{"href":"http:\/\/mod.wisdar.net\/tr\/wp-json\/wp\/v2\/types\/product"}],"replies":[{"embeddable":true,"href":"http:\/\/mod.wisdar.net\/tr\/wp-json\/wp\/v2\/comments?post=164171"}],"wp:featuredmedia":[{"embeddable":true,"href":"http:\/\/mod.wisdar.net\/tr\/wp-json\/wp\/v2\/media\/164167"}],"wp:attachment":[{"href":"http:\/\/mod.wisdar.net\/tr\/wp-json\/wp\/v2\/media?parent=164171"}],"wp:term":[{"taxonomy":"product_brand","embeddable":true,"href":"http:\/\/mod.wisdar.net\/tr\/wp-json\/wp\/v2\/product_brand?post=164171"},{"taxonomy":"product_cat","embeddable":true,"href":"http:\/\/mod.wisdar.net\/tr\/wp-json\/wp\/v2\/product_cat?post=164171"},{"taxonomy":"product_tag","embeddable":true,"href":"http:\/\/mod.wisdar.net\/tr\/wp-json\/wp\/v2\/product_tag?post=164171"}],"curies":[{"name":"wp","href":"https:\/\/api.w.org\/{rel}","templated":true}]}}