{"id":164490,"date":"2026-03-03T20:30:39","date_gmt":"2026-03-03T20:30:39","guid":{"rendered":"https:\/\/modesthanim.com\/product\/yaka-nakisli-dacron-gomlek-ekru\/"},"modified":"2026-03-03T20:31:16","modified_gmt":"2026-03-03T20:31:16","slug":"yaka-nakisli-dacron-gomlek-ekru","status":"publish","type":"product","link":"http:\/\/mod.wisdar.net\/tr\/urun\/yaka-nakisli-dacron-gomlek-ekru\/","title":{"rendered":"Yaka Nak\u0131\u015fl\u0131 Dacron G\u00f6mlek \u2013 Ekru"},"content":{"rendered":"","protected":false},"excerpt":{"rendered":"","protected":false},"featured_media":164481,"comment_status":"open","ping_status":"closed","template":"","meta":[],"product_brand":[],"product_cat":[1909],"product_tag":[7959,6906],"class_list":{"0":"post-164490","1":"product","2":"type-product","3":"status-publish","4":"has-post-thumbnail","6":"product_cat-bluzlar-ve-gomlekler","7":"product_tag-resmi-giyim","8":"product_tag-zarif-moda","9":"pa_brand-ahel","10":"pa_color-ekru","11":"pa_size-4446","12":"pa_size-4463","14":"first","15":"instock","16":"sale","17":"shipping-taxable","18":"purchasable","19":"product-type-variable"},"_links":{"self":[{"href":"http:\/\/mod.wisdar.net\/tr\/wp-json\/wp\/v2\/product\/164490","targetHints":{"allow":["GET"]}}],"collection":[{"href":"http:\/\/mod.wisdar.net\/tr\/wp-json\/wp\/v2\/product"}],"about":[{"href":"http:\/\/mod.wisdar.net\/tr\/wp-json\/wp\/v2\/types\/product"}],"replies":[{"embeddable":true,"href":"http:\/\/mod.wisdar.net\/tr\/wp-json\/wp\/v2\/comments?post=164490"}],"wp:featuredmedia":[{"embeddable":true,"href":"http:\/\/mod.wisdar.net\/tr\/wp-json\/wp\/v2\/media\/164481"}],"wp:attachment":[{"href":"http:\/\/mod.wisdar.net\/tr\/wp-json\/wp\/v2\/media?parent=164490"}],"wp:term":[{"taxonomy":"product_brand","embeddable":true,"href":"http:\/\/mod.wisdar.net\/tr\/wp-json\/wp\/v2\/product_brand?post=164490"},{"taxonomy":"product_cat","embeddable":true,"href":"http:\/\/mod.wisdar.net\/tr\/wp-json\/wp\/v2\/product_cat?post=164490"},{"taxonomy":"product_tag","embeddable":true,"href":"http:\/\/mod.wisdar.net\/tr\/wp-json\/wp\/v2\/product_tag?post=164490"}],"curies":[{"name":"wp","href":"https:\/\/api.w.org\/{rel}","templated":true}]}}