{"id":164494,"date":"2026-03-03T20:30:37","date_gmt":"2026-03-03T20:30:37","guid":{"rendered":"https:\/\/modesthanim.com\/product\/yaka-nakisli-dacron-gomlek-bebe-mavisi\/"},"modified":"2026-04-04T06:55:50","modified_gmt":"2026-04-04T06:55:50","slug":"yaka-nakisli-dacron-gomlek-bebe-mavisi","status":"publish","type":"product","link":"http:\/\/mod.wisdar.net\/tr\/urun\/yaka-nakisli-dacron-gomlek-bebe-mavisi\/","title":{"rendered":"Yaka Nak\u0131\u015fl\u0131 Dacron G\u00f6mlek \u2013 bebe mavisi"},"content":{"rendered":"","protected":false},"excerpt":{"rendered":"","protected":false},"featured_media":164480,"comment_status":"open","ping_status":"closed","template":"","meta":[],"product_brand":[],"product_cat":[1909],"product_tag":[7959],"class_list":{"0":"post-164494","1":"product","2":"type-product","3":"status-publish","4":"has-post-thumbnail","6":"product_cat-bluzlar-ve-gomlekler","7":"product_tag-resmi-giyim","8":"pa_brand-ahel","9":"pa_color-bebe-mavisi","10":"pa_size-4446","11":"pa_size-4463","13":"first","14":"instock","15":"sale","16":"shipping-taxable","17":"purchasable","18":"product-type-variable"},"_links":{"self":[{"href":"http:\/\/mod.wisdar.net\/tr\/wp-json\/wp\/v2\/product\/164494","targetHints":{"allow":["GET"]}}],"collection":[{"href":"http:\/\/mod.wisdar.net\/tr\/wp-json\/wp\/v2\/product"}],"about":[{"href":"http:\/\/mod.wisdar.net\/tr\/wp-json\/wp\/v2\/types\/product"}],"replies":[{"embeddable":true,"href":"http:\/\/mod.wisdar.net\/tr\/wp-json\/wp\/v2\/comments?post=164494"}],"wp:featuredmedia":[{"embeddable":true,"href":"http:\/\/mod.wisdar.net\/tr\/wp-json\/wp\/v2\/media\/164480"}],"wp:attachment":[{"href":"http:\/\/mod.wisdar.net\/tr\/wp-json\/wp\/v2\/media?parent=164494"}],"wp:term":[{"taxonomy":"product_brand","embeddable":true,"href":"http:\/\/mod.wisdar.net\/tr\/wp-json\/wp\/v2\/product_brand?post=164494"},{"taxonomy":"product_cat","embeddable":true,"href":"http:\/\/mod.wisdar.net\/tr\/wp-json\/wp\/v2\/product_cat?post=164494"},{"taxonomy":"product_tag","embeddable":true,"href":"http:\/\/mod.wisdar.net\/tr\/wp-json\/wp\/v2\/product_tag?post=164494"}],"curies":[{"name":"wp","href":"https:\/\/api.w.org\/{rel}","templated":true}]}}