{"id":164547,"date":"2026-03-04T08:14:59","date_gmt":"2026-03-04T08:14:59","guid":{"rendered":"https:\/\/modesthanim.com\/product\/%100-pamuk-siyah-etek\/"},"modified":"2026-03-21T03:32:05","modified_gmt":"2026-03-21T03:32:05","slug":"%100-pamuk-siyah-etek","status":"publish","type":"product","link":"http:\/\/mod.wisdar.net\/tr\/urun\/%100-pamuk-siyah-etek\/","title":{"rendered":"%100 Pamuk Siyah Etek"},"content":{"rendered":"<p>%100 pamuk kuma\u015ftan \u00fcretilen bu etek, tamamen do\u011fal lifleri sayesinde nefes alabilen ve cilt dostu bir konfor sunar. Ka\u011f\u0131t efekti dokusu, do\u011fal k\u0131r\u0131\u015f\u0131kl\u0131klarla hafif kal\u0131n bir yap\u0131ya sahiptir ve tasar\u0131ma \u00f6zg\u00fcn bir karakter ile \u015f\u0131kl\u0131k katar; bu k\u0131r\u0131\u015f\u0131kl\u0131klar rahats\u0131zl\u0131k vermez. Kabartmal\u0131 detaylar, ete\u011fe hareket ve zarif bir yap\u0131 kazand\u0131rarak g\u00fcnl\u00fck \u015f\u0131k kombinasyonlar\u0131n\u0131z\u0131 tamamlamay\u0131 kolayla\u015ft\u0131r\u0131r.<br \/>\nUyum bilgisi: Her zamanki bedeninizi se\u00e7in.<br \/>\nBak\u0131m talimatlar\u0131: Benzer renklerle 30\u00b0C&#8217;de y\u0131kay\u0131n. \u00c7ama\u015f\u0131r suyu kullanmay\u0131n. D\u00fc\u015f\u00fck \u0131s\u0131da \u00fct\u00fcleyin.<br \/>\nUzunluk: 92 cm (\u00dcr\u00fcn uzunlu\u011fu \u00fcretim partileri aras\u0131nda 1-3 cm de\u011fi\u015fiklik g\u00f6sterebilir.)<br \/>\nBeden Tablosu:<br \/>\nBel<br \/>\nBeden 36: 66 cm<br \/>\nBeden 38: 70 cm<br \/>\nBeden 40: 74 cm<br \/>\nBeden 42: 78 cm<br \/>\nModelin \u00d6l\u00e7\u00fcleri: Boy: 176 cm G\u00f6\u011f\u00fcs: 80 cm Bel: 60 cm Kal\u00e7a: 90 cm Modelin Giyilen Bedeni: 36<\/p>\n","protected":false},"excerpt":{"rendered":"<p>%100 pamuk kuma\u015ftan \u00fcretilen bu etek, tamamen do\u011fal lifleri sayesinde nefes alabilen ve cilt dostu bir konfor sunar. Ka\u011f\u0131t efekti dokusu, do\u011fal k\u0131r\u0131\u015f\u0131kl\u0131klarla hafif kal\u0131n bir yap\u0131ya sahiptir ve tasar\u0131ma \u00f6zg\u00fcn bir karakter ile \u015f\u0131kl\u0131k katar; bu k\u0131r\u0131\u015f\u0131kl\u0131klar rahats\u0131zl\u0131k vermez. Kabartmal\u0131 detaylar, ete\u011fe hareket ve zarif bir yap\u0131 kazand\u0131rarak g\u00fcnl\u00fck \u015f\u0131k kombinasyonlar\u0131n\u0131z\u0131 tamamlamay\u0131 kolayla\u015ft\u0131r\u0131r. Uyum [&hellip;]<\/p>\n","protected":false},"featured_media":164542,"comment_status":"open","ping_status":"closed","template":"","meta":[],"product_brand":[],"product_cat":[1969],"product_tag":[],"class_list":{"0":"post-164547","1":"product","2":"type-product","3":"status-publish","4":"has-post-thumbnail","6":"product_cat-etekler","7":"pa_brand-he-qa","8":"pa_color-siyah","9":"pa_size-4701","10":"pa_size-4706","11":"pa_size-4711","12":"pa_size-4713","14":"first","15":"instock","16":"sale","17":"shipping-taxable","18":"purchasable","19":"product-type-variable"},"_links":{"self":[{"href":"http:\/\/mod.wisdar.net\/tr\/wp-json\/wp\/v2\/product\/164547","targetHints":{"allow":["GET"]}}],"collection":[{"href":"http:\/\/mod.wisdar.net\/tr\/wp-json\/wp\/v2\/product"}],"about":[{"href":"http:\/\/mod.wisdar.net\/tr\/wp-json\/wp\/v2\/types\/product"}],"replies":[{"embeddable":true,"href":"http:\/\/mod.wisdar.net\/tr\/wp-json\/wp\/v2\/comments?post=164547"}],"wp:featuredmedia":[{"embeddable":true,"href":"http:\/\/mod.wisdar.net\/tr\/wp-json\/wp\/v2\/media\/164542"}],"wp:attachment":[{"href":"http:\/\/mod.wisdar.net\/tr\/wp-json\/wp\/v2\/media?parent=164547"}],"wp:term":[{"taxonomy":"product_brand","embeddable":true,"href":"http:\/\/mod.wisdar.net\/tr\/wp-json\/wp\/v2\/product_brand?post=164547"},{"taxonomy":"product_cat","embeddable":true,"href":"http:\/\/mod.wisdar.net\/tr\/wp-json\/wp\/v2\/product_cat?post=164547"},{"taxonomy":"product_tag","embeddable":true,"href":"http:\/\/mod.wisdar.net\/tr\/wp-json\/wp\/v2\/product_tag?post=164547"}],"curies":[{"name":"wp","href":"https:\/\/api.w.org\/{rel}","templated":true}]}}