{"id":164701,"date":"2026-03-04T08:26:56","date_gmt":"2026-03-04T08:26:56","guid":{"rendered":"https:\/\/modesthanim.com\/product\/genis-yakali-cizgili-gomlek-kahve\/"},"modified":"2026-04-11T06:53:45","modified_gmt":"2026-04-11T06:53:45","slug":"genis-yakali-cizgili-gomlek-kahve","status":"publish","type":"product","link":"http:\/\/mod.wisdar.net\/tr\/urun\/genis-yakali-cizgili-gomlek-kahve\/","title":{"rendered":"Geni\u015f Yakal\u0131 \u00c7izgili G\u00f6mlek \u2013 Kahve"},"content":{"rendered":"","protected":false},"excerpt":{"rendered":"","protected":false},"featured_media":164696,"comment_status":"open","ping_status":"closed","template":"","meta":[],"product_brand":[],"product_cat":[1909],"product_tag":[6823,7426,6744],"class_list":{"0":"post-164701","1":"product","2":"type-product","3":"status-publish","4":"has-post-thumbnail","6":"product_cat-bluzlar-ve-gomlekler","7":"product_tag-genis-yaka","8":"product_tag-gunluk-giyim-3","9":"product_tag-kadin-modasi","10":"pa_brand-ahel","11":"pa_color-kahve","12":"pa_size-4446","13":"pa_size-4463","15":"first","16":"instock","17":"sale","18":"shipping-taxable","19":"purchasable","20":"product-type-variable"},"_links":{"self":[{"href":"http:\/\/mod.wisdar.net\/tr\/wp-json\/wp\/v2\/product\/164701","targetHints":{"allow":["GET"]}}],"collection":[{"href":"http:\/\/mod.wisdar.net\/tr\/wp-json\/wp\/v2\/product"}],"about":[{"href":"http:\/\/mod.wisdar.net\/tr\/wp-json\/wp\/v2\/types\/product"}],"replies":[{"embeddable":true,"href":"http:\/\/mod.wisdar.net\/tr\/wp-json\/wp\/v2\/comments?post=164701"}],"wp:featuredmedia":[{"embeddable":true,"href":"http:\/\/mod.wisdar.net\/tr\/wp-json\/wp\/v2\/media\/164696"}],"wp:attachment":[{"href":"http:\/\/mod.wisdar.net\/tr\/wp-json\/wp\/v2\/media?parent=164701"}],"wp:term":[{"taxonomy":"product_brand","embeddable":true,"href":"http:\/\/mod.wisdar.net\/tr\/wp-json\/wp\/v2\/product_brand?post=164701"},{"taxonomy":"product_cat","embeddable":true,"href":"http:\/\/mod.wisdar.net\/tr\/wp-json\/wp\/v2\/product_cat?post=164701"},{"taxonomy":"product_tag","embeddable":true,"href":"http:\/\/mod.wisdar.net\/tr\/wp-json\/wp\/v2\/product_tag?post=164701"}],"curies":[{"name":"wp","href":"https:\/\/api.w.org\/{rel}","templated":true}]}}