{"id":166126,"date":"2026-03-05T13:53:37","date_gmt":"2026-03-05T13:53:37","guid":{"rendered":"https:\/\/modesthanim.com\/product\/erkek-cocuk-cizgi-detayli-citcit-dugme-kapamali-kisa-kollu-polo-yaka-tisort\/"},"modified":"2026-04-11T05:13:02","modified_gmt":"2026-04-11T05:13:02","slug":"erkek-cocuk-cizgi-detayli-citcit-dugme-kapamali-kisa-kollu-polo-yaka-tisort","status":"publish","type":"product","link":"http:\/\/mod.wisdar.net\/tr\/urun\/erkek-cocuk-cizgi-detayli-citcit-dugme-kapamali-kisa-kollu-polo-yaka-tisort\/","title":{"rendered":"Erkek \u00c7ocuk \u00c7izgi Detayl\u0131 \u00c7\u0131t\u00e7\u0131t D\u00fc\u011fme Kapamal\u0131 K\u0131sa Kollu Polo Yaka Ti\u015f\u00f6rt"},"content":{"rendered":"<p>Polo yaka ti\u015f\u00f6rt, k\u0131sa kollu tasar\u0131m\u0131yla \u00f6ne \u00e7\u0131k\u0131yor. \u00c7\u0131t\u00e7\u0131t d\u00fc\u011fme detaylar\u0131, g\u00fcnl\u00fck kullan\u0131mda pratiklik sunuyor. Pamuklu kuma\u015f\u0131 ve \u00e7izgili detaylar\u0131yla sportif bir hava kazan\u0131yor. \u0130deal bir se\u00e7enek olan ti\u015f\u00f6rt, miniklere rahatl\u0131k sa\u011flayan tasar\u0131m\u0131yla dikkat \u00e7ekiyor.<\/p>\n<p>\u00dcr\u00fcn \u00d6zellikleri<br \/>\nKol Tipi: K\u0131sa Kollu<br \/>\nYaka Tipi: Polo Yaka<br \/>\nDetay: \u00c7\u0131t \u00c7\u0131t D\u00fc\u011fme Detayl\u0131<br \/>\nFit: Regular<br \/>\nKuma\u015f: %100 Pamuk<br \/>\nKullan\u0131m Alan\u0131: G\u00fcnl\u00fck Giyim<\/p>\n<p>Koton erkek \u00e7ocuk giyim koleksiyonu, miniklerin enerjisini yans\u0131t\u0131yor. Rahat ve kullan\u0131\u015fl\u0131 tasar\u0131mlar\u0131yla dikkat \u00e7eken par\u00e7alar ebeveynlerin ilk tercihi oluyor!<\/p>\n","protected":false},"excerpt":{"rendered":"<p>Polo yaka ti\u015f\u00f6rt, k\u0131sa kollu tasar\u0131m\u0131yla \u00f6ne \u00e7\u0131k\u0131yor. \u00c7\u0131t\u00e7\u0131t d\u00fc\u011fme detaylar\u0131, g\u00fcnl\u00fck kullan\u0131mda pratiklik sunuyor. Pamuklu kuma\u015f\u0131 ve \u00e7izgili detaylar\u0131yla sportif bir hava kazan\u0131yor. \u0130deal bir se\u00e7enek olan ti\u015f\u00f6rt, miniklere rahatl\u0131k sa\u011flayan tasar\u0131m\u0131yla dikkat \u00e7ekiyor. \u00dcr\u00fcn \u00d6zellikleri Kol Tipi: K\u0131sa Kollu Yaka Tipi: Polo Yaka Detay: \u00c7\u0131t \u00c7\u0131t D\u00fc\u011fme Detayl\u0131 Fit: Regular Kuma\u015f: %100 Pamuk [&hellip;]<\/p>\n","protected":false},"featured_media":166123,"comment_status":"open","ping_status":"closed","template":"","meta":[],"product_brand":[],"product_cat":[8739,8694,8742],"product_tag":[7912,7426,7488],"class_list":{"0":"post-166126","1":"product","2":"type-product","3":"status-publish","4":"has-post-thumbnail","6":"product_cat-erkek-cocuklar-2-14-yas","7":"product_cat-cocuklar","8":"product_cat-tisortler-gomlekler","9":"product_tag-cizgili","10":"product_tag-gunluk-giyim-3","11":"product_tag-pamuk","12":"pa_brand-koton","13":"pa_color-lacivert","14":"pa_size-11-12-yas-2","15":"pa_size-13-14-yas-2","16":"pa_size-5-6-yas-2","17":"pa_size-6-7-yas-2","18":"pa_size-7-8-yas-2","19":"pa_size-9-10-yas-2","21":"first","22":"outofstock","23":"shipping-taxable","24":"product-type-variable"},"_links":{"self":[{"href":"http:\/\/mod.wisdar.net\/tr\/wp-json\/wp\/v2\/product\/166126","targetHints":{"allow":["GET"]}}],"collection":[{"href":"http:\/\/mod.wisdar.net\/tr\/wp-json\/wp\/v2\/product"}],"about":[{"href":"http:\/\/mod.wisdar.net\/tr\/wp-json\/wp\/v2\/types\/product"}],"replies":[{"embeddable":true,"href":"http:\/\/mod.wisdar.net\/tr\/wp-json\/wp\/v2\/comments?post=166126"}],"wp:featuredmedia":[{"embeddable":true,"href":"http:\/\/mod.wisdar.net\/tr\/wp-json\/wp\/v2\/media\/166123"}],"wp:attachment":[{"href":"http:\/\/mod.wisdar.net\/tr\/wp-json\/wp\/v2\/media?parent=166126"}],"wp:term":[{"taxonomy":"product_brand","embeddable":true,"href":"http:\/\/mod.wisdar.net\/tr\/wp-json\/wp\/v2\/product_brand?post=166126"},{"taxonomy":"product_cat","embeddable":true,"href":"http:\/\/mod.wisdar.net\/tr\/wp-json\/wp\/v2\/product_cat?post=166126"},{"taxonomy":"product_tag","embeddable":true,"href":"http:\/\/mod.wisdar.net\/tr\/wp-json\/wp\/v2\/product_tag?post=166126"}],"curies":[{"name":"wp","href":"https:\/\/api.w.org\/{rel}","templated":true}]}}