{"id":166162,"date":"2026-03-05T13:56:17","date_gmt":"2026-03-05T13:56:17","guid":{"rendered":"https:\/\/modesthanim.com\/product\/erkek-cocuk-dokulu-uzun-kollu-polo-yaka-sweatshirt\/"},"modified":"2026-04-15T21:50:06","modified_gmt":"2026-04-15T21:50:06","slug":"erkek-cocuk-dokulu-uzun-kollu-polo-yaka-sweatshirt","status":"publish","type":"product","link":"http:\/\/mod.wisdar.net\/tr\/urun\/erkek-cocuk-dokulu-uzun-kollu-polo-yaka-sweatshirt\/","title":{"rendered":"Erkek \u00c7ocuk Dokulu Uzun Kollu Polo Yaka Sweatshirt"},"content":{"rendered":"<p>Sweatshirt, polo yaka detay\u0131yla klasik ve modern bir g\u00f6r\u00fcn\u00fcm sunuyor. Uzun kollu tasar\u0131m\u0131 ile serin havalarda s\u0131cakl\u0131k sa\u011flarken, waffle dokusu ile ekstra konfor sunuyor. Hem g\u00fcnl\u00fck kullan\u0131m hem de \u00f6zel g\u00fcnler i\u00e7in ideal bir par\u00e7a olarak \u00f6ne \u00e7\u0131k\u0131yor.<\/p>\n<p>\u00dcr\u00fcn \u00d6zellikleri<\/p>\n<p>Kol Tipi: Uzun Kol<br \/>\nYaka Tipi: Polo Yaka<br \/>\nKullan\u0131m Alan\u0131: G\u00fcnl\u00fck Giyim, Spor Giyim<\/p>\n<p>Koton erkek \u00e7ocuk koleksiyonu, miniklerin enerjisini yans\u0131t\u0131yor. Rahat ve kullan\u0131\u015fl\u0131 tasar\u0131mlar\u0131yla dikkat \u00e7eken par\u00e7alar ebeveynlerin ilk tercihi oluyor!<\/p>\n","protected":false},"excerpt":{"rendered":"<p>Sweatshirt, polo yaka detay\u0131yla klasik ve modern bir g\u00f6r\u00fcn\u00fcm sunuyor. Uzun kollu tasar\u0131m\u0131 ile serin havalarda s\u0131cakl\u0131k sa\u011flarken, waffle dokusu ile ekstra konfor sunuyor. Hem g\u00fcnl\u00fck kullan\u0131m hem de \u00f6zel g\u00fcnler i\u00e7in ideal bir par\u00e7a olarak \u00f6ne \u00e7\u0131k\u0131yor. \u00dcr\u00fcn \u00d6zellikleri Kol Tipi: Uzun Kol Yaka Tipi: Polo Yaka Kullan\u0131m Alan\u0131: G\u00fcnl\u00fck Giyim, Spor Giyim Koton [&hellip;]<\/p>\n","protected":false},"featured_media":166159,"comment_status":"open","ping_status":"closed","template":"","meta":[],"product_brand":[],"product_cat":[8739,8751,8694,8742],"product_tag":[7913,7426,7424,7422,6768],"class_list":{"0":"post-166162","1":"product","2":"type-product","3":"status-publish","4":"has-post-thumbnail","6":"product_cat-erkek-cocuklar-2-14-yas","7":"product_cat-kapusonlular","8":"product_cat-cocuklar","9":"product_cat-tisortler-gomlekler","10":"product_tag-bogazli","11":"product_tag-gunluk-giyim-3","12":"product_tag-spor-giyim","13":"product_tag-sweatshirt","14":"product_tag-uzun-kol","15":"pa_brand-koton","16":"pa_color-lacivert","17":"pa_size-11-12-yas-2","18":"pa_size-4-5-yas-2","19":"pa_size-5-6-yas-2","20":"pa_size-6-7-yas-2","21":"pa_size-7-8-yas-2","22":"pa_size-9-10-yas-2","24":"first","25":"outofstock","26":"shipping-taxable","27":"product-type-variable"},"_links":{"self":[{"href":"http:\/\/mod.wisdar.net\/tr\/wp-json\/wp\/v2\/product\/166162","targetHints":{"allow":["GET"]}}],"collection":[{"href":"http:\/\/mod.wisdar.net\/tr\/wp-json\/wp\/v2\/product"}],"about":[{"href":"http:\/\/mod.wisdar.net\/tr\/wp-json\/wp\/v2\/types\/product"}],"replies":[{"embeddable":true,"href":"http:\/\/mod.wisdar.net\/tr\/wp-json\/wp\/v2\/comments?post=166162"}],"wp:featuredmedia":[{"embeddable":true,"href":"http:\/\/mod.wisdar.net\/tr\/wp-json\/wp\/v2\/media\/166159"}],"wp:attachment":[{"href":"http:\/\/mod.wisdar.net\/tr\/wp-json\/wp\/v2\/media?parent=166162"}],"wp:term":[{"taxonomy":"product_brand","embeddable":true,"href":"http:\/\/mod.wisdar.net\/tr\/wp-json\/wp\/v2\/product_brand?post=166162"},{"taxonomy":"product_cat","embeddable":true,"href":"http:\/\/mod.wisdar.net\/tr\/wp-json\/wp\/v2\/product_cat?post=166162"},{"taxonomy":"product_tag","embeddable":true,"href":"http:\/\/mod.wisdar.net\/tr\/wp-json\/wp\/v2\/product_tag?post=166162"}],"curies":[{"name":"wp","href":"https:\/\/api.w.org\/{rel}","templated":true}]}}