{"id":174146,"date":"2026-03-14T09:02:14","date_gmt":"2026-03-14T09:02:14","guid":{"rendered":"https:\/\/modesthanim.com\/product\/emosh-britli-dugmeli-uzun-tunik-siyah\/"},"modified":"2026-04-05T02:23:53","modified_gmt":"2026-04-05T02:23:53","slug":"emosh-britli-dugmeli-uzun-tunik-siyah","status":"publish","type":"product","link":"http:\/\/mod.wisdar.net\/tr\/urun\/emosh-britli-dugmeli-uzun-tunik-siyah\/","title":{"rendered":"Emosh Britli D\u00fc\u011fmeli Uzun Tunik S\u0130YAH"},"content":{"rendered":"<p>G\u00f6mlek yakal\u0131 \u00f6nden britli kaplama d\u00fc\u011fmeli ve kuma\u015f kaplama kemerli tek cepli uzun tunik.<\/p>\n<p>Bak\u0131m Ve Y\u0131kama<\/p>\n<p>\u00d6ncelikle sat\u0131n alm\u0131\u015f oldu\u011funuz \u00fcr\u00fcn i\u00e7in \u00f6nerdi\u011fimiz en sa\u011fl\u0131kl\u0131 temizleme y\u00f6ntemi; elde so\u011fuk suda deterjans\u0131z bir y\u0131kama ve sererek kurutmad\u0131r.<br \/>\nMakinada y\u0131kama yapmak isteyen m\u00fc\u015fterilerimiz i\u00e7in; \u00f6ncelikle en \u00f6nemli a\u015fama \u00fcr\u00fcn\u00fc ters \u00e7evirmektir.<br \/>\n\u00dcr\u00fcn\u00fc ters \u00e7evirerek 20 derece so\u011fuk suda deterjan kullanmadan y\u0131kama yap\u0131n\u0131z.<br \/>\n\u00c7ama\u015f\u0131r suyu, beyazlat\u0131c\u0131 kullanmay\u0131n\u0131z. Ters taraftan ve d\u00fc\u015f\u00fck \u0131s\u0131da \u00fct\u00fcleme yap\u0131n\u0131z.<br \/>\n\u00dcr\u00fcn\u00fc makina i\u00e7erisinde kesinlikle tek ba\u015f\u0131na y\u0131kama yap\u0131n\u0131z. \u00dcr\u00fcn kurutma makinas\u0131na at\u0131lmadan sererek kurutulmal\u0131d\u0131r.<br \/>\nKuru temizleme yap\u0131labilir.<br \/>\nYIKAMA TAL\u0130MATINA G\u00d6RE YIKANMAZSA \u00dcR\u00dcN HASAR G\u00d6RECEKT\u0130R. DO\u011eAL ELYAF \u0130PL\u0130K \u0130\u00c7ERD\u0130\u011e\u0130 \u0130\u00c7\u0130N \u00dcR\u00dcN\u00dcN RENG\u0130 DO\u011eAL OLARAK YIKANDIK\u00c7A A\u00c7ILACAKTIR.<br \/>\nKUMA\u015eIN VE \u0130PL\u0130\u011e\u0130N DO\u011eAL YAPISI GERE\u011e\u0130 YIKAMA SONRASI BEL\u0130RL\u0130 ORANLARDA \u00c7EKME MEYDANA GELEB\u0130L\u0130R.<br \/>\nBU DURUM \u00dcRET\u0130M A\u015eAMASINDA D\u0130KKATE ALINMI\u015eTIR. \u00dcR\u00dcN \u0130LK YIKAMA SONRASI \u0130DEAL FORMUNA ULA\u015eACAKTIR.<br \/>\nELDE YIKAMA TAVS\u0130YE ED\u0130L\u0130R.<\/p>\n<p>\u2014 Technical Details \u2014<br \/>\nKuma\u015f: LYOCELL<br \/>\nKar\u0131\u015f\u0131m: %70 LYOCELL %30 VISCOSE<\/p>\n","protected":false},"excerpt":{"rendered":"<p>G\u00f6mlek yakal\u0131 \u00f6nden britli kaplama d\u00fc\u011fmeli ve kuma\u015f kaplama kemerli tek cepli uzun tunik. Bak\u0131m Ve Y\u0131kama \u00d6ncelikle sat\u0131n alm\u0131\u015f oldu\u011funuz \u00fcr\u00fcn i\u00e7in \u00f6nerdi\u011fimiz en sa\u011fl\u0131kl\u0131 temizleme y\u00f6ntemi; elde so\u011fuk suda deterjans\u0131z bir y\u0131kama ve sererek kurutmad\u0131r. Makinada y\u0131kama yapmak isteyen m\u00fc\u015fterilerimiz i\u00e7in; \u00f6ncelikle en \u00f6nemli a\u015fama \u00fcr\u00fcn\u00fc ters \u00e7evirmektir. \u00dcr\u00fcn\u00fc ters \u00e7evirerek 20 derece [&hellip;]<\/p>\n","protected":false},"featured_media":174140,"comment_status":"open","ping_status":"closed","template":"","meta":[],"product_brand":[],"product_cat":[2050],"product_tag":[6771],"class_list":{"0":"post-174146","1":"product","2":"type-product","3":"status-publish","4":"has-post-thumbnail","6":"product_cat-blazer-ceketler","7":"product_tag-gomlek-yaka","8":"pa_brand-hilay","9":"pa_color-siyah","10":"pa_size-4446","11":"pa_size-4463","12":"pa_size-4680","14":"first","15":"outofstock","16":"shipping-taxable","17":"product-type-variable"},"_links":{"self":[{"href":"http:\/\/mod.wisdar.net\/tr\/wp-json\/wp\/v2\/product\/174146","targetHints":{"allow":["GET"]}}],"collection":[{"href":"http:\/\/mod.wisdar.net\/tr\/wp-json\/wp\/v2\/product"}],"about":[{"href":"http:\/\/mod.wisdar.net\/tr\/wp-json\/wp\/v2\/types\/product"}],"replies":[{"embeddable":true,"href":"http:\/\/mod.wisdar.net\/tr\/wp-json\/wp\/v2\/comments?post=174146"}],"wp:featuredmedia":[{"embeddable":true,"href":"http:\/\/mod.wisdar.net\/tr\/wp-json\/wp\/v2\/media\/174140"}],"wp:attachment":[{"href":"http:\/\/mod.wisdar.net\/tr\/wp-json\/wp\/v2\/media?parent=174146"}],"wp:term":[{"taxonomy":"product_brand","embeddable":true,"href":"http:\/\/mod.wisdar.net\/tr\/wp-json\/wp\/v2\/product_brand?post=174146"},{"taxonomy":"product_cat","embeddable":true,"href":"http:\/\/mod.wisdar.net\/tr\/wp-json\/wp\/v2\/product_cat?post=174146"},{"taxonomy":"product_tag","embeddable":true,"href":"http:\/\/mod.wisdar.net\/tr\/wp-json\/wp\/v2\/product_tag?post=174146"}],"curies":[{"name":"wp","href":"https:\/\/api.w.org\/{rel}","templated":true}]}}