{"id":177058,"date":"2026-03-24T10:47:16","date_gmt":"2026-03-24T10:47:16","guid":{"rendered":"https:\/\/modesthanim.com\/product\/klasik-saten-bluz-siyah\/"},"modified":"2026-04-15T21:42:39","modified_gmt":"2026-04-15T21:42:39","slug":"klasik-saten-bluz-siyah","status":"publish","type":"product","link":"http:\/\/mod.wisdar.net\/tr\/urun\/klasik-saten-bluz-siyah\/","title":{"rendered":"Klasik Saten Bluz Siyah"},"content":{"rendered":"<p>Beden Yard\u0131m Rehberi<\/p>\n<p>BEDEN KILAVUZU<\/p>\n<p>\u00d6l\u00e7\u00fcler\tS\tM\tL<br \/>\nBoy\t60 cm\t60,5 cm\t61 cm<br \/>\nG\u00f6\u011f\u00fcs \u00c7evresi\t134 cm\t138 cm\t142 cm<br \/>\nKol\t62 cm\t62,4 cm\t62,8 cm<\/p>\n<p>\u2014 Teknik Detaylar \u2014<br \/>\nMarka: Minik Terzi<br \/>\nSezon: MEVS\u0130ML\u0130K<br \/>\nCinsiyet: Kad\u0131n<br \/>\nMalzeme: Pes<br \/>\nKuma\u015f \u0130\u00e7eri\u011fi: %100 Pes<br \/>\nKal\u0131p: Tam Kal\u0131p<br \/>\nKol Boyu: Uzun Kollu<br \/>\nYaka Tipi: Y\u00fcksek Yaka<br \/>\nMankenin Giydi\u011fi Beden: S Beden<br \/>\nBak\u0131m Talimat\u0131: Elde y\u0131kamay\u0131n\u0131z, kuru temizleme yap\u0131n\u0131z.<\/p>\n","protected":false},"excerpt":{"rendered":"<p>Beden Yard\u0131m Rehberi BEDEN KILAVUZU \u00d6l\u00e7\u00fcler S M L Boy 60 cm 60,5 cm 61 cm G\u00f6\u011f\u00fcs \u00c7evresi 134 cm 138 cm 142 cm Kol 62 cm 62,4 cm 62,8 cm \u2014 Teknik Detaylar \u2014 Marka: Minik Terzi Sezon: MEVS\u0130ML\u0130K Cinsiyet: Kad\u0131n Malzeme: Pes Kuma\u015f \u0130\u00e7eri\u011fi: %100 Pes Kal\u0131p: Tam Kal\u0131p Kol Boyu: Uzun Kollu [&hellip;]<\/p>\n","protected":false},"featured_media":177049,"comment_status":"open","ping_status":"closed","template":"","meta":[],"product_brand":[],"product_cat":[1909],"product_tag":[],"class_list":{"0":"post-177058","1":"product","2":"type-product","3":"status-publish","4":"has-post-thumbnail","6":"product_cat-bluzlar-ve-gomlekler","7":"pa_brand-minik-terzi","8":"pa_color-siyah","9":"pa_size-l","10":"pa_size-m","11":"pa_size-s","13":"first","14":"instock","15":"sale","16":"shipping-taxable","17":"purchasable","18":"product-type-variable"},"_links":{"self":[{"href":"http:\/\/mod.wisdar.net\/tr\/wp-json\/wp\/v2\/product\/177058","targetHints":{"allow":["GET"]}}],"collection":[{"href":"http:\/\/mod.wisdar.net\/tr\/wp-json\/wp\/v2\/product"}],"about":[{"href":"http:\/\/mod.wisdar.net\/tr\/wp-json\/wp\/v2\/types\/product"}],"replies":[{"embeddable":true,"href":"http:\/\/mod.wisdar.net\/tr\/wp-json\/wp\/v2\/comments?post=177058"}],"wp:featuredmedia":[{"embeddable":true,"href":"http:\/\/mod.wisdar.net\/tr\/wp-json\/wp\/v2\/media\/177049"}],"wp:attachment":[{"href":"http:\/\/mod.wisdar.net\/tr\/wp-json\/wp\/v2\/media?parent=177058"}],"wp:term":[{"taxonomy":"product_brand","embeddable":true,"href":"http:\/\/mod.wisdar.net\/tr\/wp-json\/wp\/v2\/product_brand?post=177058"},{"taxonomy":"product_cat","embeddable":true,"href":"http:\/\/mod.wisdar.net\/tr\/wp-json\/wp\/v2\/product_cat?post=177058"},{"taxonomy":"product_tag","embeddable":true,"href":"http:\/\/mod.wisdar.net\/tr\/wp-json\/wp\/v2\/product_tag?post=177058"}],"curies":[{"name":"wp","href":"https:\/\/api.w.org\/{rel}","templated":true}]}}