{"id":178452,"date":"2026-03-24T12:08:26","date_gmt":"2026-03-24T12:08:26","guid":{"rendered":"https:\/\/modesthanim.com\/product\/kol-katmanli-gomlek-haki\/"},"modified":"2026-04-11T12:02:47","modified_gmt":"2026-04-11T12:02:47","slug":"kol-katmanli-gomlek-haki","status":"publish","type":"product","link":"http:\/\/mod.wisdar.net\/tr\/urun\/kol-katmanli-gomlek-haki\/","title":{"rendered":"Kol Katmanl\u0131 G\u00f6mlek Haki"},"content":{"rendered":"<p>Beden Yard\u0131m Rehberi <\/p>\n<p>BEDEN KILAVUZU<\/p>\n<p>\u00a0<\/p>\n<p>\t\t\t\u00d6l\u00e7\u00fcler<br \/>\n\t\t\tS<br \/>\n\t\t\tM<br \/>\n\t\t\tL<br \/>\n\t\t\tXL<\/p>\n<p>\t\t\tBoy<br \/>\n\t\t\t60 cm<br \/>\n\t\t\t60,5 cm<br \/>\n\t\t\t61 cm<br \/>\n\t\t\t61,5 cm<\/p>\n<p>\t\t\tG\u00f6\u011f\u00fcs \u00c7evresi<br \/>\n\t\t\t116 cm<br \/>\n\t\t\t120 cm<br \/>\n\t\t\t124 cm<br \/>\n\t\t\t128 cm<\/p>\n<p>\t\t\tKol<br \/>\n\t\t\t69 cm<br \/>\n\t\t\t69,5 cm<br \/>\n\t\t\t70 cm<br \/>\n\t\t\t70,5 cm<\/p>\n<p>\u2014 Technical Details \u2014<br \/>\nMarka: Minik Terzi<br \/>\nSezon: MEVS\u0130ML\u0130K<br \/>\nCinsiyet: Kad\u0131n<br \/>\nMalzeme: Tensel<br \/>\nKuma\u015f \u0130\u00e7eri\u011fi: %90 tensel %10 pes<br \/>\nKal\u0131p: Tam Kal\u0131p<br \/>\nKol Boyu: Uzun Kollu<br \/>\nYaka Tipi: Bisiklet Yaka<br \/>\nMankenin Giydi\u011fi Beden: S Beden<br \/>\nA\u00e7\u0131klama: Elde y\u0131kanmaz kuru temizleme yap\u0131n\u0131z.<\/p>\n","protected":false},"excerpt":{"rendered":"<p>Beden Yard\u0131m Rehberi BEDEN KILAVUZU \u00a0 \u00d6l\u00e7\u00fcler S M L XL Boy 60 cm 60,5 cm 61 cm 61,5 cm G\u00f6\u011f\u00fcs \u00c7evresi 116 cm 120 cm 124 cm 128 cm Kol 69 cm 69,5 cm 70 cm 70,5 cm \u2014 Technical Details \u2014 Marka: Minik Terzi Sezon: MEVS\u0130ML\u0130K Cinsiyet: Kad\u0131n Malzeme: Tensel Kuma\u015f \u0130\u00e7eri\u011fi: %90 [&hellip;]<\/p>\n","protected":false},"featured_media":178440,"comment_status":"open","ping_status":"closed","template":"","meta":[],"product_brand":[],"product_cat":[1909],"product_tag":[7426,6744,6768],"class_list":{"0":"post-178452","1":"product","2":"type-product","3":"status-publish","4":"has-post-thumbnail","6":"product_cat-bluzlar-ve-gomlekler","7":"product_tag-gunluk-giyim-3","8":"product_tag-kadin-modasi","9":"product_tag-uzun-kol","10":"pa_brand-minik-terzi","11":"pa_color-haki","12":"pa_size-l","13":"pa_size-m","14":"pa_size-s","15":"pa_size-xl","17":"first","18":"instock","19":"sale","20":"shipping-taxable","21":"purchasable","22":"product-type-variable"},"_links":{"self":[{"href":"http:\/\/mod.wisdar.net\/tr\/wp-json\/wp\/v2\/product\/178452","targetHints":{"allow":["GET"]}}],"collection":[{"href":"http:\/\/mod.wisdar.net\/tr\/wp-json\/wp\/v2\/product"}],"about":[{"href":"http:\/\/mod.wisdar.net\/tr\/wp-json\/wp\/v2\/types\/product"}],"replies":[{"embeddable":true,"href":"http:\/\/mod.wisdar.net\/tr\/wp-json\/wp\/v2\/comments?post=178452"}],"wp:featuredmedia":[{"embeddable":true,"href":"http:\/\/mod.wisdar.net\/tr\/wp-json\/wp\/v2\/media\/178440"}],"wp:attachment":[{"href":"http:\/\/mod.wisdar.net\/tr\/wp-json\/wp\/v2\/media?parent=178452"}],"wp:term":[{"taxonomy":"product_brand","embeddable":true,"href":"http:\/\/mod.wisdar.net\/tr\/wp-json\/wp\/v2\/product_brand?post=178452"},{"taxonomy":"product_cat","embeddable":true,"href":"http:\/\/mod.wisdar.net\/tr\/wp-json\/wp\/v2\/product_cat?post=178452"},{"taxonomy":"product_tag","embeddable":true,"href":"http:\/\/mod.wisdar.net\/tr\/wp-json\/wp\/v2\/product_tag?post=178452"}],"curies":[{"name":"wp","href":"https:\/\/api.w.org\/{rel}","templated":true}]}}