{"id":182109,"date":"2026-03-27T14:26:59","date_gmt":"2026-03-27T14:26:59","guid":{"rendered":"https:\/\/modesthanim.com\/product\/oversize-gomlek-yaka-keten-karisimli-kisa-kollu-gomlek\/"},"modified":"2026-04-15T22:57:10","modified_gmt":"2026-04-15T22:57:10","slug":"oversize-gomlek-yaka-keten-karisimli-kisa-kollu-gomlek","status":"publish","type":"product","link":"http:\/\/mod.wisdar.net\/tr\/urun\/oversize-gomlek-yaka-keten-karisimli-kisa-kollu-gomlek\/","title":{"rendered":"Overs\u0131ze G\u00f6mlek Yaka Keten Kar\u0131\u015f\u0131ml\u0131 K\u0131sa Kollu G\u00f6mlek"},"content":{"rendered":"<p>Arad\u0131\u011f\u0131n Lacivert Kad\u0131n Overs\u0131ze G\u00f6mlek Yaka Keten Kar\u0131\u015f\u0131ml\u0131 K\u0131sa Kollu G\u00f6mlek en uygun fiyatla DeFacto&#8217;da! Yeni sezon Lacivert Kad\u0131n Overs\u0131ze G\u00f6mlek Yaka Keten Kar\u0131\u015f\u0131ml\u0131 K\u0131sa Kollu G\u00f6mlek i\u00e7in hemen DeFacto&#8217;ya t\u0131kla!<\/p>\n<p>\u2014 Technical Details \u2014<br \/>\nproduct_type: K\u0131sa Kollu G\u00f6mlek<br \/>\ncollar: G\u00f6mlek Yaka<br \/>\nfabric: Keten Kar\u0131\u015f\u0131ml\u0131<br \/>\ngender: Kad\u0131n<br \/>\ncolor: Lacivert<br \/>\nfit: Overs\u0131ze<br \/>\norigin: TR<br \/>\nproduct_group: Kad\u0131n G\u00f6mlek<br \/>\nmodel_measurements: M Beden \u2013 1,74cm \u2013 78\/60\/89<\/p>\n","protected":false},"excerpt":{"rendered":"<p>Arad\u0131\u011f\u0131n Lacivert Kad\u0131n Overs\u0131ze G\u00f6mlek Yaka Keten Kar\u0131\u015f\u0131ml\u0131 K\u0131sa Kollu G\u00f6mlek en uygun fiyatla DeFacto&#8217;da! Yeni sezon Lacivert Kad\u0131n Overs\u0131ze G\u00f6mlek Yaka Keten Kar\u0131\u015f\u0131ml\u0131 K\u0131sa Kollu G\u00f6mlek i\u00e7in hemen DeFacto&#8217;ya t\u0131kla! \u2014 Technical Details \u2014 product_type: K\u0131sa Kollu G\u00f6mlek collar: G\u00f6mlek Yaka fabric: Keten Kar\u0131\u015f\u0131ml\u0131 gender: Kad\u0131n color: Lacivert fit: Overs\u0131ze origin: TR product_group: Kad\u0131n [&hellip;]<\/p>\n","protected":false},"featured_media":182100,"comment_status":"open","ping_status":"closed","template":"","meta":[],"product_brand":[],"product_cat":[1909],"product_tag":[7426,6744],"class_list":{"0":"post-182109","1":"product","2":"type-product","3":"status-publish","4":"has-post-thumbnail","6":"product_cat-bluzlar-ve-gomlekler","7":"product_tag-gunluk-giyim-3","8":"product_tag-kadin-modasi","9":"pa_brand-defacto","10":"pa_color-lacivert","11":"pa_size-l","12":"pa_size-m","13":"pa_size-s","14":"pa_size-xl","15":"pa_size-xs","17":"first","18":"instock","19":"shipping-taxable","20":"purchasable","21":"product-type-variable"},"_links":{"self":[{"href":"http:\/\/mod.wisdar.net\/tr\/wp-json\/wp\/v2\/product\/182109","targetHints":{"allow":["GET"]}}],"collection":[{"href":"http:\/\/mod.wisdar.net\/tr\/wp-json\/wp\/v2\/product"}],"about":[{"href":"http:\/\/mod.wisdar.net\/tr\/wp-json\/wp\/v2\/types\/product"}],"replies":[{"embeddable":true,"href":"http:\/\/mod.wisdar.net\/tr\/wp-json\/wp\/v2\/comments?post=182109"}],"wp:featuredmedia":[{"embeddable":true,"href":"http:\/\/mod.wisdar.net\/tr\/wp-json\/wp\/v2\/media\/182100"}],"wp:attachment":[{"href":"http:\/\/mod.wisdar.net\/tr\/wp-json\/wp\/v2\/media?parent=182109"}],"wp:term":[{"taxonomy":"product_brand","embeddable":true,"href":"http:\/\/mod.wisdar.net\/tr\/wp-json\/wp\/v2\/product_brand?post=182109"},{"taxonomy":"product_cat","embeddable":true,"href":"http:\/\/mod.wisdar.net\/tr\/wp-json\/wp\/v2\/product_cat?post=182109"},{"taxonomy":"product_tag","embeddable":true,"href":"http:\/\/mod.wisdar.net\/tr\/wp-json\/wp\/v2\/product_tag?post=182109"}],"curies":[{"name":"wp","href":"https:\/\/api.w.org\/{rel}","templated":true}]}}