{"id":182800,"date":"2026-03-27T14:52:01","date_gmt":"2026-03-27T14:52:01","guid":{"rendered":"https:\/\/modesthanim.com\/product\/pis-dikisli-tul-etek-cagla\/"},"modified":"2026-03-27T15:09:51","modified_gmt":"2026-03-27T15:09:51","slug":"pis-dikisli-tul-etek-cagla","status":"publish","type":"product","link":"http:\/\/mod.wisdar.net\/tr\/urun\/pis-dikisli-tul-etek-cagla\/","title":{"rendered":"Pis Diki\u015fli T\u00fcl Etek \u00c7a\u011fla"},"content":{"rendered":"<p>Beden Yard\u0131m Rehberi <\/p>\n<p>BEDEN KILAVUZU<\/p>\n<p>\u00a0<\/p>\n<p>\t\t\t\u00d6l\u00e7\u00fcler<br \/>\n\t\t\t36<br \/>\n\t\t\t38<br \/>\n\t\t\t40<br \/>\n\t\t\t42<\/p>\n<p>\t\t\tBoy<br \/>\n\t\t\t95 cm<br \/>\n\t\t\t95 cm<br \/>\n\t\t\t95 cm<br \/>\n\t\t\t95 cm<\/p>\n<p>\t\t\tBel<br \/>\n\t\t\t72 cm<br \/>\n\t\t\t76 cm<br \/>\n\t\t\t80 cm<br \/>\n\t\t\t84 cm<\/p>\n<p>\t\t\tBasen<br \/>\n\t\t\t164 cm<br \/>\n\t\t\t168 cm<br \/>\n\t\t\t172 cm<br \/>\n\t\t\t176 cm<\/p>\n<p>\u2014 Technical Details \u2014<br \/>\n\u00dcr\u00fcn Hakk\u0131nda: Astarl\u0131d\u0131r.<br \/>\nMarka: Minik Terzi<br \/>\nSezon: YAZ<br \/>\nCinsiyet: Kad\u0131n<br \/>\nMalzeme: Polyester<br \/>\nKuma\u015f \u0130\u00e7eri\u011fi: %75 Polyester %25 Polyamid<br \/>\nKal\u0131p: Tam Kal\u0131p<br \/>\nManken \u00d6l\u00e7\u00fcleri: 1,75<br \/>\nMankenin Giydi\u011fi Beden: 36<br \/>\nA\u00e7\u0131klama: Elde y\u0131kanmaz kuru temizleme yap\u0131n\u0131z.<\/p>\n","protected":false},"excerpt":{"rendered":"<p>Beden Yard\u0131m Rehberi BEDEN KILAVUZU \u00a0 \u00d6l\u00e7\u00fcler 36 38 40 42 Boy 95 cm 95 cm 95 cm 95 cm Bel 72 cm 76 cm 80 cm 84 cm Basen 164 cm 168 cm 172 cm 176 cm \u2014 Technical Details \u2014 \u00dcr\u00fcn Hakk\u0131nda: Astarl\u0131d\u0131r. Marka: Minik Terzi Sezon: YAZ Cinsiyet: Kad\u0131n Malzeme: Polyester Kuma\u015f [&hellip;]<\/p>\n","protected":false},"featured_media":182788,"comment_status":"open","ping_status":"closed","template":"","meta":[],"product_brand":[],"product_cat":[1969],"product_tag":[6744,7959],"class_list":{"0":"post-182800","1":"product","2":"type-product","3":"status-publish","4":"has-post-thumbnail","6":"product_cat-etekler","7":"product_tag-kadin-modasi","8":"product_tag-resmi-giyim","9":"pa_brand-minik-terzi","10":"pa_color-cagla","11":"pa_size-4701","12":"pa_size-4706","13":"pa_size-4711","14":"pa_size-4713","16":"first","17":"instock","18":"sale","19":"shipping-taxable","20":"purchasable","21":"product-type-variable"},"_links":{"self":[{"href":"http:\/\/mod.wisdar.net\/tr\/wp-json\/wp\/v2\/product\/182800","targetHints":{"allow":["GET"]}}],"collection":[{"href":"http:\/\/mod.wisdar.net\/tr\/wp-json\/wp\/v2\/product"}],"about":[{"href":"http:\/\/mod.wisdar.net\/tr\/wp-json\/wp\/v2\/types\/product"}],"replies":[{"embeddable":true,"href":"http:\/\/mod.wisdar.net\/tr\/wp-json\/wp\/v2\/comments?post=182800"}],"wp:featuredmedia":[{"embeddable":true,"href":"http:\/\/mod.wisdar.net\/tr\/wp-json\/wp\/v2\/media\/182788"}],"wp:attachment":[{"href":"http:\/\/mod.wisdar.net\/tr\/wp-json\/wp\/v2\/media?parent=182800"}],"wp:term":[{"taxonomy":"product_brand","embeddable":true,"href":"http:\/\/mod.wisdar.net\/tr\/wp-json\/wp\/v2\/product_brand?post=182800"},{"taxonomy":"product_cat","embeddable":true,"href":"http:\/\/mod.wisdar.net\/tr\/wp-json\/wp\/v2\/product_cat?post=182800"},{"taxonomy":"product_tag","embeddable":true,"href":"http:\/\/mod.wisdar.net\/tr\/wp-json\/wp\/v2\/product_tag?post=182800"}],"curies":[{"name":"wp","href":"https:\/\/api.w.org\/{rel}","templated":true}]}}