{"id":183440,"date":"2026-03-27T22:13:20","date_gmt":"2026-03-27T22:13:20","guid":{"rendered":"https:\/\/modesthanim.com\/product\/desenli-elbise-kiz-bebek-2\/"},"modified":"2026-03-27T22:16:17","modified_gmt":"2026-03-27T22:16:17","slug":"desenli-elbise-kiz-bebek-2","status":"publish","type":"product","link":"http:\/\/mod.wisdar.net\/tr\/urun\/desenli-elbise-kiz-bebek-2\/","title":{"rendered":"Desenli Elbise K\u0131z Bebek"},"content":{"rendered":"<p>K\u0131z bebek desenli elbise, yumu\u015fak ve hafif kuma\u015f\u0131yla g\u00fcn boyu rahatl\u0131k sa\u011flar. Canl\u0131 desenleri ve sevimli tasar\u0131m\u0131 sayesinde g\u00fcnl\u00fck kullan\u0131mda veya \u00f6zel g\u00fcnlerde miniklere \u015f\u0131k bir g\u00f6r\u00fcn\u00fcm kazand\u0131r\u0131r<\/p>\n","protected":false},"excerpt":{"rendered":"<p>K\u0131z bebek desenli elbise, yumu\u015fak ve hafif kuma\u015f\u0131yla g\u00fcn boyu rahatl\u0131k sa\u011flar. Canl\u0131 desenleri ve sevimli tasar\u0131m\u0131 sayesinde g\u00fcnl\u00fck kullan\u0131mda veya \u00f6zel g\u00fcnlerde miniklere \u015f\u0131k bir g\u00f6r\u00fcn\u00fcm kazand\u0131r\u0131r<\/p>\n","protected":false},"featured_media":183437,"comment_status":"open","ping_status":"closed","template":"","meta":[],"product_brand":[],"product_cat":[8712,8718,8715,8694,8697],"product_tag":[],"class_list":{"0":"post-183440","1":"product","2":"type-product","3":"status-publish","4":"has-post-thumbnail","6":"product_cat-bebek-elbiseleri","7":"product_cat-elbiseler-etekler","8":"product_cat-kiz-cocuklari-2-14-yas","9":"product_cat-cocuklar","10":"product_cat-yenidogan-0-12-ay","11":"pa_brand-defacto","12":"pa_color-siyah","13":"pa_size-12-18-ay-86cm","14":"pa_size-18-24-ay-92cm","15":"pa_size-5-6-yas-116cm","16":"pa_size-9-12-ay-80cm","18":"first","19":"instock","20":"sale","21":"shipping-taxable","22":"purchasable","23":"product-type-variable"},"_links":{"self":[{"href":"http:\/\/mod.wisdar.net\/tr\/wp-json\/wp\/v2\/product\/183440","targetHints":{"allow":["GET"]}}],"collection":[{"href":"http:\/\/mod.wisdar.net\/tr\/wp-json\/wp\/v2\/product"}],"about":[{"href":"http:\/\/mod.wisdar.net\/tr\/wp-json\/wp\/v2\/types\/product"}],"replies":[{"embeddable":true,"href":"http:\/\/mod.wisdar.net\/tr\/wp-json\/wp\/v2\/comments?post=183440"}],"wp:featuredmedia":[{"embeddable":true,"href":"http:\/\/mod.wisdar.net\/tr\/wp-json\/wp\/v2\/media\/183437"}],"wp:attachment":[{"href":"http:\/\/mod.wisdar.net\/tr\/wp-json\/wp\/v2\/media?parent=183440"}],"wp:term":[{"taxonomy":"product_brand","embeddable":true,"href":"http:\/\/mod.wisdar.net\/tr\/wp-json\/wp\/v2\/product_brand?post=183440"},{"taxonomy":"product_cat","embeddable":true,"href":"http:\/\/mod.wisdar.net\/tr\/wp-json\/wp\/v2\/product_cat?post=183440"},{"taxonomy":"product_tag","embeddable":true,"href":"http:\/\/mod.wisdar.net\/tr\/wp-json\/wp\/v2\/product_tag?post=183440"}],"curies":[{"name":"wp","href":"https:\/\/api.w.org\/{rel}","templated":true}]}}