{"id":184556,"date":"2026-03-29T18:27:58","date_gmt":"2026-03-29T18:27:58","guid":{"rendered":"https:\/\/modesthanim.com\/product\/nakisli-buzgulu-etek-murdum\/"},"modified":"2026-03-29T18:28:28","modified_gmt":"2026-03-29T18:28:28","slug":"nakisli-buzgulu-etek-murdum","status":"publish","type":"product","link":"http:\/\/mod.wisdar.net\/tr\/urun\/nakisli-buzgulu-etek-murdum\/","title":{"rendered":"Nak\u0131\u015fl\u0131 B\u00fczg\u00fcl\u00fc Etek M\u00fcrd\u00fcm"},"content":{"rendered":"<p>% 100 Pamuk dokuma kuma\u015ftan, ince kemerli, k\u00f6pr\u00fcl\u00fc, b\u00fczg\u00fcl\u00fc, nak\u0131\u015f detayl\u0131, etek ucu kal\u0131n katlamal\u0131, maxi etek.<\/p>\n<p>36 BEDEN: Uzunluk: 95 cm, Bel: 32 cm, Basen: 53 cm.<\/p>\n<p>38 BEDEN: Uzunluk: 95 cm, Bel: 34 cm, Basen: 55 cm.<\/p>\n<p>40 BEDEN: Uzunluk: 95 cm, Bel: 36 cm, Basen: 57 cm.<\/p>\n<p>\u00dcr\u00fcn \u0130\u00e7eri\u011fi: % 100 Pamuk<\/p>\n","protected":false},"excerpt":{"rendered":"<p>% 100 Pamuk dokuma kuma\u015ftan, ince kemerli, k\u00f6pr\u00fcl\u00fc, b\u00fczg\u00fcl\u00fc, nak\u0131\u015f detayl\u0131, etek ucu kal\u0131n katlamal\u0131, maxi etek. 36 BEDEN: Uzunluk: 95 cm, Bel: 32 cm, Basen: 53 cm. 38 BEDEN: Uzunluk: 95 cm, Bel: 34 cm, Basen: 55 cm. 40 BEDEN: Uzunluk: 95 cm, Bel: 36 cm, Basen: 57 cm. \u00dcr\u00fcn \u0130\u00e7eri\u011fi: % 100 Pamuk<\/p>\n","protected":false},"featured_media":184547,"comment_status":"open","ping_status":"closed","template":"","meta":[],"product_brand":[],"product_cat":[1969],"product_tag":[7826],"class_list":{"0":"post-184556","1":"product","2":"type-product","3":"status-publish","4":"has-post-thumbnail","6":"product_cat-etekler","7":"product_tag-buzgulu-bel","8":"pa_brand-fahhar","9":"pa_color-murdum","10":"pa_size-4701","11":"pa_size-4706","12":"pa_size-4711","14":"first","15":"instock","16":"sale","17":"shipping-taxable","18":"purchasable","19":"product-type-variable"},"_links":{"self":[{"href":"http:\/\/mod.wisdar.net\/tr\/wp-json\/wp\/v2\/product\/184556","targetHints":{"allow":["GET"]}}],"collection":[{"href":"http:\/\/mod.wisdar.net\/tr\/wp-json\/wp\/v2\/product"}],"about":[{"href":"http:\/\/mod.wisdar.net\/tr\/wp-json\/wp\/v2\/types\/product"}],"replies":[{"embeddable":true,"href":"http:\/\/mod.wisdar.net\/tr\/wp-json\/wp\/v2\/comments?post=184556"}],"wp:featuredmedia":[{"embeddable":true,"href":"http:\/\/mod.wisdar.net\/tr\/wp-json\/wp\/v2\/media\/184547"}],"wp:attachment":[{"href":"http:\/\/mod.wisdar.net\/tr\/wp-json\/wp\/v2\/media?parent=184556"}],"wp:term":[{"taxonomy":"product_brand","embeddable":true,"href":"http:\/\/mod.wisdar.net\/tr\/wp-json\/wp\/v2\/product_brand?post=184556"},{"taxonomy":"product_cat","embeddable":true,"href":"http:\/\/mod.wisdar.net\/tr\/wp-json\/wp\/v2\/product_cat?post=184556"},{"taxonomy":"product_tag","embeddable":true,"href":"http:\/\/mod.wisdar.net\/tr\/wp-json\/wp\/v2\/product_tag?post=184556"}],"curies":[{"name":"wp","href":"https:\/\/api.w.org\/{rel}","templated":true}]}}