{"id":184637,"date":"2026-03-29T18:29:44","date_gmt":"2026-03-29T18:29:44","guid":{"rendered":"https:\/\/modesthanim.com\/product\/nakisli-buzgulu-etek-ekru\/"},"modified":"2026-04-12T02:22:21","modified_gmt":"2026-04-12T02:22:21","slug":"nakisli-buzgulu-etek-ekru","status":"publish","type":"product","link":"http:\/\/mod.wisdar.net\/tr\/urun\/nakisli-buzgulu-etek-ekru\/","title":{"rendered":"Nak\u0131\u015fl\u0131 B\u00fczg\u00fcl\u00fc Etek Ekru"},"content":{"rendered":"<p>% 100 Pamuk dokuma kuma\u015ftan, ince kemerli, k\u00f6pr\u00fcl\u00fc, b\u00fczg\u00fcl\u00fc, nak\u0131\u015f detayl\u0131, etek ucu kal\u0131n katlamal\u0131, maxi etek.<\/p>\n<p>36 BEDEN: Uzunluk: 95 cm, Bel: 32 cm, Basen: 53 cm.<\/p>\n<p>38 BEDEN: Uzunluk: 95 cm, Bel: 34 cm, Basen: 55 cm.<\/p>\n<p>40 BEDEN: Uzunluk: 95 cm, Bel: 36 cm, Basen: 57 cm.<\/p>\n<p>\u00dcr\u00fcn \u0130\u00e7eri\u011fi: % 100 Pamuk<\/p>\n","protected":false},"excerpt":{"rendered":"<p>% 100 Pamuk dokuma kuma\u015ftan, ince kemerli, k\u00f6pr\u00fcl\u00fc, b\u00fczg\u00fcl\u00fc, nak\u0131\u015f detayl\u0131, etek ucu kal\u0131n katlamal\u0131, maxi etek. 36 BEDEN: Uzunluk: 95 cm, Bel: 32 cm, Basen: 53 cm. 38 BEDEN: Uzunluk: 95 cm, Bel: 34 cm, Basen: 55 cm. 40 BEDEN: Uzunluk: 95 cm, Bel: 36 cm, Basen: 57 cm. \u00dcr\u00fcn \u0130\u00e7eri\u011fi: % 100 Pamuk<\/p>\n","protected":false},"featured_media":184621,"comment_status":"open","ping_status":"closed","template":"","meta":[],"product_brand":[],"product_cat":[1969],"product_tag":[12053,4273,5065,5051,8514,12050,3330,4354],"class_list":{"0":"post-184637","1":"product","2":"type-product","3":"status-publish","4":"has-post-thumbnail","6":"product_cat-etekler","7":"product_tag-boho-style","8":"product_tag-cotton-skirt","9":"product_tag-ecru-skirt","10":"product_tag-elegant-skirt","11":"product_tag-embroidered-skirt","12":"product_tag-gathered-skirt","13":"product_tag-maxi-skirt","14":"product_tag-summer-fashion","15":"pa_brand-fahhar","16":"pa_color-ekru","17":"pa_size-4701","18":"pa_size-4706","19":"pa_size-4711","21":"first","22":"instock","23":"sale","24":"shipping-taxable","25":"purchasable","26":"product-type-variable"},"_links":{"self":[{"href":"http:\/\/mod.wisdar.net\/tr\/wp-json\/wp\/v2\/product\/184637","targetHints":{"allow":["GET"]}}],"collection":[{"href":"http:\/\/mod.wisdar.net\/tr\/wp-json\/wp\/v2\/product"}],"about":[{"href":"http:\/\/mod.wisdar.net\/tr\/wp-json\/wp\/v2\/types\/product"}],"replies":[{"embeddable":true,"href":"http:\/\/mod.wisdar.net\/tr\/wp-json\/wp\/v2\/comments?post=184637"}],"wp:featuredmedia":[{"embeddable":true,"href":"http:\/\/mod.wisdar.net\/tr\/wp-json\/wp\/v2\/media\/184621"}],"wp:attachment":[{"href":"http:\/\/mod.wisdar.net\/tr\/wp-json\/wp\/v2\/media?parent=184637"}],"wp:term":[{"taxonomy":"product_brand","embeddable":true,"href":"http:\/\/mod.wisdar.net\/tr\/wp-json\/wp\/v2\/product_brand?post=184637"},{"taxonomy":"product_cat","embeddable":true,"href":"http:\/\/mod.wisdar.net\/tr\/wp-json\/wp\/v2\/product_cat?post=184637"},{"taxonomy":"product_tag","embeddable":true,"href":"http:\/\/mod.wisdar.net\/tr\/wp-json\/wp\/v2\/product_tag?post=184637"}],"curies":[{"name":"wp","href":"https:\/\/api.w.org\/{rel}","templated":true}]}}